{"id":1078,"date":"2025-12-19T13:54:13","date_gmt":"2025-12-19T13:54:13","guid":{"rendered":"https:\/\/tienda.brecha.com.uy\/?post_type=product&#038;p=1078"},"modified":"2026-05-04T14:46:56","modified_gmt":"2026-05-04T14:46:56","slug":"70-simpatia-por-el-diablo","status":"publish","type":"product","link":"https:\/\/tienda.brecha.com.uy\/index.php\/producto\/70-simpatia-por-el-diablo\/","title":{"rendered":"#70 simpat\u00eda por el diablo"},"content":{"rendered":"<p><strong><span class=\"field-content\"><span data-slate-fragment=\"JTVCJTdCJTIydHlwZSUyMiUzQSUyMnBhZ2UlMjIlMkMlMjJkYXRhJTIyJTNBJTdCJTIyYnJlYWtwb2ludCUyMiUzQSUyMjQ4MHB4JTIyJTJDJTIyZ2xvYmFsQXR0cmlidXRlcyUyMiUzQSU3QiUyMmZvbnQtZmFtaWx5JTIyJTNBJTIyQXJpYWwlMkMlMjBzYW5zLXNlcmlmJTIyJTdEJTJDJTIyaGVhZFN0eWxlcyUyMiUzQSU1QiU3QiUyMmNvbnRlbnQlMjIlM0ElMjIuZWQtdGV4dC1jb250YWluZXIlMjBwJTIwJTdCJTVDbiUyMCUyMG1hcmdpbiUzQSUyMDAlMjAwJTIwMTBweCUzQiU1Q24lN0QlNUNuLmVkLXRleHQtY29udGFpbmVyJTIwaDElMjAlN0IlNUNuJTIwJTIwJTIwZm9udC1mYW1pbHklM0ElMjBWZXJkYW5hJTJDJTIwR2VuZXZhJTJDJTIwc2Fucy1zZXJpZiUzQiU1Q24lMjBmb250LXNpemUlM0ElMjAxM3B4JTNCJTVDbiU1Q24lN0QlNUNuLmVkLXRleHQtY29udGFpbmVyJTIwaDIlMjAlN0IlNUNuJTIwJTIwJTIwZm9udC1mYW1pbHklM0ElMjBWZXJkYW5hJTJDJTIwR2VuZXZhJTJDJTIwc2Fucy1zZXJpZiUzQiU1Q24lMjBmb250LXNpemUlM0ElMjAxM3B4JTNCJTVDbiU1Q24lN0QlNUNuLmVkLXRleHQtY29udGFpbmVyJTIwaDMlMjAlN0IlNUNuJTIwJTIwJTIwZm9udC1mYW1pbHklM0ElMjBWZXJkYW5hJTJDJTIwR2VuZXZhJTJDJTIwc2Fucy1zZXJpZiUzQiU1Q24lMjBmb250LXNpemUlM0ElMjAyNHB4JTNCJTVDbiU1Q24lN0QlNUNuLmVkLXRleHQtY29udGFpbmVyJTIwaDQlMjAlN0IlNUNuJTIwJTIwJTIwZm9udC1mYW1pbHklM0ElMjBWZXJkYW5hJTJDJTIwR2VuZXZhJTJDJTIwc2Fucy1zZXJpZiUzQiU1Q24lMjBmb250LXNpemUlM0ElMjAxOHB4JTNCJTVDbiU1Q24lN0QlNUNuLmVkLXNlY3Rpb24taGVhZGVyJTIwLmVkLXRleHQtY29udGFpbmVyJTIwJTdCJTVDbmNvbG9yJTNBJTIwJTIzMTExMTExJTNCJTVDbmZvbnQtZmFtaWx5JTNBJTIwVmVyZGFuYSUyQyUyMEdlbmV2YSUyQyUyMHNhbnMtc2VyaWYlM0IlNUNuZm9udC1zaXplJTNBJTIwMTNweCUzQiU1Q24lMjAlMjB0ZXh0LWFsaWduJTNBJTIwbGVmdCUzQiU1Q24lN0QlNUNuLmVkLXNlY3Rpb24taGVhZGVyJTIwLmVkLXRleHQtY29udGFpbmVyJTIwYSUyMCU3QiU1Q24lMjAlMjBjb2xvciUzQSUyMCUyMzAwMDAwMCUzQiU1Q24lMjAlMjBmb250LXdlaWdodCUzQSUyMGJvbGQlM0IlNUNuJTIwJTIwdGV4dC1kZWNvcmF0aW9uJTNBJTIwdW5kZXJsaW5lJTNCJTVDbiU3RCU1Q24uZWQtYmxvY2stNzU4Njg2YTUtZmMzNi00MTczLWI4OGEtYzAwNWFkZGMzNmY2JTIwLmVkLXRleHQtY29udGFpbmVyJTIwJTdCJTVDbiUyMGZvbnQtZmFtaWx5JTNBJTIwVmVyZGFuYSUyQyUyMEdlbmV2YSUyQyUyMHNhbnMtc2VyaWYlM0IlNUNuJTIwdGV4dC1hbGlnbiUzQSUyMGxlZnQlM0IlNUNuJTdEJTVDbi5lZC1ibG9jay1mNzUzNDUzZi00Y2VkLTQyOTAtODJjZi01YzQwYzMzMzBiNjUlMjAuZWQtdGV4dC1jb250YWluZXIlMjAlN0IlNUNuJTIwdGV4dC1hbGlnbiUzQSUyMGNlbnRlciUzQiU1Q24lN0QlNUNuLmVkLWJsb2NrLTAyZDY0NzFlLThhYmQtNGFlMS1iYTdmLWNjMDY3MTNiMjYzOCUyMC5lZC10ZXh0LWNvbnRhaW5lciUyMCU3QiU1Q24lMjBmb250LWZhbWlseSUzQSUyMFZlcmRhbmElMkMlMjBHZW5ldmElMkMlMjBzYW5zLXNlcmlmJTNCJTVDbiUyMHRleHQtYWxpZ24lM0ElMjBsZWZ0JTNCJTVDbiU3RCU1Q24uZWQtYmxvY2stNDI1ZTZiZDAtMjBmOC00Mzk1LWJkNjEtNDA4NDljOGQ2YzY3JTIwLmVkLXRleHQtY29udGFpbmVyJTIwJTdCJTVDbiUyMHRleHQtYWxpZ24lM0ElMjBjZW50ZXIlM0IlNUNuJTdEJTVDbi5lZC1ibG9jay0xMTI0NTA4OC1hZDE5LTQ1ZTEtOTA1NS02MTBlNDY1ZjIyYTclMjAuZWQtdGV4dC1jb250YWluZXIlMjAlN0IlNUNuJTIwZm9udC1mYW1pbHklM0ElMjBWZXJkYW5hJTJDJTIwR2VuZXZhJTJDJTIwc2Fucy1zZXJpZiUzQiU1Q24lMjBmb250LXNpemUlM0ElMjAxM3B4JTNCJTVDbiU3RCU1Q24uZWQtc2VjdGlvbi1jb250ZW50V2l0aEJhY2tncm91bmQlMjAuZWQtdGV4dC1jb250YWluZXIlMjAlN0IlNUNuY29sb3IlM0ElMjAlMjMxMTExMTElM0IlNUNuZm9udC1mYW1pbHklM0ElMjBWZXJkYW5hJTJDJTIwR2VuZXZhJTJDJTIwc2Fucy1zZXJpZiUzQiU1Q25mb250LXNpemUlM0ElMjAxM3B4JTNCJTVDbiUyMCUyMHRleHQtYWxpZ24lM0ElMjBsZWZ0JTNCJTVDbiU3RCU1Q24uZWQtc2VjdGlvbi1jb250ZW50V2l0aEJhY2tncm91bmQlMjAuZWQtdGV4dC1jb250YWluZXIlMjBhJTIwJTdCJTVDbiUyMCUyMGNvbG9yJTNBJTIwJTIzMDAwMDAwJTNCJTVDbiUyMCUyMHRleHQtZGVjb3JhdGlvbiUzQSUyMHVuZGVybGluZSUzQiU1Q24lN0QlNUNuLmVkLXNlY3Rpb24tY29udGVudCUyMC5lZC10ZXh0LWNvbnRhaW5lciUyMCU3QiU1Q25jb2xvciUzQSUyMCUyMzExMTExMSUzQiU1Q25mb250LWZhbWlseSUzQSUyMFZlcmRhbmElMkMlMjBHZW5ldmElMkMlMjBzYW5zLXNlcmlmJTNCJTVDbmZvbnQtc2l6ZSUzQSUyMDEzcHglM0IlNUNuJTdEJTVDbi5lZC1zZWN0aW9uLWNvbnRlbnQlMjAuZWQtdGV4dC1jb250YWluZXIlMjBhJTIwJTdCJTVDbiUyMCUyMGNvbG9yJTNBJTIwJTIzMDAwMDAwJTNCJTVDbiUyMCUyMHRleHQtZGVjb3JhdGlvbiUzQSUyMHVuZGVybGluZSUzQiU1Q24lN0QlNUNuLmVkLXNlY3Rpb24tZm9vdGVyJTIwLmVkLXRleHQtY29udGFpbmVyJTIwJTdCJTVDbmNvbG9yJTNBJTIwJTIzZmZmZmZmJTNCJTVDbmZvbnQtZmFtaWx5JTNBJTIwVmVyZGFuYSUyQyUyMEdlbmV2YSUyQyUyMHNhbnMtc2VyaWYlM0IlNUNuZm9udC1zaXplJTNBJTIwMTNweCUzQiU1Q24lN0QlNUNuLmVkLXNlY3Rpb24tZm9vdGVyJTIwLmVkLXRleHQtY29udGFpbmVyJTIwYSUyMCU3QiU1Q24lMjAlMjBjb2xvciUzQSUyMCUyMzAwMDAwMCUzQiU1Q24lMjAlMjB0ZXh0LWRlY29yYXRpb24lM0ElMjB1bmRlcmxpbmUlM0IlNUNuJTdEJTVDbiUyMiUyQyUyMmlubGluZSUyMiUzQSUyMmlubGluZSUyMiU3RCU1RCUyQyUyMmZvbnRzJTIyJTNBJTVCJTVEJTdEJTJDJTIyYXR0cmlidXRlcyUyMiUzQSU3QiUyMm1hcmdpbi10b3AlMjIlM0ElMjIwcHglMjIlMkMlMjJtYXJnaW4tYm90dG9tJTIyJTNBJTIyMHB4JTIyJTJDJTIyd2lkdGglMjIlM0ElMjI3MDBweCUyMiUyQyUyMmJhY2tncm91bmQtY29sb3IlMjIlM0ElMjIlMjNmZmZmZmYlMjIlN0QlMkMlMjJjaGlsZHJlbiUyMiUzQSU1QiU3QiUyMnR5cGUlMjIlM0ElMjJzdGFuZGFyZC13cmFwcGVyJTIyJTJDJTIyZGF0YSUyMiUzQSU3QiU3RCUyQyUyMmF0dHJpYnV0ZXMlMjIlM0ElN0IlMjJjc3MtY2xhc3MlMjIlM0ElMjJlZC1zZWN0aW9uJTIwZWQtc2VjdGlvbi1oZWFkZXIlMjIlMkMlMjJiYWNrZ3JvdW5kLWNvbG9yJTIyJTNBJTIyJTIzZmZmZmZmJTIyJTJDJTIycGFkZGluZy10b3AlMjIlM0ElMjIwcHglMjIlMkMlMjJwYWRkaW5nLWJvdHRvbSUyMiUzQSUyMjBweCUyMiUyQyUyMmZ1bGwtd2lkdGglMjIlM0ElMjJmdWxsLXdpZHRoJTIyJTdEJTJDJTIyY2hpbGRyZW4lMjIlM0ElNUIlN0IlMjJ0eXBlJTIyJTNBJTIyc3RhbmRhcmQtc2VjdGlvbiUyMiUyQyUyMmRhdGElMjIlM0ElN0IlN0QlMkMlMjJhdHRyaWJ1dGVzJTIyJTNBJTdCJTIyY3NzLWNsYXNzJTIyJTNBJTIyZWQtYmxvY2slMjBlZC1ibG9jay03NTg2ODZhNS1mYzM2LTQxNzMtYjg4YS1jMDA1YWRkYzM2ZjYlMjIlMkMlMjJwYWRkaW5nLWJvdHRvbSUyMiUzQSUyMjIwcHglMjIlMkMlMjJwYWRkaW5nLXRvcCUyMiUzQSUyMjIwcHglMjIlMkMlMjJiYWNrZ3JvdW5kLWltYWdlLWVuYWJsZWQlMjIlM0F0cnVlJTdEJTJDJTIyY2hpbGRyZW4lMjIlM0ElNUIlN0IlMjJ0eXBlJTIyJTNBJTIyc3RhbmRhcmQtY29sdW1uJTIyJTJDJTIyZGF0YSUyMiUzQSU3QiU3RCUyQyUyMmF0dHJpYnV0ZXMlMjIlM0ElN0IlMjJ3aWR0aCUyMiUzQSUyMjUwJTI1JTIyJTdEJTJDJTIyY2hpbGRyZW4lMjIlM0ElNUIlN0IlMjJ0eXBlJTIyJTNBJTIyc3RhbmRhcmQtdGV4dCUyMiUyQyUyMmRhdGElMjIlM0ElN0IlN0QlMkMlMjJhdHRyaWJ1dGVzJTIyJTNBJTdCJTIyY29sb3IlMjIlM0ElMjIlMjMxMTExMTElMjIlMkMlMjJmb250LXNpemUlMjIlM0ElMjIxM3B4JTIyJTJDJTIyZm9udC1mYW1pbHklMjIlM0ElMjJWZXJkYW5hJTIyJTJDJTIybGluZS1oZWlnaHQlMjIlM0ElMjJub3JtYWwlMjIlMkMlMjJhbGlnbiUyMiUzQSUyMmxlZnQlMjIlMkMlMjJjc3MtY2xhc3MlMjIlM0ElMjJlZC10ZXh0LWNvbnRhaW5lciUyMGVkLWNvbHVtbi1udW1iZXItMCUyMiUyQyUyMnBhZGRpbmctdG9wJTIyJTNBJTIyMHB4JTIyJTJDJTIycGFkZGluZy1ib3R0b20lMjIlM0ElMjIwcHglMjIlMkMlMjJwYWRkaW5nLWxlZnQlMjIlM0ElMjIxMHB4JTIyJTJDJTIycGFkZGluZy1yaWdodCUyMiUzQSUyMjEwcHglMjIlMkMlMjJmb250LXN0eWxlJTIyJTNBJTIybm9ybWFsJTIyJTdEJTJDJTIyY2hpbGRyZW4lMjIlM0ElNUIlN0IlMjJ0eXBlJTIyJTNBJTIyaHRtbC1ibG9jay1ub2RlJTIyJTJDJTIyZGF0YSUyMiUzQSU3QiUyMnRhZ05hbWUlMjIlM0ElMjJwJTIyJTdEJTJDJTIyYXR0cmlidXRlcyUyMiUzQSU3QiU3RCUyQyUyMmNoaWxkcmVuJTIyJTNBJTVCJTdCJTIydHlwZSUyMiUzQSUyMmh0bWwtYmxvY2stbm9kZSUyMiUyQyUyMmNoaWxkcmVuJTIyJTNBJTVCJTdCJTIydGV4dCUyMiUzQSUyMm1hbmlmaWVzdG8lM0ElMjB0cmFuc2ljaSVDMyVCM24lMjBhJTIwbGElMjBwb3NkZW1vY3JhY2lhJTIwaXNyYWVsJTJDJTIwbGElMjBkZXN0cnVjY2klQzMlQjNuJTIwY29tbyUyMG5lZ29jaW8lMjB1biUyMHRvcG8lMjBjb250cmElMjBlbCUyMGVzdGFkbyUyMGMlQzMlQjNtbyUyMHNlJTIwZGVzdHJ1eWUlMjB1biUyMHNhbGFyaW8lMjBlbCUyMGRlc3F1aXRlJTIwZGVsJTIwZ2F1Y2hpdG8lMjBpbmZsdWVuY2VyJTIwY2F5JUMzJUIzJTIwYSUyMGxhJTIwdmVyZWRhJTIwdW4lMjBuaWRvJTIwdXJhbmlvJTJDJTIwcGV0ciVDMyVCM2xlbyUyMHklMjB2aWVudG8lMjBlbiUyMHVuYSUyMGNodWJ1dCUyMGRlc21hZHJhZGElMjAlQzIlQkZoYXklMjB2aWRhJTIwZGVzcHUlQzMlQTlzJTIwZGUlMjBsYSUyMG9yZ2ElM0YlMjBlbnRyZXZpc3RhJTIwYSUyMGx1Y3JlY2lhJTIwbWFydGVsJTIwcHJvbXB0cyUyMHBhcmElMjBsYSUyMGxpYmVyYWNpJUMzJUIzbiUyMGNyJUMzJUFEdGljYSUyMGRlJTIwbGlicm9zJTNBJTIwYyVDMyVCM21vJTIwbGVlciUyMHVtYnJhbGVzJTIweSUyMGZyb250ZXJhcy4lMjIlMkMlMjJmb250U2l6ZSUyMiUzQSUyMjE4cHglMjIlMkMlMjJmb250RmFtaWx5JTIyJTNBJTIyR2VvcmdpYSUyMiU3RCU1RCUyQyUyMmF0dHJpYnV0ZXMlMjIlM0ElN0IlN0QlMkMlMjJkYXRhJTIyJTNBJTdCJTIydGFnTmFtZSUyMiUzQSUyMmRpdiUyMiU3RCUyQyUyMmlkJTIyJTNBJTIybkFlNDB2enlraUVBQ1hEVFlRRDByJTIyJTdEJTVEJTJDJTIyaWQlMjIlM0ElMjJWLTJpN0U3cmdFLXNTTENzNGdueFQlMjIlN0QlNUQlMkMlMjJpZCUyMiUzQSUyMkExWE5oS09BdkdweU5PRnA5N1pFNCUyMiU3RCU1RCUyQyUyMmlkJTIyJTNBJTIyaUJZdFVKb2dmd2NuY1JsbzEtZnhsJTIyJTdEJTVEJTJDJTIyaWQlMjIlM0ElMjJxbFZKZmFrSWxFQkg0bmpTVGdCRmglMjIlN0QlNUQlMkMlMjJpZCUyMiUzQSUyMlYzODl3ZkhnOVpQNURSWWtKUUpYcyUyMiU3RCU1RCUyQyUyMmlkJTIyJTNBJTIyVi13TEZ1OGF3Qjl6Y3JHakJOVF9DJTIyJTdEJTVE\">manifiesto: transici\u00f3n a la posdemocracia israel, la destrucci\u00f3n como negocio un topo contra el estado c\u00f3mo se destruye un salario el desquite del gauchito influencer cay\u00f3 a la vereda un nido uranio, petr\u00f3leo y viento en una chubut desmadrada \u00bfhay vida despu\u00e9s de la orga? entrevista a lucrecia martel prompts para la liberaci\u00f3n cr\u00edtica de libros: c\u00f3mo leer umbrales y fronteras<\/span><\/span><\/strong><\/p>\n<p><em><strong>Crisis<\/strong><\/em>, se define como una revista pol\u00edtica y cultural argentina, que combina investigaci\u00f3n, ensayo y experimentaci\u00f3n gr\u00e1fica. Mantiene una linea critica, de izquierda y latinoamericana, con \u00e9nfasis en los movimientos sociales, la cultura contempor\u00e1nea y las transformaciones del capitalismo actual. En 2010 la revista comenz\u00f3 su tercera etapa, editada por un colectivo de periodistas, escritores y soci\u00f3logos.<\/p>\n<p>Es tra\u00edda a Uruguay gracias al convenio con Semanario Brecha.<\/p>\n","protected":false},"excerpt":{"rendered":"<p>Revista Crisis<\/p>\n<p>Edici\u00f3n #70<\/p>\n","protected":false},"featured_media":1080,"comment_status":"open","ping_status":"closed","template":"","meta":[],"product_brand":[],"product_cat":[114,111],"product_tag":[],"class_list":{"0":"post-1078","1":"product","2":"type-product","3":"status-publish","4":"has-post-thumbnail","6":"product_cat-crisis","7":"product_cat-ultimos-ingresos","9":"first","10":"instock","11":"shipping-taxable","12":"purchasable","13":"product-type-simple"},"yoast_head":"<!-- This site is optimized with the Yoast SEO plugin v27.6 - https:\/\/yoast.com\/product\/yoast-seo-wordpress\/ -->\n<title>#70 simpat\u00eda por el diablo - Tienda - Brecha<\/title>\n<meta name=\"robots\" content=\"index, follow, max-snippet:-1, max-image-preview:large, max-video-preview:-1\" \/>\n<link rel=\"canonical\" href=\"https:\/\/tienda.brecha.com.uy\/index.php\/producto\/70-simpatia-por-el-diablo\/\" \/>\n<meta property=\"og:locale\" content=\"es_ES\" \/>\n<meta property=\"og:type\" content=\"article\" \/>\n<meta property=\"og:title\" content=\"#70 simpat\u00eda por el diablo - Tienda - Brecha\" \/>\n<meta property=\"og:description\" content=\"Revista Crisis  Edici\u00f3n #70\" \/>\n<meta property=\"og:url\" content=\"https:\/\/tienda.brecha.com.uy\/index.php\/producto\/70-simpatia-por-el-diablo\/\" \/>\n<meta property=\"og:site_name\" content=\"Tienda - Brecha\" \/>\n<meta property=\"article:modified_time\" content=\"2026-05-04T14:46:56+00:00\" \/>\n<meta property=\"og:image\" content=\"https:\/\/tienda.brecha.com.uy\/wp-content\/uploads\/2025\/12\/TAPAS-LIBROS-6.png\" \/>\n\t<meta property=\"og:image:width\" content=\"601\" \/>\n\t<meta property=\"og:image:height\" content=\"601\" \/>\n\t<meta property=\"og:image:type\" content=\"image\/png\" \/>\n<meta name=\"twitter:card\" content=\"summary_large_image\" \/>\n<meta name=\"twitter:label1\" content=\"Tiempo de lectura\" \/>\n\t<meta name=\"twitter:data1\" content=\"1 minuto\" \/>\n<script type=\"application\/ld+json\" class=\"yoast-schema-graph\">{\"@context\":\"https:\\\/\\\/schema.org\",\"@graph\":[{\"@type\":\"WebPage\",\"@id\":\"https:\\\/\\\/tienda.brecha.com.uy\\\/index.php\\\/producto\\\/70-simpatia-por-el-diablo\\\/\",\"url\":\"https:\\\/\\\/tienda.brecha.com.uy\\\/index.php\\\/producto\\\/70-simpatia-por-el-diablo\\\/\",\"name\":\"#70 simpat\u00eda por el diablo - Tienda - Brecha\",\"isPartOf\":{\"@id\":\"https:\\\/\\\/tienda.brecha.com.uy\\\/#website\"},\"primaryImageOfPage\":{\"@id\":\"https:\\\/\\\/tienda.brecha.com.uy\\\/index.php\\\/producto\\\/70-simpatia-por-el-diablo\\\/#primaryimage\"},\"image\":{\"@id\":\"https:\\\/\\\/tienda.brecha.com.uy\\\/index.php\\\/producto\\\/70-simpatia-por-el-diablo\\\/#primaryimage\"},\"thumbnailUrl\":\"https:\\\/\\\/tienda.brecha.com.uy\\\/wp-content\\\/uploads\\\/2025\\\/12\\\/TAPAS-LIBROS-6.png\",\"datePublished\":\"2025-12-19T13:54:13+00:00\",\"dateModified\":\"2026-05-04T14:46:56+00:00\",\"breadcrumb\":{\"@id\":\"https:\\\/\\\/tienda.brecha.com.uy\\\/index.php\\\/producto\\\/70-simpatia-por-el-diablo\\\/#breadcrumb\"},\"inLanguage\":\"es\",\"potentialAction\":[{\"@type\":\"ReadAction\",\"target\":[\"https:\\\/\\\/tienda.brecha.com.uy\\\/index.php\\\/producto\\\/70-simpatia-por-el-diablo\\\/\"]}]},{\"@type\":\"ImageObject\",\"inLanguage\":\"es\",\"@id\":\"https:\\\/\\\/tienda.brecha.com.uy\\\/index.php\\\/producto\\\/70-simpatia-por-el-diablo\\\/#primaryimage\",\"url\":\"https:\\\/\\\/tienda.brecha.com.uy\\\/wp-content\\\/uploads\\\/2025\\\/12\\\/TAPAS-LIBROS-6.png\",\"contentUrl\":\"https:\\\/\\\/tienda.brecha.com.uy\\\/wp-content\\\/uploads\\\/2025\\\/12\\\/TAPAS-LIBROS-6.png\",\"width\":601,\"height\":601},{\"@type\":\"BreadcrumbList\",\"@id\":\"https:\\\/\\\/tienda.brecha.com.uy\\\/index.php\\\/producto\\\/70-simpatia-por-el-diablo\\\/#breadcrumb\",\"itemListElement\":[{\"@type\":\"ListItem\",\"position\":1,\"name\":\"Portada\",\"item\":\"https:\\\/\\\/tienda.brecha.com.uy\\\/\"},{\"@type\":\"ListItem\",\"position\":2,\"name\":\"Tienda\",\"item\":\"https:\\\/\\\/tienda.brecha.com.uy\\\/index.php\\\/tienda\\\/\"},{\"@type\":\"ListItem\",\"position\":3,\"name\":\"#70 simpat\u00eda por el diablo\"}]},{\"@type\":\"WebSite\",\"@id\":\"https:\\\/\\\/tienda.brecha.com.uy\\\/#website\",\"url\":\"https:\\\/\\\/tienda.brecha.com.uy\\\/\",\"name\":\"Tienda - Brecha\",\"description\":\"\",\"publisher\":{\"@id\":\"https:\\\/\\\/tienda.brecha.com.uy\\\/#organization\"},\"potentialAction\":[{\"@type\":\"SearchAction\",\"target\":{\"@type\":\"EntryPoint\",\"urlTemplate\":\"https:\\\/\\\/tienda.brecha.com.uy\\\/?s={search_term_string}\"},\"query-input\":{\"@type\":\"PropertyValueSpecification\",\"valueRequired\":true,\"valueName\":\"search_term_string\"}}],\"inLanguage\":\"es\"},{\"@type\":\"Organization\",\"@id\":\"https:\\\/\\\/tienda.brecha.com.uy\\\/#organization\",\"name\":\"Tienda - Brecha\",\"url\":\"https:\\\/\\\/tienda.brecha.com.uy\\\/\",\"logo\":{\"@type\":\"ImageObject\",\"inLanguage\":\"es\",\"@id\":\"https:\\\/\\\/tienda.brecha.com.uy\\\/#\\\/schema\\\/logo\\\/image\\\/\",\"url\":\"https:\\\/\\\/tienda.brecha.com.uy\\\/wp-content\\\/uploads\\\/2025\\\/09\\\/cropped-Brechatienda.png\",\"contentUrl\":\"https:\\\/\\\/tienda.brecha.com.uy\\\/wp-content\\\/uploads\\\/2025\\\/09\\\/cropped-Brechatienda.png\",\"width\":240,\"height\":67,\"caption\":\"Tienda - Brecha\"},\"image\":{\"@id\":\"https:\\\/\\\/tienda.brecha.com.uy\\\/#\\\/schema\\\/logo\\\/image\\\/\"}}]}<\/script>\n<!-- \/ Yoast SEO plugin. -->","yoast_head_json":{"title":"#70 simpat\u00eda por el diablo - Tienda - Brecha","robots":{"index":"index","follow":"follow","max-snippet":"max-snippet:-1","max-image-preview":"max-image-preview:large","max-video-preview":"max-video-preview:-1"},"canonical":"https:\/\/tienda.brecha.com.uy\/index.php\/producto\/70-simpatia-por-el-diablo\/","og_locale":"es_ES","og_type":"article","og_title":"#70 simpat\u00eda por el diablo - Tienda - Brecha","og_description":"Revista Crisis  Edici\u00f3n #70","og_url":"https:\/\/tienda.brecha.com.uy\/index.php\/producto\/70-simpatia-por-el-diablo\/","og_site_name":"Tienda - Brecha","article_modified_time":"2026-05-04T14:46:56+00:00","og_image":[{"width":601,"height":601,"url":"https:\/\/tienda.brecha.com.uy\/wp-content\/uploads\/2025\/12\/TAPAS-LIBROS-6.png","type":"image\/png"}],"twitter_card":"summary_large_image","twitter_misc":{"Tiempo de lectura":"1 minuto"},"schema":{"@context":"https:\/\/schema.org","@graph":[{"@type":"WebPage","@id":"https:\/\/tienda.brecha.com.uy\/index.php\/producto\/70-simpatia-por-el-diablo\/","url":"https:\/\/tienda.brecha.com.uy\/index.php\/producto\/70-simpatia-por-el-diablo\/","name":"#70 simpat\u00eda por el diablo - Tienda - Brecha","isPartOf":{"@id":"https:\/\/tienda.brecha.com.uy\/#website"},"primaryImageOfPage":{"@id":"https:\/\/tienda.brecha.com.uy\/index.php\/producto\/70-simpatia-por-el-diablo\/#primaryimage"},"image":{"@id":"https:\/\/tienda.brecha.com.uy\/index.php\/producto\/70-simpatia-por-el-diablo\/#primaryimage"},"thumbnailUrl":"https:\/\/tienda.brecha.com.uy\/wp-content\/uploads\/2025\/12\/TAPAS-LIBROS-6.png","datePublished":"2025-12-19T13:54:13+00:00","dateModified":"2026-05-04T14:46:56+00:00","breadcrumb":{"@id":"https:\/\/tienda.brecha.com.uy\/index.php\/producto\/70-simpatia-por-el-diablo\/#breadcrumb"},"inLanguage":"es","potentialAction":[{"@type":"ReadAction","target":["https:\/\/tienda.brecha.com.uy\/index.php\/producto\/70-simpatia-por-el-diablo\/"]}]},{"@type":"ImageObject","inLanguage":"es","@id":"https:\/\/tienda.brecha.com.uy\/index.php\/producto\/70-simpatia-por-el-diablo\/#primaryimage","url":"https:\/\/tienda.brecha.com.uy\/wp-content\/uploads\/2025\/12\/TAPAS-LIBROS-6.png","contentUrl":"https:\/\/tienda.brecha.com.uy\/wp-content\/uploads\/2025\/12\/TAPAS-LIBROS-6.png","width":601,"height":601},{"@type":"BreadcrumbList","@id":"https:\/\/tienda.brecha.com.uy\/index.php\/producto\/70-simpatia-por-el-diablo\/#breadcrumb","itemListElement":[{"@type":"ListItem","position":1,"name":"Portada","item":"https:\/\/tienda.brecha.com.uy\/"},{"@type":"ListItem","position":2,"name":"Tienda","item":"https:\/\/tienda.brecha.com.uy\/index.php\/tienda\/"},{"@type":"ListItem","position":3,"name":"#70 simpat\u00eda por el diablo"}]},{"@type":"WebSite","@id":"https:\/\/tienda.brecha.com.uy\/#website","url":"https:\/\/tienda.brecha.com.uy\/","name":"Tienda - Brecha","description":"","publisher":{"@id":"https:\/\/tienda.brecha.com.uy\/#organization"},"potentialAction":[{"@type":"SearchAction","target":{"@type":"EntryPoint","urlTemplate":"https:\/\/tienda.brecha.com.uy\/?s={search_term_string}"},"query-input":{"@type":"PropertyValueSpecification","valueRequired":true,"valueName":"search_term_string"}}],"inLanguage":"es"},{"@type":"Organization","@id":"https:\/\/tienda.brecha.com.uy\/#organization","name":"Tienda - Brecha","url":"https:\/\/tienda.brecha.com.uy\/","logo":{"@type":"ImageObject","inLanguage":"es","@id":"https:\/\/tienda.brecha.com.uy\/#\/schema\/logo\/image\/","url":"https:\/\/tienda.brecha.com.uy\/wp-content\/uploads\/2025\/09\/cropped-Brechatienda.png","contentUrl":"https:\/\/tienda.brecha.com.uy\/wp-content\/uploads\/2025\/09\/cropped-Brechatienda.png","width":240,"height":67,"caption":"Tienda - Brecha"},"image":{"@id":"https:\/\/tienda.brecha.com.uy\/#\/schema\/logo\/image\/"}}]}},"jetpack_sharing_enabled":true,"_links":{"self":[{"href":"https:\/\/tienda.brecha.com.uy\/index.php\/wp-json\/wp\/v2\/product\/1078","targetHints":{"allow":["GET"]}}],"collection":[{"href":"https:\/\/tienda.brecha.com.uy\/index.php\/wp-json\/wp\/v2\/product"}],"about":[{"href":"https:\/\/tienda.brecha.com.uy\/index.php\/wp-json\/wp\/v2\/types\/product"}],"replies":[{"embeddable":true,"href":"https:\/\/tienda.brecha.com.uy\/index.php\/wp-json\/wp\/v2\/comments?post=1078"}],"wp:featuredmedia":[{"embeddable":true,"href":"https:\/\/tienda.brecha.com.uy\/index.php\/wp-json\/wp\/v2\/media\/1080"}],"wp:attachment":[{"href":"https:\/\/tienda.brecha.com.uy\/index.php\/wp-json\/wp\/v2\/media?parent=1078"}],"wp:term":[{"taxonomy":"product_brand","embeddable":true,"href":"https:\/\/tienda.brecha.com.uy\/index.php\/wp-json\/wp\/v2\/product_brand?post=1078"},{"taxonomy":"product_cat","embeddable":true,"href":"https:\/\/tienda.brecha.com.uy\/index.php\/wp-json\/wp\/v2\/product_cat?post=1078"},{"taxonomy":"product_tag","embeddable":true,"href":"https:\/\/tienda.brecha.com.uy\/index.php\/wp-json\/wp\/v2\/product_tag?post=1078"}],"curies":[{"name":"wp","href":"https:\/\/api.w.org\/{rel}","templated":true}]}}