{"id":1083,"date":"2025-12-19T15:03:31","date_gmt":"2025-12-19T15:03:31","guid":{"rendered":"https:\/\/tienda.brecha.com.uy\/?post_type=product&#038;p=1083"},"modified":"2026-03-26T15:50:14","modified_gmt":"2026-03-26T15:50:14","slug":"crisis-69-70","status":"publish","type":"product","link":"https:\/\/tienda.brecha.com.uy\/index.php\/producto\/crisis-69-70\/","title":{"rendered":"CRISIS #69 + #70"},"content":{"rendered":"<h4 data-slate-node=\"element\" data-slate-type=\"html-block-node\" data-slate-category=\"block-node\" data-slate-path=\"0-0-3-1-0-0\" data-slate-node-id=\"RE16e0jJ4TcLdJe7Ofi0U\" data-slate-block=\"HtmlBlockNode\"><strong><span class=\" \" data-placeholder=\"Escriba '\/' para comandos\" data-slate-leaf=\"true\">#70 simpat\u00eda por el diablo<\/span><\/strong><\/h4>\n<p data-slate-node=\"element\" data-slate-type=\"html-block-node\" data-slate-category=\"block-node\" data-slate-path=\"0-0-3-1-0-0\" data-slate-node-id=\"RE16e0jJ4TcLdJe7Ofi0U\" data-slate-block=\"HtmlBlockNode\"><span class=\" \" data-placeholder=\"Escriba '\/' para comandos\" data-slate-leaf=\"true\">manifiesto: transici\u00f3n a la posdemocracia israel, la destrucci\u00f3n como negocio un topo contra el estado c\u00f3mo se destruye un salario el desquite del gauchito influencer cay\u00f3 a la vereda un nido uranio, petr\u00f3leo y viento en una chubut desmadrada \u00bfhay vida despu\u00e9s de la orga? entrevista a lucrecia martel prompts para la liberaci\u00f3n cr\u00edtica de libros: c\u00f3mo leer umbrales y fronteras.<\/span><\/p>\n<h4 data-slate-node=\"element\" data-slate-type=\"html-block-node\" data-slate-category=\"block-node\" data-slate-path=\"0-0-3-1-0-1-0\" data-slate-node-id=\"nAe40vzykiEACXDTYQD0r\" data-slate-block=\"HtmlBlockNode\"><strong>#69 \u00bfy si nos sale bien?<\/strong><\/h4>\n<p data-slate-node=\"element\" data-slate-type=\"html-block-node\" data-slate-category=\"block-node\" data-slate-path=\"0-0-3-1-0-1-0\" data-slate-node-id=\"nAe40vzykiEACXDTYQD0r\" data-slate-block=\"HtmlBlockNode\"><span class=\"field-content\">manifiesto: del gameover al\u00a0takeover miguel pichetto, el ex\u00e9geta de la casta timba y violencia en las barriadas rosarinas ir y ver: la resistencia en palestina bajo las ruinas del mas boliviano shein: vamos al chino el devenir de los pliegos la serpenteante econom\u00eda del litoral klauss, preludio al nuevo mundo la imagen documental en la era posfotogr\u00e1fica c\u00f3mo se arma una crisis cr\u00edtica cultural, leemos y s\u00ed juzgamos\u00a0tapa de ezequiel garc\u00eda<\/span><\/p>\n<p><em><strong><span class=\" \" data-placeholder=\"Escriba '\/' para comandos\" data-slate-leaf=\"true\">Crisis<\/span><\/strong><\/em><span data-slate-node=\"text\" data-slate-fragment=\"JTVCJTdCJTIydHlwZSUyMiUzQSUyMnBhZ2UlMjIlMkMlMjJkYXRhJTIyJTNBJTdCJTIyYnJlYWtwb2ludCUyMiUzQSUyMjQ4MHB4JTIyJTJDJTIyZ2xvYmFsQXR0cmlidXRlcyUyMiUzQSU3QiUyMmZvbnQtZmFtaWx5JTIyJTNBJTIyQXJpYWwlMkMlMjBzYW5zLXNlcmlmJTIyJTdEJTJDJTIyaGVhZFN0eWxlcyUyMiUzQSU1QiU3QiUyMmNvbnRlbnQlMjIlM0ElMjIuZWQtdGV4dC1jb250YWluZXIlMjBwJTIwJTdCJTVDbiUyMCUyMG1hcmdpbiUzQSUyMDAlMjAwJTIwMTBweCUzQiU1Q24lN0QlNUNuLmVkLXRleHQtY29udGFpbmVyJTIwaDElMjAlN0IlNUNuJTIwJTIwJTIwZm9udC1mYW1pbHklM0ElMjBWZXJkYW5hJTJDJTIwR2VuZXZhJTJDJTIwc2Fucy1zZXJpZiUzQiU1Q24lMjBmb250LXNpemUlM0ElMjAxM3B4JTNCJTVDbiU1Q24lN0QlNUNuLmVkLXRleHQtY29udGFpbmVyJTIwaDIlMjAlN0IlNUNuJTIwJTIwJTIwZm9udC1mYW1pbHklM0ElMjBWZXJkYW5hJTJDJTIwR2VuZXZhJTJDJTIwc2Fucy1zZXJpZiUzQiU1Q24lMjBmb250LXNpemUlM0ElMjAxM3B4JTNCJTVDbiU1Q24lN0QlNUNuLmVkLXRleHQtY29udGFpbmVyJTIwaDMlMjAlN0IlNUNuJTIwJTIwJTIwZm9udC1mYW1pbHklM0ElMjBWZXJkYW5hJTJDJTIwR2VuZXZhJTJDJTIwc2Fucy1zZXJpZiUzQiU1Q24lMjBmb250LXNpemUlM0ElMjAyNHB4JTNCJTVDbiU1Q24lN0QlNUNuLmVkLXRleHQtY29udGFpbmVyJTIwaDQlMjAlN0IlNUNuJTIwJTIwJTIwZm9udC1mYW1pbHklM0ElMjBWZXJkYW5hJTJDJTIwR2VuZXZhJTJDJTIwc2Fucy1zZXJpZiUzQiU1Q24lMjBmb250LXNpemUlM0ElMjAxOHB4JTNCJTVDbiU1Q24lN0QlNUNuLmVkLXNlY3Rpb24taGVhZGVyJTIwLmVkLXRleHQtY29udGFpbmVyJTIwJTdCJTVDbmNvbG9yJTNBJTIwJTIzMTExMTExJTNCJTVDbmZvbnQtZmFtaWx5JTNBJTIwVmVyZGFuYSUyQyUyMEdlbmV2YSUyQyUyMHNhbnMtc2VyaWYlM0IlNUNuZm9udC1zaXplJTNBJTIwMTNweCUzQiU1Q24lMjAlMjB0ZXh0LWFsaWduJTNBJTIwbGVmdCUzQiU1Q24lN0QlNUNuLmVkLXNlY3Rpb24taGVhZGVyJTIwLmVkLXRleHQtY29udGFpbmVyJTIwYSUyMCU3QiU1Q24lMjAlMjBjb2xvciUzQSUyMCUyMzAwMDAwMCUzQiU1Q24lMjAlMjBmb250LXdlaWdodCUzQSUyMGJvbGQlM0IlNUNuJTIwJTIwdGV4dC1kZWNvcmF0aW9uJTNBJTIwdW5kZXJsaW5lJTNCJTVDbiU3RCU1Q24uZWQtYmxvY2stNzU4Njg2YTUtZmMzNi00MTczLWI4OGEtYzAwNWFkZGMzNmY2JTIwLmVkLXRleHQtY29udGFpbmVyJTIwJTdCJTVDbiUyMGZvbnQtZmFtaWx5JTNBJTIwVmVyZGFuYSUyQyUyMEdlbmV2YSUyQyUyMHNhbnMtc2VyaWYlM0IlNUNuJTIwdGV4dC1hbGlnbiUzQSUyMGxlZnQlM0IlNUNuJTdEJTVDbi5lZC1ibG9jay1mNzUzNDUzZi00Y2VkLTQyOTAtODJjZi01YzQwYzMzMzBiNjUlMjAuZWQtdGV4dC1jb250YWluZXIlMjAlN0IlNUNuJTIwdGV4dC1hbGlnbiUzQSUyMGNlbnRlciUzQiU1Q24lN0QlNUNuLmVkLWJsb2NrLTAyZDY0NzFlLThhYmQtNGFlMS1iYTdmLWNjMDY3MTNiMjYzOCUyMC5lZC10ZXh0LWNvbnRhaW5lciUyMCU3QiU1Q24lMjBmb250LWZhbWlseSUzQSUyMFZlcmRhbmElMkMlMjBHZW5ldmElMkMlMjBzYW5zLXNlcmlmJTNCJTVDbiUyMHRleHQtYWxpZ24lM0ElMjBsZWZ0JTNCJTVDbiU3RCU1Q24uZWQtYmxvY2stNDI1ZTZiZDAtMjBmOC00Mzk1LWJkNjEtNDA4NDljOGQ2YzY3JTIwLmVkLXRleHQtY29udGFpbmVyJTIwJTdCJTVDbiUyMHRleHQtYWxpZ24lM0ElMjBjZW50ZXIlM0IlNUNuJTdEJTVDbi5lZC1ibG9jay0xMTI0NTA4OC1hZDE5LTQ1ZTEtOTA1NS02MTBlNDY1ZjIyYTclMjAuZWQtdGV4dC1jb250YWluZXIlMjAlN0IlNUNuJTIwZm9udC1mYW1pbHklM0ElMjBWZXJkYW5hJTJDJTIwR2VuZXZhJTJDJTIwc2Fucy1zZXJpZiUzQiU1Q24lMjBmb250LXNpemUlM0ElMjAxM3B4JTNCJTVDbiU3RCU1Q24uZWQtc2VjdGlvbi1jb250ZW50V2l0aEJhY2tncm91bmQlMjAuZWQtdGV4dC1jb250YWluZXIlMjAlN0IlNUNuY29sb3IlM0ElMjAlMjMxMTExMTElM0IlNUNuZm9udC1mYW1pbHklM0ElMjBWZXJkYW5hJTJDJTIwR2VuZXZhJTJDJTIwc2Fucy1zZXJpZiUzQiU1Q25mb250LXNpemUlM0ElMjAxM3B4JTNCJTVDbiUyMCUyMHRleHQtYWxpZ24lM0ElMjBsZWZ0JTNCJTVDbiU3RCU1Q24uZWQtc2VjdGlvbi1jb250ZW50V2l0aEJhY2tncm91bmQlMjAuZWQtdGV4dC1jb250YWluZXIlMjBhJTIwJTdCJTVDbiUyMCUyMGNvbG9yJTNBJTIwJTIzMDAwMDAwJTNCJTVDbiUyMCUyMHRleHQtZGVjb3JhdGlvbiUzQSUyMHVuZGVybGluZSUzQiU1Q24lN0QlNUNuLmVkLXNlY3Rpb24tY29udGVudCUyMC5lZC10ZXh0LWNvbnRhaW5lciUyMCU3QiU1Q25jb2xvciUzQSUyMCUyMzExMTExMSUzQiU1Q25mb250LWZhbWlseSUzQSUyMFZlcmRhbmElMkMlMjBHZW5ldmElMkMlMjBzYW5zLXNlcmlmJTNCJTVDbmZvbnQtc2l6ZSUzQSUyMDEzcHglM0IlNUNuJTdEJTVDbi5lZC1zZWN0aW9uLWNvbnRlbnQlMjAuZWQtdGV4dC1jb250YWluZXIlMjBhJTIwJTdCJTVDbiUyMCUyMGNvbG9yJTNBJTIwJTIzMDAwMDAwJTNCJTVDbiUyMCUyMHRleHQtZGVjb3JhdGlvbiUzQSUyMHVuZGVybGluZSUzQiU1Q24lN0QlNUNuLmVkLXNlY3Rpb24tZm9vdGVyJTIwLmVkLXRleHQtY29udGFpbmVyJTIwJTdCJTVDbmNvbG9yJTNBJTIwJTIzZmZmZmZmJTNCJTVDbmZvbnQtZmFtaWx5JTNBJTIwVmVyZGFuYSUyQyUyMEdlbmV2YSUyQyUyMHNhbnMtc2VyaWYlM0IlNUNuZm9udC1zaXplJTNBJTIwMTNweCUzQiU1Q24lN0QlNUNuLmVkLXNlY3Rpb24tZm9vdGVyJTIwLmVkLXRleHQtY29udGFpbmVyJTIwYSUyMCU3QiU1Q24lMjAlMjBjb2xvciUzQSUyMCUyMzAwMDAwMCUzQiU1Q24lMjAlMjB0ZXh0LWRlY29yYXRpb24lM0ElMjB1bmRlcmxpbmUlM0IlNUNuJTdEJTVDbiUyMiUyQyUyMmlubGluZSUyMiUzQSUyMmlubGluZSUyMiU3RCU1RCUyQyUyMmZvbnRzJTIyJTNBJTVCJTVEJTdEJTJDJTIyYXR0cmlidXRlcyUyMiUzQSU3QiUyMm1hcmdpbi10b3AlMjIlM0ElMjIwcHglMjIlMkMlMjJtYXJnaW4tYm90dG9tJTIyJTNBJTIyMHB4JTIyJTJDJTIyd2lkdGglMjIlM0ElMjI3MDBweCUyMiUyQyUyMmJhY2tncm91bmQtY29sb3IlMjIlM0ElMjIlMjNmZmZmZmYlMjIlN0QlMkMlMjJjaGlsZHJlbiUyMiUzQSU1QiU3QiUyMnR5cGUlMjIlM0ElMjJzdGFuZGFyZC13cmFwcGVyJTIyJTJDJTIyZGF0YSUyMiUzQSU3QiU3RCUyQyUyMmF0dHJpYnV0ZXMlMjIlM0ElN0IlMjJjc3MtY2xhc3MlMjIlM0ElMjJlZC1zZWN0aW9uJTIwZWQtc2VjdGlvbi1oZWFkZXIlMjIlMkMlMjJiYWNrZ3JvdW5kLWNvbG9yJTIyJTNBJTIyJTIzZmZmZmZmJTIyJTJDJTIycGFkZGluZy10b3AlMjIlM0ElMjIwcHglMjIlMkMlMjJwYWRkaW5nLWJvdHRvbSUyMiUzQSUyMjBweCUyMiUyQyUyMmZ1bGwtd2lkdGglMjIlM0ElMjJmdWxsLXdpZHRoJTIyJTdEJTJDJTIyY2hpbGRyZW4lMjIlM0ElNUIlN0IlMjJ0eXBlJTIyJTNBJTIyc3RhbmRhcmQtc2VjdGlvbiUyMiUyQyUyMmRhdGElMjIlM0ElN0IlN0QlMkMlMjJhdHRyaWJ1dGVzJTIyJTNBJTdCJTIyY3NzLWNsYXNzJTIyJTNBJTIyZWQtYmxvY2slMjBlZC1ibG9jay02M2MzN2RjNi0yYWVjLTQzY2UtYTVhOC01NTk1Mjc1ZTdlNGIlMjIlMkMlMjJwYWRkaW5nLWJvdHRvbSUyMiUzQSUyMjIwcHglMjIlMkMlMjJwYWRkaW5nLXRvcCUyMiUzQSUyMjIwcHglMjIlMkMlMjJiYWNrZ3JvdW5kLWltYWdlLWVuYWJsZWQlMjIlM0F0cnVlJTdEJTJDJTIyY2hpbGRyZW4lMjIlM0ElNUIlN0IlMjJ0eXBlJTIyJTNBJTIyc3RhbmRhcmQtY29sdW1uJTIyJTJDJTIyZGF0YSUyMiUzQSU3QiU3RCUyQyUyMmF0dHJpYnV0ZXMlMjIlM0ElN0IlN0QlMkMlMjJjaGlsZHJlbiUyMiUzQSU1QiU3QiUyMnR5cGUlMjIlM0ElMjJzdGFuZGFyZC10ZXh0JTIyJTJDJTIyZGF0YSUyMiUzQSU3QiU3RCUyQyUyMmF0dHJpYnV0ZXMlMjIlM0ElN0IlMjJjb2xvciUyMiUzQSUyMiUyMzExMTExMSUyMiUyQyUyMmZvbnQtc2l6ZSUyMiUzQSUyMjEzcHglMjIlMkMlMjJmb250LWZhbWlseSUyMiUzQSUyMlZlcmRhbmElMjIlMkMlMjJsaW5lLWhlaWdodCUyMiUzQSUyMm5vcm1hbCUyMiUyQyUyMmFsaWduJTIyJTNBJTIybGVmdCUyMiUyQyUyMmNzcy1jbGFzcyUyMiUzQSUyMmVkLXRleHQtY29udGFpbmVyJTIwZWQtY29sdW1uLW51bWJlci0wJTIyJTJDJTIycGFkZGluZy10b3AlMjIlM0ElMjIwcHglMjIlMkMlMjJwYWRkaW5nLWJvdHRvbSUyMiUzQSUyMjBweCUyMiUyQyUyMnBhZGRpbmctbGVmdCUyMiUzQSUyMjEwcHglMjIlMkMlMjJwYWRkaW5nLXJpZ2h0JTIyJTNBJTIyMTBweCUyMiU3RCUyQyUyMmNoaWxkcmVuJTIyJTNBJTVCJTdCJTIydHlwZSUyMiUzQSUyMmh0bWwtYmxvY2stbm9kZSUyMiUyQyUyMmRhdGElMjIlM0ElN0IlMjJ0YWdOYW1lJTIyJTNBJTIycCUyMiU3RCUyQyUyMmF0dHJpYnV0ZXMlMjIlM0ElN0IlMjJzdHlsZSUyMiUzQSUyMiUyMiU3RCUyQyUyMmNoaWxkcmVuJTIyJTNBJTVCJTdCJTIydGV4dCUyMiUzQSUyMkNyaXNpcyUyMiUyQyUyMmZvbnRGYW1pbHklMjIlM0ElMjJHZW9yZ2lhJTIyJTJDJTIyZm9udFNpemUlMjIlM0ElMjIxNnB4JTIyJTJDJTIyYm9sZCUyMiUzQXRydWUlMkMlMjJpdGFsaWMlMjIlM0F0cnVlJTdEJTJDJTdCJTIyZm9udEZhbWlseSUyMiUzQSUyMkdlb3JnaWElMjIlMkMlMjJmb250U2l6ZSUyMiUzQSUyMjE2cHglMjIlMkMlMjJ0ZXh0JTIyJTNBJTIyJTJDJTIwc2UlMjBkZWZpbmUlMjBjb21vJTIwdW5hJTIwcmV2aXN0YSUyMHBvbCVDMyVBRHRpY2ElMjB5JTIwY3VsdHVyYWwlMjBhcmdlbnRpbmElMkMlMjBxdWUlMjBzZSUyMHB1YmxpY2ElMjBjYWRhJTIwMiUyMG1lc2VzLiUyMENvbWJpbmElMjBpbnZlc3RpZ2FjaSVDMyVCM24lMkMlMjBlbnNheW8lMjB5JTIwZXhwZXJpbWVudGFjaSVDMyVCM24lMjBnciVDMyVBMWZpY2EuJTIwTWFudGllbmUlMjB1bmElMjBsaW5lYSUyMGNyaXRpY2ElMkMlMjBkZSUyMGl6cXVpZXJkYSUyMHklMjBsYXRpbm9hbWVyaWNhbmElMkMlMjBjb24lMjAlQzMlQTluZmFzaXMlMjBlbiUyMGxvcyUyMG1vdmltaWVudG9zJTIwc29jaWFsZXMlMkMlMjBsYSUyMGN1bHR1cmElMjBjb250ZW1wb3IlQzMlQTFuZWElMjB5JTIwbGFzJTIwdHJhbnNmb3JtYWNpb25lcyUyMGRlbCUyMGNhcGl0YWxpc21vJTIwYWN0dWFsLiUyMEVuJTIwMjAxMCUyMGxhJTIwcmV2aXN0YSUyMGNvbWVueiVDMyVCMyUyMHN1JTIwdGVyY2VyYSUyMGV0YXBhJTJDJTIwZWRpdGFkYSUyMHBvciUyMHVuJTIwY29sZWN0aXZvJTIwZGUlMjBwZXJpb2Rpc3RhcyUyQyUyMGVzY3JpdG9yZXMlMjB5JTIwc29jaSVDMyVCM2xvZ29zLiUyMiU3RCU1RCUyQyUyMmlkJTIyJTNBJTIydS1xNllhMmJwcTJ2dEpLSzE1Q3RJJTIyJTdEJTVEJTJDJTIyaWQlMjIlM0ElMjJtVWozSWtaeTloZG9Vdk1TR1ZZbVklMjIlN0QlNUQlMkMlMjJpZCUyMiUzQSUyMkJ6SDZoQk4xdzZhbTNuN2pLTkNsUyUyMiU3RCU1RCUyQyUyMmlkJTIyJTNBJTIyNDBLal84SlhFYXhueW5NVHo5a2dIJTIyJTdEJTVEJTJDJTIyaWQlMjIlM0ElMjJWMzg5d2ZIZzlaUDVEUllrSlFKWHMlMjIlN0QlNUQlMkMlMjJpZCUyMiUzQSUyMlYtd0xGdThhd0I5emNyR2pCTlRfQyUyMiU3RCU1RA==\"><span class=\" \" data-placeholder=\"Escriba '\/' para comandos\" data-slate-leaf=\"true\">, se define como una revista pol\u00edtica y cultural argentina, que se publica cada 2 meses. Combina investigaci\u00f3n, ensayo y experimentaci\u00f3n gr\u00e1fica. Mantiene una linea critica, de izquierda y latinoamericana, con \u00e9nfasis en los movimientos sociales, la cultura contempor\u00e1nea y las transformaciones del capitalismo actual. En 2010 la revista comenz\u00f3 su tercera etapa, editada por un colectivo de periodistas, escritores y soci\u00f3logos.<\/span><\/span><\/p>\n","protected":false},"excerpt":{"rendered":"<p>PROMOCI\u00d3N ESPECIAL<\/p>\n<p>Ll\u00e9vate los dos \u00faltimos ejemplares de Crisis.<\/p>\n","protected":false},"featured_media":1084,"comment_status":"open","ping_status":"closed","template":"","meta":[],"product_brand":[],"product_cat":[114],"product_tag":[],"class_list":{"0":"post-1083","1":"product","2":"type-product","3":"status-publish","4":"has-post-thumbnail","6":"product_cat-crisis","8":"first","9":"outofstock","10":"sale","11":"shipping-taxable","12":"purchasable","13":"product-type-simple"},"yoast_head":"<!-- This site is optimized with the Yoast SEO plugin v27.4 - https:\/\/yoast.com\/product\/yoast-seo-wordpress\/ -->\n<title>CRISIS #69 + #70 - Tienda - Brecha<\/title>\n<meta name=\"robots\" content=\"index, follow, max-snippet:-1, max-image-preview:large, max-video-preview:-1\" \/>\n<link rel=\"canonical\" href=\"https:\/\/tienda.brecha.com.uy\/index.php\/producto\/crisis-69-70\/\" \/>\n<meta property=\"og:locale\" content=\"es_ES\" \/>\n<meta property=\"og:type\" content=\"article\" \/>\n<meta property=\"og:title\" content=\"CRISIS #69 + #70 - Tienda - Brecha\" \/>\n<meta property=\"og:description\" content=\"PROMOCI\u00d3N ESPECIAL  Ll\u00e9vate los dos \u00faltimos ejemplares de Crisis.\" \/>\n<meta property=\"og:url\" content=\"https:\/\/tienda.brecha.com.uy\/index.php\/producto\/crisis-69-70\/\" \/>\n<meta property=\"og:site_name\" content=\"Tienda - Brecha\" \/>\n<meta property=\"article:modified_time\" content=\"2026-03-26T15:50:14+00:00\" \/>\n<meta property=\"og:image\" content=\"https:\/\/tienda.brecha.com.uy\/wp-content\/uploads\/2025\/12\/TAPAS-LIBROS-8.png\" \/>\n\t<meta property=\"og:image:width\" content=\"601\" \/>\n\t<meta property=\"og:image:height\" content=\"601\" \/>\n\t<meta property=\"og:image:type\" content=\"image\/png\" \/>\n<meta name=\"twitter:card\" content=\"summary_large_image\" \/>\n<meta name=\"twitter:label1\" content=\"Tiempo de lectura\" \/>\n\t<meta name=\"twitter:data1\" content=\"2 minutos\" \/>\n<script type=\"application\/ld+json\" class=\"yoast-schema-graph\">{\"@context\":\"https:\\\/\\\/schema.org\",\"@graph\":[{\"@type\":\"WebPage\",\"@id\":\"https:\\\/\\\/tienda.brecha.com.uy\\\/index.php\\\/producto\\\/crisis-69-70\\\/\",\"url\":\"https:\\\/\\\/tienda.brecha.com.uy\\\/index.php\\\/producto\\\/crisis-69-70\\\/\",\"name\":\"CRISIS #69 + #70 - Tienda - Brecha\",\"isPartOf\":{\"@id\":\"https:\\\/\\\/tienda.brecha.com.uy\\\/#website\"},\"primaryImageOfPage\":{\"@id\":\"https:\\\/\\\/tienda.brecha.com.uy\\\/index.php\\\/producto\\\/crisis-69-70\\\/#primaryimage\"},\"image\":{\"@id\":\"https:\\\/\\\/tienda.brecha.com.uy\\\/index.php\\\/producto\\\/crisis-69-70\\\/#primaryimage\"},\"thumbnailUrl\":\"https:\\\/\\\/tienda.brecha.com.uy\\\/wp-content\\\/uploads\\\/2025\\\/12\\\/TAPAS-LIBROS-8.png\",\"datePublished\":\"2025-12-19T15:03:31+00:00\",\"dateModified\":\"2026-03-26T15:50:14+00:00\",\"breadcrumb\":{\"@id\":\"https:\\\/\\\/tienda.brecha.com.uy\\\/index.php\\\/producto\\\/crisis-69-70\\\/#breadcrumb\"},\"inLanguage\":\"es\",\"potentialAction\":[{\"@type\":\"ReadAction\",\"target\":[\"https:\\\/\\\/tienda.brecha.com.uy\\\/index.php\\\/producto\\\/crisis-69-70\\\/\"]}]},{\"@type\":\"ImageObject\",\"inLanguage\":\"es\",\"@id\":\"https:\\\/\\\/tienda.brecha.com.uy\\\/index.php\\\/producto\\\/crisis-69-70\\\/#primaryimage\",\"url\":\"https:\\\/\\\/tienda.brecha.com.uy\\\/wp-content\\\/uploads\\\/2025\\\/12\\\/TAPAS-LIBROS-8.png\",\"contentUrl\":\"https:\\\/\\\/tienda.brecha.com.uy\\\/wp-content\\\/uploads\\\/2025\\\/12\\\/TAPAS-LIBROS-8.png\",\"width\":601,\"height\":601},{\"@type\":\"BreadcrumbList\",\"@id\":\"https:\\\/\\\/tienda.brecha.com.uy\\\/index.php\\\/producto\\\/crisis-69-70\\\/#breadcrumb\",\"itemListElement\":[{\"@type\":\"ListItem\",\"position\":1,\"name\":\"Portada\",\"item\":\"https:\\\/\\\/tienda.brecha.com.uy\\\/\"},{\"@type\":\"ListItem\",\"position\":2,\"name\":\"Tienda\",\"item\":\"https:\\\/\\\/tienda.brecha.com.uy\\\/index.php\\\/tienda\\\/\"},{\"@type\":\"ListItem\",\"position\":3,\"name\":\"CRISIS #69 + #70\"}]},{\"@type\":\"WebSite\",\"@id\":\"https:\\\/\\\/tienda.brecha.com.uy\\\/#website\",\"url\":\"https:\\\/\\\/tienda.brecha.com.uy\\\/\",\"name\":\"Tienda - Brecha\",\"description\":\"\",\"publisher\":{\"@id\":\"https:\\\/\\\/tienda.brecha.com.uy\\\/#organization\"},\"potentialAction\":[{\"@type\":\"SearchAction\",\"target\":{\"@type\":\"EntryPoint\",\"urlTemplate\":\"https:\\\/\\\/tienda.brecha.com.uy\\\/?s={search_term_string}\"},\"query-input\":{\"@type\":\"PropertyValueSpecification\",\"valueRequired\":true,\"valueName\":\"search_term_string\"}}],\"inLanguage\":\"es\"},{\"@type\":\"Organization\",\"@id\":\"https:\\\/\\\/tienda.brecha.com.uy\\\/#organization\",\"name\":\"Tienda - Brecha\",\"url\":\"https:\\\/\\\/tienda.brecha.com.uy\\\/\",\"logo\":{\"@type\":\"ImageObject\",\"inLanguage\":\"es\",\"@id\":\"https:\\\/\\\/tienda.brecha.com.uy\\\/#\\\/schema\\\/logo\\\/image\\\/\",\"url\":\"https:\\\/\\\/tienda.brecha.com.uy\\\/wp-content\\\/uploads\\\/2025\\\/09\\\/cropped-Brechatienda.png\",\"contentUrl\":\"https:\\\/\\\/tienda.brecha.com.uy\\\/wp-content\\\/uploads\\\/2025\\\/09\\\/cropped-Brechatienda.png\",\"width\":240,\"height\":67,\"caption\":\"Tienda - Brecha\"},\"image\":{\"@id\":\"https:\\\/\\\/tienda.brecha.com.uy\\\/#\\\/schema\\\/logo\\\/image\\\/\"}}]}<\/script>\n<!-- \/ Yoast SEO plugin. -->","yoast_head_json":{"title":"CRISIS #69 + #70 - Tienda - Brecha","robots":{"index":"index","follow":"follow","max-snippet":"max-snippet:-1","max-image-preview":"max-image-preview:large","max-video-preview":"max-video-preview:-1"},"canonical":"https:\/\/tienda.brecha.com.uy\/index.php\/producto\/crisis-69-70\/","og_locale":"es_ES","og_type":"article","og_title":"CRISIS #69 + #70 - Tienda - Brecha","og_description":"PROMOCI\u00d3N ESPECIAL  Ll\u00e9vate los dos \u00faltimos ejemplares de Crisis.","og_url":"https:\/\/tienda.brecha.com.uy\/index.php\/producto\/crisis-69-70\/","og_site_name":"Tienda - Brecha","article_modified_time":"2026-03-26T15:50:14+00:00","og_image":[{"width":601,"height":601,"url":"https:\/\/tienda.brecha.com.uy\/wp-content\/uploads\/2025\/12\/TAPAS-LIBROS-8.png","type":"image\/png"}],"twitter_card":"summary_large_image","twitter_misc":{"Tiempo de lectura":"2 minutos"},"schema":{"@context":"https:\/\/schema.org","@graph":[{"@type":"WebPage","@id":"https:\/\/tienda.brecha.com.uy\/index.php\/producto\/crisis-69-70\/","url":"https:\/\/tienda.brecha.com.uy\/index.php\/producto\/crisis-69-70\/","name":"CRISIS #69 + #70 - Tienda - Brecha","isPartOf":{"@id":"https:\/\/tienda.brecha.com.uy\/#website"},"primaryImageOfPage":{"@id":"https:\/\/tienda.brecha.com.uy\/index.php\/producto\/crisis-69-70\/#primaryimage"},"image":{"@id":"https:\/\/tienda.brecha.com.uy\/index.php\/producto\/crisis-69-70\/#primaryimage"},"thumbnailUrl":"https:\/\/tienda.brecha.com.uy\/wp-content\/uploads\/2025\/12\/TAPAS-LIBROS-8.png","datePublished":"2025-12-19T15:03:31+00:00","dateModified":"2026-03-26T15:50:14+00:00","breadcrumb":{"@id":"https:\/\/tienda.brecha.com.uy\/index.php\/producto\/crisis-69-70\/#breadcrumb"},"inLanguage":"es","potentialAction":[{"@type":"ReadAction","target":["https:\/\/tienda.brecha.com.uy\/index.php\/producto\/crisis-69-70\/"]}]},{"@type":"ImageObject","inLanguage":"es","@id":"https:\/\/tienda.brecha.com.uy\/index.php\/producto\/crisis-69-70\/#primaryimage","url":"https:\/\/tienda.brecha.com.uy\/wp-content\/uploads\/2025\/12\/TAPAS-LIBROS-8.png","contentUrl":"https:\/\/tienda.brecha.com.uy\/wp-content\/uploads\/2025\/12\/TAPAS-LIBROS-8.png","width":601,"height":601},{"@type":"BreadcrumbList","@id":"https:\/\/tienda.brecha.com.uy\/index.php\/producto\/crisis-69-70\/#breadcrumb","itemListElement":[{"@type":"ListItem","position":1,"name":"Portada","item":"https:\/\/tienda.brecha.com.uy\/"},{"@type":"ListItem","position":2,"name":"Tienda","item":"https:\/\/tienda.brecha.com.uy\/index.php\/tienda\/"},{"@type":"ListItem","position":3,"name":"CRISIS #69 + #70"}]},{"@type":"WebSite","@id":"https:\/\/tienda.brecha.com.uy\/#website","url":"https:\/\/tienda.brecha.com.uy\/","name":"Tienda - Brecha","description":"","publisher":{"@id":"https:\/\/tienda.brecha.com.uy\/#organization"},"potentialAction":[{"@type":"SearchAction","target":{"@type":"EntryPoint","urlTemplate":"https:\/\/tienda.brecha.com.uy\/?s={search_term_string}"},"query-input":{"@type":"PropertyValueSpecification","valueRequired":true,"valueName":"search_term_string"}}],"inLanguage":"es"},{"@type":"Organization","@id":"https:\/\/tienda.brecha.com.uy\/#organization","name":"Tienda - Brecha","url":"https:\/\/tienda.brecha.com.uy\/","logo":{"@type":"ImageObject","inLanguage":"es","@id":"https:\/\/tienda.brecha.com.uy\/#\/schema\/logo\/image\/","url":"https:\/\/tienda.brecha.com.uy\/wp-content\/uploads\/2025\/09\/cropped-Brechatienda.png","contentUrl":"https:\/\/tienda.brecha.com.uy\/wp-content\/uploads\/2025\/09\/cropped-Brechatienda.png","width":240,"height":67,"caption":"Tienda - Brecha"},"image":{"@id":"https:\/\/tienda.brecha.com.uy\/#\/schema\/logo\/image\/"}}]}},"jetpack_sharing_enabled":true,"_links":{"self":[{"href":"https:\/\/tienda.brecha.com.uy\/index.php\/wp-json\/wp\/v2\/product\/1083","targetHints":{"allow":["GET"]}}],"collection":[{"href":"https:\/\/tienda.brecha.com.uy\/index.php\/wp-json\/wp\/v2\/product"}],"about":[{"href":"https:\/\/tienda.brecha.com.uy\/index.php\/wp-json\/wp\/v2\/types\/product"}],"replies":[{"embeddable":true,"href":"https:\/\/tienda.brecha.com.uy\/index.php\/wp-json\/wp\/v2\/comments?post=1083"}],"wp:featuredmedia":[{"embeddable":true,"href":"https:\/\/tienda.brecha.com.uy\/index.php\/wp-json\/wp\/v2\/media\/1084"}],"wp:attachment":[{"href":"https:\/\/tienda.brecha.com.uy\/index.php\/wp-json\/wp\/v2\/media?parent=1083"}],"wp:term":[{"taxonomy":"product_brand","embeddable":true,"href":"https:\/\/tienda.brecha.com.uy\/index.php\/wp-json\/wp\/v2\/product_brand?post=1083"},{"taxonomy":"product_cat","embeddable":true,"href":"https:\/\/tienda.brecha.com.uy\/index.php\/wp-json\/wp\/v2\/product_cat?post=1083"},{"taxonomy":"product_tag","embeddable":true,"href":"https:\/\/tienda.brecha.com.uy\/index.php\/wp-json\/wp\/v2\/product_tag?post=1083"}],"curies":[{"name":"wp","href":"https:\/\/api.w.org\/{rel}","templated":true}]}}