{"id":1253,"date":"2026-03-02T21:40:50","date_gmt":"2026-03-02T21:40:50","guid":{"rendered":"https:\/\/tienda.brecha.com.uy\/?post_type=product&#038;p=1253"},"modified":"2026-03-26T15:57:46","modified_gmt":"2026-03-26T15:57:46","slug":"conflictos-territoriales","status":"publish","type":"product","link":"https:\/\/tienda.brecha.com.uy\/index.php\/producto\/conflictos-territoriales\/","title":{"rendered":"Conflictos territoriales"},"content":{"rendered":"<p>Las ciudades no se desarrollan de forma lineal. Bajo esa apariencia, su historia, su materialidad y las formas de habitarlas son resultado de contradicciones y disputas permanentes. Los conflictos territoriales son una expresi\u00f3n constante de nuestras sociedades capitalistas, patriarcales, racializadas y dependientes; irrumpen de distintas formas, presentan diversas aristas y muestran diferentes actores en disputa.<\/p>\n<p>La noci\u00f3n ha cobrado creciente importancia en los estudios urbanos y, en el nuevo siglo, se ha multiplicado tanto la producci\u00f3n sobre el tema como la evidencia concreta de su relevancia; sin embargo, en nuestro pa\u00eds son escasos estos abordajes.<\/p>\n<p>Este trabajo ofrece un panorama de los conflictos ambientales, por la propiedad del suelo y por el uso del espacio p\u00fablico en Montevideo y el \u00c1rea Metropolitana durante lo que va de este siglo. Incluye adem\u00e1s diez estudios de caso sobre situaciones vigentes, junto con aportes de especialistas de Argentina y Francia. Los textos proponen reflexiones y aprendizajes que contribuyen a debates centrales: los efectos de los conflictos, el neoliberalismo urbano, las din\u00e1micas de amortiguaci\u00f3n, las desigualdades y opresiones, y las disputas por la justicia espacial.<\/p>\n<p>COORDINADORES<br \/>\nSebasti\u00e1n Aguiar Ant\u00eda (Madrid, 1979) es licenciado, mag\u00edster y doctor en Sociolog\u00eda por la Universidad de la Rep\u00fablica (Udelar). Es docente del Departamento de Sociolog\u00eda de la Facultad de Ciencias Sociales, donde coordina el Equipo de Sociolog\u00eda Urbana.<\/p>\n<p>Marcelo P\u00e9rez S\u00e1nchez (Montevideo, 1980) es licenciado en Ciencia Pol\u00edtica y mag\u00edster en Estudios Contempor\u00e1neos de Am\u00e9rica Latina (Udelar), doctor en Estudios Urbanos por la Universidad Nacional de General Sarmiento (Argentina). Es docente y coordinador del Programa Integral Metropolitano (CSEAM-Udelar), as\u00ed como docente de Metodolog\u00eda de la Extensi\u00f3n en la Facultad de Derecho de la Udelar.<\/p>\n<p>Ambos integran el Sistema Nacional de Investigadores, son amigos y responsables del Contra.<\/p>\n<p>EL CONTRA<br \/>\nEL CONTRA El Observatorio de Conflictos Territoriales de Montevideo y el \u00c1rea Metropolitana (Contra) surge en 2018 como una apuesta acad\u00e9mica conjunta del Programa Integral Metropolitano, la Facultad de Ciencias Sociales y la Facultad de Arquitectura, Dise\u00f1o y Urbanismo de la Udelar. Se posiciona desde una perspectiva que integra las distintas funciones universitarias y articula diversas \u00e1reas \u2014geograf\u00eda, antropolog\u00eda, ciencia pol\u00edtica, sociolog\u00eda, comunicaci\u00f3n visual y arquitectura\u2014. Ha desarrollado m\u00faltiples actividades acad\u00e9micas, institucionales y sociales: publicaciones, proyectos de investigaci\u00f3n, tesis, cursos de grado y posgrado, as\u00ed como proyectos y acciones de extensi\u00f3n vinculados a conflictos territoriales, en di\u00e1logo con diversos sujetos colectivos y en asociaci\u00f3n con referentes internacionales.<\/p>\n","protected":false},"excerpt":{"rendered":"<p>Autor: Sebasti\u00e1n Aguiar y Marcelo P\u00e9rez S\u00e1nchez<\/p>\n","protected":false},"featured_media":1254,"comment_status":"closed","ping_status":"closed","template":"","meta":[],"product_brand":[],"product_cat":[35,25,125,124,111],"product_tag":[113],"class_list":{"0":"post-1253","1":"product","2":"type-product","3":"status-publish","4":"has-post-thumbnail","6":"product_cat-alter-ediciones","7":"product_cat-ensayo","8":"product_cat-marcelo-perez-sanchez","9":"product_cat-sebastian-aguiar","10":"product_cat-ultimos-ingresos","11":"product_tag-editoriales-amigas","13":"first","14":"instock","15":"shipping-taxable","16":"purchasable","17":"product-type-simple"},"yoast_head":"<!-- This site is optimized with the Yoast SEO plugin v27.4 - https:\/\/yoast.com\/product\/yoast-seo-wordpress\/ -->\n<title>Conflictos territoriales - Tienda - Brecha<\/title>\n<meta name=\"robots\" content=\"index, follow, max-snippet:-1, max-image-preview:large, max-video-preview:-1\" \/>\n<link rel=\"canonical\" href=\"https:\/\/tienda.brecha.com.uy\/index.php\/producto\/conflictos-territoriales\/\" \/>\n<meta property=\"og:locale\" content=\"es_ES\" \/>\n<meta property=\"og:type\" content=\"article\" \/>\n<meta property=\"og:title\" content=\"Conflictos territoriales - Tienda - Brecha\" \/>\n<meta property=\"og:description\" content=\"Autor: Sebasti\u00e1n Aguiar y Marcelo P\u00e9rez S\u00e1nchez\" \/>\n<meta property=\"og:url\" content=\"https:\/\/tienda.brecha.com.uy\/index.php\/producto\/conflictos-territoriales\/\" \/>\n<meta property=\"og:site_name\" content=\"Tienda - Brecha\" \/>\n<meta property=\"article:modified_time\" content=\"2026-03-26T15:57:46+00:00\" \/>\n<meta property=\"og:image\" content=\"https:\/\/tienda.brecha.com.uy\/wp-content\/uploads\/2026\/03\/tapa_alter_item_conflictosterritoriales.png\" \/>\n\t<meta property=\"og:image:width\" content=\"601\" \/>\n\t<meta property=\"og:image:height\" content=\"601\" \/>\n\t<meta property=\"og:image:type\" content=\"image\/png\" \/>\n<meta name=\"twitter:card\" content=\"summary_large_image\" \/>\n<meta name=\"twitter:label1\" content=\"Tiempo de lectura\" \/>\n\t<meta name=\"twitter:data1\" content=\"3 minutos\" \/>\n<script type=\"application\/ld+json\" class=\"yoast-schema-graph\">{\"@context\":\"https:\\\/\\\/schema.org\",\"@graph\":[{\"@type\":\"WebPage\",\"@id\":\"https:\\\/\\\/tienda.brecha.com.uy\\\/index.php\\\/producto\\\/conflictos-territoriales\\\/\",\"url\":\"https:\\\/\\\/tienda.brecha.com.uy\\\/index.php\\\/producto\\\/conflictos-territoriales\\\/\",\"name\":\"Conflictos territoriales - Tienda - Brecha\",\"isPartOf\":{\"@id\":\"https:\\\/\\\/tienda.brecha.com.uy\\\/#website\"},\"primaryImageOfPage\":{\"@id\":\"https:\\\/\\\/tienda.brecha.com.uy\\\/index.php\\\/producto\\\/conflictos-territoriales\\\/#primaryimage\"},\"image\":{\"@id\":\"https:\\\/\\\/tienda.brecha.com.uy\\\/index.php\\\/producto\\\/conflictos-territoriales\\\/#primaryimage\"},\"thumbnailUrl\":\"https:\\\/\\\/tienda.brecha.com.uy\\\/wp-content\\\/uploads\\\/2026\\\/03\\\/tapa_alter_item_conflictosterritoriales.png\",\"datePublished\":\"2026-03-02T21:40:50+00:00\",\"dateModified\":\"2026-03-26T15:57:46+00:00\",\"breadcrumb\":{\"@id\":\"https:\\\/\\\/tienda.brecha.com.uy\\\/index.php\\\/producto\\\/conflictos-territoriales\\\/#breadcrumb\"},\"inLanguage\":\"es\",\"potentialAction\":[{\"@type\":\"ReadAction\",\"target\":[\"https:\\\/\\\/tienda.brecha.com.uy\\\/index.php\\\/producto\\\/conflictos-territoriales\\\/\"]}]},{\"@type\":\"ImageObject\",\"inLanguage\":\"es\",\"@id\":\"https:\\\/\\\/tienda.brecha.com.uy\\\/index.php\\\/producto\\\/conflictos-territoriales\\\/#primaryimage\",\"url\":\"https:\\\/\\\/tienda.brecha.com.uy\\\/wp-content\\\/uploads\\\/2026\\\/03\\\/tapa_alter_item_conflictosterritoriales.png\",\"contentUrl\":\"https:\\\/\\\/tienda.brecha.com.uy\\\/wp-content\\\/uploads\\\/2026\\\/03\\\/tapa_alter_item_conflictosterritoriales.png\",\"width\":601,\"height\":601},{\"@type\":\"BreadcrumbList\",\"@id\":\"https:\\\/\\\/tienda.brecha.com.uy\\\/index.php\\\/producto\\\/conflictos-territoriales\\\/#breadcrumb\",\"itemListElement\":[{\"@type\":\"ListItem\",\"position\":1,\"name\":\"Portada\",\"item\":\"https:\\\/\\\/tienda.brecha.com.uy\\\/\"},{\"@type\":\"ListItem\",\"position\":2,\"name\":\"Tienda\",\"item\":\"https:\\\/\\\/tienda.brecha.com.uy\\\/index.php\\\/tienda\\\/\"},{\"@type\":\"ListItem\",\"position\":3,\"name\":\"Conflictos territoriales\"}]},{\"@type\":\"WebSite\",\"@id\":\"https:\\\/\\\/tienda.brecha.com.uy\\\/#website\",\"url\":\"https:\\\/\\\/tienda.brecha.com.uy\\\/\",\"name\":\"Tienda - Brecha\",\"description\":\"\",\"publisher\":{\"@id\":\"https:\\\/\\\/tienda.brecha.com.uy\\\/#organization\"},\"potentialAction\":[{\"@type\":\"SearchAction\",\"target\":{\"@type\":\"EntryPoint\",\"urlTemplate\":\"https:\\\/\\\/tienda.brecha.com.uy\\\/?s={search_term_string}\"},\"query-input\":{\"@type\":\"PropertyValueSpecification\",\"valueRequired\":true,\"valueName\":\"search_term_string\"}}],\"inLanguage\":\"es\"},{\"@type\":\"Organization\",\"@id\":\"https:\\\/\\\/tienda.brecha.com.uy\\\/#organization\",\"name\":\"Tienda - Brecha\",\"url\":\"https:\\\/\\\/tienda.brecha.com.uy\\\/\",\"logo\":{\"@type\":\"ImageObject\",\"inLanguage\":\"es\",\"@id\":\"https:\\\/\\\/tienda.brecha.com.uy\\\/#\\\/schema\\\/logo\\\/image\\\/\",\"url\":\"https:\\\/\\\/tienda.brecha.com.uy\\\/wp-content\\\/uploads\\\/2025\\\/09\\\/cropped-Brechatienda.png\",\"contentUrl\":\"https:\\\/\\\/tienda.brecha.com.uy\\\/wp-content\\\/uploads\\\/2025\\\/09\\\/cropped-Brechatienda.png\",\"width\":240,\"height\":67,\"caption\":\"Tienda - Brecha\"},\"image\":{\"@id\":\"https:\\\/\\\/tienda.brecha.com.uy\\\/#\\\/schema\\\/logo\\\/image\\\/\"}}]}<\/script>\n<!-- \/ Yoast SEO plugin. -->","yoast_head_json":{"title":"Conflictos territoriales - Tienda - Brecha","robots":{"index":"index","follow":"follow","max-snippet":"max-snippet:-1","max-image-preview":"max-image-preview:large","max-video-preview":"max-video-preview:-1"},"canonical":"https:\/\/tienda.brecha.com.uy\/index.php\/producto\/conflictos-territoriales\/","og_locale":"es_ES","og_type":"article","og_title":"Conflictos territoriales - Tienda - Brecha","og_description":"Autor: Sebasti\u00e1n Aguiar y Marcelo P\u00e9rez S\u00e1nchez","og_url":"https:\/\/tienda.brecha.com.uy\/index.php\/producto\/conflictos-territoriales\/","og_site_name":"Tienda - Brecha","article_modified_time":"2026-03-26T15:57:46+00:00","og_image":[{"width":601,"height":601,"url":"https:\/\/tienda.brecha.com.uy\/wp-content\/uploads\/2026\/03\/tapa_alter_item_conflictosterritoriales.png","type":"image\/png"}],"twitter_card":"summary_large_image","twitter_misc":{"Tiempo de lectura":"3 minutos"},"schema":{"@context":"https:\/\/schema.org","@graph":[{"@type":"WebPage","@id":"https:\/\/tienda.brecha.com.uy\/index.php\/producto\/conflictos-territoriales\/","url":"https:\/\/tienda.brecha.com.uy\/index.php\/producto\/conflictos-territoriales\/","name":"Conflictos territoriales - Tienda - Brecha","isPartOf":{"@id":"https:\/\/tienda.brecha.com.uy\/#website"},"primaryImageOfPage":{"@id":"https:\/\/tienda.brecha.com.uy\/index.php\/producto\/conflictos-territoriales\/#primaryimage"},"image":{"@id":"https:\/\/tienda.brecha.com.uy\/index.php\/producto\/conflictos-territoriales\/#primaryimage"},"thumbnailUrl":"https:\/\/tienda.brecha.com.uy\/wp-content\/uploads\/2026\/03\/tapa_alter_item_conflictosterritoriales.png","datePublished":"2026-03-02T21:40:50+00:00","dateModified":"2026-03-26T15:57:46+00:00","breadcrumb":{"@id":"https:\/\/tienda.brecha.com.uy\/index.php\/producto\/conflictos-territoriales\/#breadcrumb"},"inLanguage":"es","potentialAction":[{"@type":"ReadAction","target":["https:\/\/tienda.brecha.com.uy\/index.php\/producto\/conflictos-territoriales\/"]}]},{"@type":"ImageObject","inLanguage":"es","@id":"https:\/\/tienda.brecha.com.uy\/index.php\/producto\/conflictos-territoriales\/#primaryimage","url":"https:\/\/tienda.brecha.com.uy\/wp-content\/uploads\/2026\/03\/tapa_alter_item_conflictosterritoriales.png","contentUrl":"https:\/\/tienda.brecha.com.uy\/wp-content\/uploads\/2026\/03\/tapa_alter_item_conflictosterritoriales.png","width":601,"height":601},{"@type":"BreadcrumbList","@id":"https:\/\/tienda.brecha.com.uy\/index.php\/producto\/conflictos-territoriales\/#breadcrumb","itemListElement":[{"@type":"ListItem","position":1,"name":"Portada","item":"https:\/\/tienda.brecha.com.uy\/"},{"@type":"ListItem","position":2,"name":"Tienda","item":"https:\/\/tienda.brecha.com.uy\/index.php\/tienda\/"},{"@type":"ListItem","position":3,"name":"Conflictos territoriales"}]},{"@type":"WebSite","@id":"https:\/\/tienda.brecha.com.uy\/#website","url":"https:\/\/tienda.brecha.com.uy\/","name":"Tienda - Brecha","description":"","publisher":{"@id":"https:\/\/tienda.brecha.com.uy\/#organization"},"potentialAction":[{"@type":"SearchAction","target":{"@type":"EntryPoint","urlTemplate":"https:\/\/tienda.brecha.com.uy\/?s={search_term_string}"},"query-input":{"@type":"PropertyValueSpecification","valueRequired":true,"valueName":"search_term_string"}}],"inLanguage":"es"},{"@type":"Organization","@id":"https:\/\/tienda.brecha.com.uy\/#organization","name":"Tienda - Brecha","url":"https:\/\/tienda.brecha.com.uy\/","logo":{"@type":"ImageObject","inLanguage":"es","@id":"https:\/\/tienda.brecha.com.uy\/#\/schema\/logo\/image\/","url":"https:\/\/tienda.brecha.com.uy\/wp-content\/uploads\/2025\/09\/cropped-Brechatienda.png","contentUrl":"https:\/\/tienda.brecha.com.uy\/wp-content\/uploads\/2025\/09\/cropped-Brechatienda.png","width":240,"height":67,"caption":"Tienda - Brecha"},"image":{"@id":"https:\/\/tienda.brecha.com.uy\/#\/schema\/logo\/image\/"}}]}},"jetpack_sharing_enabled":true,"_links":{"self":[{"href":"https:\/\/tienda.brecha.com.uy\/index.php\/wp-json\/wp\/v2\/product\/1253","targetHints":{"allow":["GET"]}}],"collection":[{"href":"https:\/\/tienda.brecha.com.uy\/index.php\/wp-json\/wp\/v2\/product"}],"about":[{"href":"https:\/\/tienda.brecha.com.uy\/index.php\/wp-json\/wp\/v2\/types\/product"}],"replies":[{"embeddable":true,"href":"https:\/\/tienda.brecha.com.uy\/index.php\/wp-json\/wp\/v2\/comments?post=1253"}],"wp:featuredmedia":[{"embeddable":true,"href":"https:\/\/tienda.brecha.com.uy\/index.php\/wp-json\/wp\/v2\/media\/1254"}],"wp:attachment":[{"href":"https:\/\/tienda.brecha.com.uy\/index.php\/wp-json\/wp\/v2\/media?parent=1253"}],"wp:term":[{"taxonomy":"product_brand","embeddable":true,"href":"https:\/\/tienda.brecha.com.uy\/index.php\/wp-json\/wp\/v2\/product_brand?post=1253"},{"taxonomy":"product_cat","embeddable":true,"href":"https:\/\/tienda.brecha.com.uy\/index.php\/wp-json\/wp\/v2\/product_cat?post=1253"},{"taxonomy":"product_tag","embeddable":true,"href":"https:\/\/tienda.brecha.com.uy\/index.php\/wp-json\/wp\/v2\/product_tag?post=1253"}],"curies":[{"name":"wp","href":"https:\/\/api.w.org\/{rel}","templated":true}]}}