{"id":131,"date":"2025-07-24T18:06:54","date_gmt":"2025-07-24T18:06:54","guid":{"rendered":"https:\/\/tienda.brecha.com.uy\/?post_type=product&#038;p=131"},"modified":"2025-09-22T20:49:52","modified_gmt":"2025-09-22T20:49:52","slug":"los-nacimientos-del-cine-uruguayo-una-historia-completa","status":"publish","type":"product","link":"https:\/\/tienda.brecha.com.uy\/index.php\/producto\/los-nacimientos-del-cine-uruguayo-una-historia-completa\/","title":{"rendered":"Los nacimientos del cine uruguayo. Una historia completa."},"content":{"rendered":"<p>El cine uruguayo tiene una vida particular. Desde sus or\u00edgenes a finales del siglo XIX, se ha declarado reiteradamente su \u201cnacimiento\u201d, reflejo de los bien intencionados productores y cr\u00edticos por dar comienzo a una industria local. Sin embargo, durante d\u00e9cadas se sucedieron posibles \u201cnacimientos\u201d que renegaban de todo cine anterior y, al mismo tiempo, creaban un nuevo per\u00edodo con caracter\u00edsticas diferentes a los dem\u00e1s.<\/p>\n<p>Esa tendencia se mantuvo hasta finales de los a\u00f1os noventa cuando, debido a pol\u00edticas de coproducci\u00f3n y financiaci\u00f3n estatal, la industria de cine en Uruguay pareci\u00f3, por fin, consolidarse. Parad\u00f3jicamente, en ese momento dej\u00f3 de proclamarse su nacimiento, en parte porque efectivamente las condiciones estaban dadas para que la producci\u00f3n se desarrollara de manera continuada, y en parte tambi\u00e9n por la preeminencia de pol\u00edticas transnacionales que dificultaban las definiciones en torno a los cines nacionales.<\/p>\n<p>Este libro propone una historia del cine en Uruguay segmentada en varios per\u00edodos seg\u00fan sus proclamados \u201cnacimientos\u201d, entendidos como momentos de crisis capaces de dar sentido a un estudio totalizador y a la vez, parcializado. Cada uno de ellos comporta caracter\u00edsticas propias que, de alg\u00fan modo, lo diferencian de los dem\u00e1s, aunque en m\u00e1s de un caso haya elementos, ideas o tendencias que se repiten.<\/p>\n<p><em>Los nacimientos del cine uruguayo\u00a0<\/em>es \u00fanico en su tipo. Hasta ahora no existe en el mundo un libro dedicado al estudio del tema con un espectro tan amplio y minucioso que abarca m\u00e1s de 120 a\u00f1os de historia. En momentos en que los llamados cines \u201cperif\u00e9ricos\u201d despiertan cada vez m\u00e1s inter\u00e9s, este libro aparece como la oportunidad perfecta para dar a conocer un cine, hasta ahora, casi inexplorado. Asimismo, ofrece una mirada actualizada y rigurosa sobre la historia cultural del pa\u00eds, capaz de despertar el inter\u00e9s tanto de lectores especializados como de simples aficionados y de poner al cine uruguayo en el mapa internacional.\u00a0<em>Un cine que, despu\u00e9s de tantos nacimientos, merece ser finalmente rescatado.<\/em><\/p>\n<p>El libro viene acompa\u00f1ado de un sitio web que complementa la lectura. Pueden entrar a\u00a0<em>Cine Uruguayo<\/em>\u00a0<a href=\"https:\/\/cineuruyo.wixsite.com\/home\" target=\"_blank\" rel=\"noreferrer noopener\">aqu\u00ed<\/a>.<\/p>\n","protected":false},"excerpt":{"rendered":"<p>Autor: \u00c1lvaro Lema Mosca<\/p>\n","protected":false},"featured_media":161,"comment_status":"closed","ping_status":"closed","template":"","meta":[],"product_brand":[],"product_cat":[68,25,55],"product_tag":[113],"class_list":{"0":"post-131","1":"product","2":"type-product","3":"status-publish","4":"has-post-thumbnail","6":"product_cat-alvaro-lema-mosca","7":"product_cat-ensayo","8":"product_cat-sujetos-editores","9":"product_tag-editoriales-amigas","11":"first","12":"instock","13":"purchasable","14":"product-type-simple"},"yoast_head":"<!-- This site is optimized with the Yoast SEO plugin v27.6 - https:\/\/yoast.com\/product\/yoast-seo-wordpress\/ -->\n<title>Los nacimientos del cine uruguayo. Una historia completa. - Tienda - Brecha<\/title>\n<meta name=\"robots\" content=\"index, follow, max-snippet:-1, max-image-preview:large, max-video-preview:-1\" \/>\n<link rel=\"canonical\" href=\"https:\/\/tienda.brecha.com.uy\/index.php\/producto\/los-nacimientos-del-cine-uruguayo-una-historia-completa\/\" \/>\n<meta property=\"og:locale\" content=\"es_ES\" \/>\n<meta property=\"og:type\" content=\"article\" \/>\n<meta property=\"og:title\" content=\"Los nacimientos del cine uruguayo. Una historia completa. - Tienda - Brecha\" \/>\n<meta property=\"og:description\" content=\"Autor: \u00c1lvaro Lema Mosca\" \/>\n<meta property=\"og:url\" content=\"https:\/\/tienda.brecha.com.uy\/index.php\/producto\/los-nacimientos-del-cine-uruguayo-una-historia-completa\/\" \/>\n<meta property=\"og:site_name\" content=\"Tienda - Brecha\" \/>\n<meta property=\"article:modified_time\" content=\"2025-09-22T20:49:52+00:00\" \/>\n<meta property=\"og:image\" content=\"https:\/\/tienda.brecha.com.uy\/wp-content\/uploads\/2025\/07\/cine.jpg\" \/>\n\t<meta property=\"og:image:width\" content=\"586\" \/>\n\t<meta property=\"og:image:height\" content=\"622\" \/>\n\t<meta property=\"og:image:type\" content=\"image\/jpeg\" \/>\n<meta name=\"twitter:card\" content=\"summary_large_image\" \/>\n<meta name=\"twitter:label1\" content=\"Tiempo de lectura\" \/>\n\t<meta name=\"twitter:data1\" content=\"2 minutos\" \/>\n<script type=\"application\/ld+json\" class=\"yoast-schema-graph\">{\"@context\":\"https:\\\/\\\/schema.org\",\"@graph\":[{\"@type\":\"WebPage\",\"@id\":\"https:\\\/\\\/tienda.brecha.com.uy\\\/index.php\\\/producto\\\/los-nacimientos-del-cine-uruguayo-una-historia-completa\\\/\",\"url\":\"https:\\\/\\\/tienda.brecha.com.uy\\\/index.php\\\/producto\\\/los-nacimientos-del-cine-uruguayo-una-historia-completa\\\/\",\"name\":\"Los nacimientos del cine uruguayo. Una historia completa. - Tienda - Brecha\",\"isPartOf\":{\"@id\":\"https:\\\/\\\/tienda.brecha.com.uy\\\/#website\"},\"primaryImageOfPage\":{\"@id\":\"https:\\\/\\\/tienda.brecha.com.uy\\\/index.php\\\/producto\\\/los-nacimientos-del-cine-uruguayo-una-historia-completa\\\/#primaryimage\"},\"image\":{\"@id\":\"https:\\\/\\\/tienda.brecha.com.uy\\\/index.php\\\/producto\\\/los-nacimientos-del-cine-uruguayo-una-historia-completa\\\/#primaryimage\"},\"thumbnailUrl\":\"https:\\\/\\\/tienda.brecha.com.uy\\\/wp-content\\\/uploads\\\/2025\\\/07\\\/cine.jpg\",\"datePublished\":\"2025-07-24T18:06:54+00:00\",\"dateModified\":\"2025-09-22T20:49:52+00:00\",\"breadcrumb\":{\"@id\":\"https:\\\/\\\/tienda.brecha.com.uy\\\/index.php\\\/producto\\\/los-nacimientos-del-cine-uruguayo-una-historia-completa\\\/#breadcrumb\"},\"inLanguage\":\"es\",\"potentialAction\":[{\"@type\":\"ReadAction\",\"target\":[\"https:\\\/\\\/tienda.brecha.com.uy\\\/index.php\\\/producto\\\/los-nacimientos-del-cine-uruguayo-una-historia-completa\\\/\"]}]},{\"@type\":\"ImageObject\",\"inLanguage\":\"es\",\"@id\":\"https:\\\/\\\/tienda.brecha.com.uy\\\/index.php\\\/producto\\\/los-nacimientos-del-cine-uruguayo-una-historia-completa\\\/#primaryimage\",\"url\":\"https:\\\/\\\/tienda.brecha.com.uy\\\/wp-content\\\/uploads\\\/2025\\\/07\\\/cine.jpg\",\"contentUrl\":\"https:\\\/\\\/tienda.brecha.com.uy\\\/wp-content\\\/uploads\\\/2025\\\/07\\\/cine.jpg\",\"width\":586,\"height\":622},{\"@type\":\"BreadcrumbList\",\"@id\":\"https:\\\/\\\/tienda.brecha.com.uy\\\/index.php\\\/producto\\\/los-nacimientos-del-cine-uruguayo-una-historia-completa\\\/#breadcrumb\",\"itemListElement\":[{\"@type\":\"ListItem\",\"position\":1,\"name\":\"Portada\",\"item\":\"https:\\\/\\\/tienda.brecha.com.uy\\\/\"},{\"@type\":\"ListItem\",\"position\":2,\"name\":\"Tienda\",\"item\":\"https:\\\/\\\/tienda.brecha.com.uy\\\/index.php\\\/tienda\\\/\"},{\"@type\":\"ListItem\",\"position\":3,\"name\":\"Los nacimientos del cine uruguayo. Una historia completa.\"}]},{\"@type\":\"WebSite\",\"@id\":\"https:\\\/\\\/tienda.brecha.com.uy\\\/#website\",\"url\":\"https:\\\/\\\/tienda.brecha.com.uy\\\/\",\"name\":\"Tienda - Brecha\",\"description\":\"\",\"publisher\":{\"@id\":\"https:\\\/\\\/tienda.brecha.com.uy\\\/#organization\"},\"potentialAction\":[{\"@type\":\"SearchAction\",\"target\":{\"@type\":\"EntryPoint\",\"urlTemplate\":\"https:\\\/\\\/tienda.brecha.com.uy\\\/?s={search_term_string}\"},\"query-input\":{\"@type\":\"PropertyValueSpecification\",\"valueRequired\":true,\"valueName\":\"search_term_string\"}}],\"inLanguage\":\"es\"},{\"@type\":\"Organization\",\"@id\":\"https:\\\/\\\/tienda.brecha.com.uy\\\/#organization\",\"name\":\"Tienda - Brecha\",\"url\":\"https:\\\/\\\/tienda.brecha.com.uy\\\/\",\"logo\":{\"@type\":\"ImageObject\",\"inLanguage\":\"es\",\"@id\":\"https:\\\/\\\/tienda.brecha.com.uy\\\/#\\\/schema\\\/logo\\\/image\\\/\",\"url\":\"https:\\\/\\\/tienda.brecha.com.uy\\\/wp-content\\\/uploads\\\/2025\\\/09\\\/cropped-Brechatienda.png\",\"contentUrl\":\"https:\\\/\\\/tienda.brecha.com.uy\\\/wp-content\\\/uploads\\\/2025\\\/09\\\/cropped-Brechatienda.png\",\"width\":240,\"height\":67,\"caption\":\"Tienda - Brecha\"},\"image\":{\"@id\":\"https:\\\/\\\/tienda.brecha.com.uy\\\/#\\\/schema\\\/logo\\\/image\\\/\"}}]}<\/script>\n<!-- \/ Yoast SEO plugin. -->","yoast_head_json":{"title":"Los nacimientos del cine uruguayo. Una historia completa. - Tienda - Brecha","robots":{"index":"index","follow":"follow","max-snippet":"max-snippet:-1","max-image-preview":"max-image-preview:large","max-video-preview":"max-video-preview:-1"},"canonical":"https:\/\/tienda.brecha.com.uy\/index.php\/producto\/los-nacimientos-del-cine-uruguayo-una-historia-completa\/","og_locale":"es_ES","og_type":"article","og_title":"Los nacimientos del cine uruguayo. Una historia completa. - Tienda - Brecha","og_description":"Autor: \u00c1lvaro Lema Mosca","og_url":"https:\/\/tienda.brecha.com.uy\/index.php\/producto\/los-nacimientos-del-cine-uruguayo-una-historia-completa\/","og_site_name":"Tienda - Brecha","article_modified_time":"2025-09-22T20:49:52+00:00","og_image":[{"width":586,"height":622,"url":"https:\/\/tienda.brecha.com.uy\/wp-content\/uploads\/2025\/07\/cine.jpg","type":"image\/jpeg"}],"twitter_card":"summary_large_image","twitter_misc":{"Tiempo de lectura":"2 minutos"},"schema":{"@context":"https:\/\/schema.org","@graph":[{"@type":"WebPage","@id":"https:\/\/tienda.brecha.com.uy\/index.php\/producto\/los-nacimientos-del-cine-uruguayo-una-historia-completa\/","url":"https:\/\/tienda.brecha.com.uy\/index.php\/producto\/los-nacimientos-del-cine-uruguayo-una-historia-completa\/","name":"Los nacimientos del cine uruguayo. Una historia completa. - Tienda - Brecha","isPartOf":{"@id":"https:\/\/tienda.brecha.com.uy\/#website"},"primaryImageOfPage":{"@id":"https:\/\/tienda.brecha.com.uy\/index.php\/producto\/los-nacimientos-del-cine-uruguayo-una-historia-completa\/#primaryimage"},"image":{"@id":"https:\/\/tienda.brecha.com.uy\/index.php\/producto\/los-nacimientos-del-cine-uruguayo-una-historia-completa\/#primaryimage"},"thumbnailUrl":"https:\/\/tienda.brecha.com.uy\/wp-content\/uploads\/2025\/07\/cine.jpg","datePublished":"2025-07-24T18:06:54+00:00","dateModified":"2025-09-22T20:49:52+00:00","breadcrumb":{"@id":"https:\/\/tienda.brecha.com.uy\/index.php\/producto\/los-nacimientos-del-cine-uruguayo-una-historia-completa\/#breadcrumb"},"inLanguage":"es","potentialAction":[{"@type":"ReadAction","target":["https:\/\/tienda.brecha.com.uy\/index.php\/producto\/los-nacimientos-del-cine-uruguayo-una-historia-completa\/"]}]},{"@type":"ImageObject","inLanguage":"es","@id":"https:\/\/tienda.brecha.com.uy\/index.php\/producto\/los-nacimientos-del-cine-uruguayo-una-historia-completa\/#primaryimage","url":"https:\/\/tienda.brecha.com.uy\/wp-content\/uploads\/2025\/07\/cine.jpg","contentUrl":"https:\/\/tienda.brecha.com.uy\/wp-content\/uploads\/2025\/07\/cine.jpg","width":586,"height":622},{"@type":"BreadcrumbList","@id":"https:\/\/tienda.brecha.com.uy\/index.php\/producto\/los-nacimientos-del-cine-uruguayo-una-historia-completa\/#breadcrumb","itemListElement":[{"@type":"ListItem","position":1,"name":"Portada","item":"https:\/\/tienda.brecha.com.uy\/"},{"@type":"ListItem","position":2,"name":"Tienda","item":"https:\/\/tienda.brecha.com.uy\/index.php\/tienda\/"},{"@type":"ListItem","position":3,"name":"Los nacimientos del cine uruguayo. Una historia completa."}]},{"@type":"WebSite","@id":"https:\/\/tienda.brecha.com.uy\/#website","url":"https:\/\/tienda.brecha.com.uy\/","name":"Tienda - Brecha","description":"","publisher":{"@id":"https:\/\/tienda.brecha.com.uy\/#organization"},"potentialAction":[{"@type":"SearchAction","target":{"@type":"EntryPoint","urlTemplate":"https:\/\/tienda.brecha.com.uy\/?s={search_term_string}"},"query-input":{"@type":"PropertyValueSpecification","valueRequired":true,"valueName":"search_term_string"}}],"inLanguage":"es"},{"@type":"Organization","@id":"https:\/\/tienda.brecha.com.uy\/#organization","name":"Tienda - Brecha","url":"https:\/\/tienda.brecha.com.uy\/","logo":{"@type":"ImageObject","inLanguage":"es","@id":"https:\/\/tienda.brecha.com.uy\/#\/schema\/logo\/image\/","url":"https:\/\/tienda.brecha.com.uy\/wp-content\/uploads\/2025\/09\/cropped-Brechatienda.png","contentUrl":"https:\/\/tienda.brecha.com.uy\/wp-content\/uploads\/2025\/09\/cropped-Brechatienda.png","width":240,"height":67,"caption":"Tienda - Brecha"},"image":{"@id":"https:\/\/tienda.brecha.com.uy\/#\/schema\/logo\/image\/"}}]}},"jetpack_sharing_enabled":true,"_links":{"self":[{"href":"https:\/\/tienda.brecha.com.uy\/index.php\/wp-json\/wp\/v2\/product\/131","targetHints":{"allow":["GET"]}}],"collection":[{"href":"https:\/\/tienda.brecha.com.uy\/index.php\/wp-json\/wp\/v2\/product"}],"about":[{"href":"https:\/\/tienda.brecha.com.uy\/index.php\/wp-json\/wp\/v2\/types\/product"}],"replies":[{"embeddable":true,"href":"https:\/\/tienda.brecha.com.uy\/index.php\/wp-json\/wp\/v2\/comments?post=131"}],"wp:featuredmedia":[{"embeddable":true,"href":"https:\/\/tienda.brecha.com.uy\/index.php\/wp-json\/wp\/v2\/media\/161"}],"wp:attachment":[{"href":"https:\/\/tienda.brecha.com.uy\/index.php\/wp-json\/wp\/v2\/media?parent=131"}],"wp:term":[{"taxonomy":"product_brand","embeddable":true,"href":"https:\/\/tienda.brecha.com.uy\/index.php\/wp-json\/wp\/v2\/product_brand?post=131"},{"taxonomy":"product_cat","embeddable":true,"href":"https:\/\/tienda.brecha.com.uy\/index.php\/wp-json\/wp\/v2\/product_cat?post=131"},{"taxonomy":"product_tag","embeddable":true,"href":"https:\/\/tienda.brecha.com.uy\/index.php\/wp-json\/wp\/v2\/product_tag?post=131"}],"curies":[{"name":"wp","href":"https:\/\/api.w.org\/{rel}","templated":true}]}}