{"id":141,"date":"2025-07-24T18:06:55","date_gmt":"2025-07-24T18:06:55","guid":{"rendered":"https:\/\/tienda.brecha.com.uy\/?post_type=product&#038;p=141"},"modified":"2025-09-18T02:00:19","modified_gmt":"2025-09-18T02:00:19","slug":"desaparecidos-en-busca-de-la-verdad","status":"publish","type":"product","link":"https:\/\/tienda.brecha.com.uy\/index.php\/producto\/desaparecidos-en-busca-de-la-verdad\/","title":{"rendered":"Desaparecidos"},"content":{"rendered":"<p><strong>Libro ganador del 41\u00b0 Premio de Periodismo en la categor\u00eda Gran Reportaje, otorgado por el Movimiento de Justicia y Derechos Humanos de Brasil.<\/strong><\/p>\n<p>\u201cDesaparecidos\u201d es una cr\u00f3nica exhaustiva que, por primera vez, relata en su conjunto la b\u00fasqueda de los cementerios clandestinos, con sus aciertos y sus frustraciones, en el contexto de la <em>omert\u00e0<\/em> militar y la complicidad pol\u00edtica que consolida la impunidad.<\/p>\n<p><span style=\"font-weight: 400;\">\u2014\u00bfC\u00f3mo explica la aparici\u00f3n de los restos del escribano Miranda en el predio del Batall\u00f3n 13?\u00a0<\/span><\/p>\n<p><span style=\"font-weight: 400;\">\u2014Nosotros no tomamos parte de nada, eso deber\u00eda haber sido alguna actividad de los servicios de inteligencia.<\/span><\/p>\n<p><span style=\"font-weight: 400;\">\u00a0\u2014\u00bfLos servicios de inteligencia pueden entrar al batall\u00f3n sin autorizaci\u00f3n del jefe? <\/span><\/p>\n<p><span style=\"font-weight: 400;\">\u2014Te\u00f3ricamente, no, pero si el Comando da la orden de que se permita el acceso, hay que permitirlo.<\/span><\/p>\n<p><span style=\"font-weight: 400;\">\u00a0\u2014En la hip\u00f3tesis de que se hubiera producido esa orden, \u00bfc\u00f3mo se efectiviza?<\/span><\/p>\n<p><span style=\"font-weight: 400;\">\u00a0\u2014En realidad, si alguien va a entrar al cuartel, antes tiene que haber una orden de arriba que diga por d\u00f3nde lo debemos dejar pasar.\u00a0<\/span><\/p>\n<p><span style=\"font-weight: 400;\">\u2014\u00bfQui\u00e9n recibir\u00eda esa orden?<\/span><\/p>\n<p><span style=\"font-weight: 400;\">\u00a0\u2014Yo.\u00a0<\/span><\/p>\n<p><span style=\"font-weight: 400;\">\u2014\u00bfRecibi\u00f3 esa clase de comunicaci\u00f3n?.<\/span><\/p>\n<p><span style=\"font-weight: 400;\">\u00a0\u2014S\u00ed.<\/span><\/p>\n<p><span style=\"font-weight: 400;\">\u00a0\u2014\u00bfCu\u00e1ndo recibi\u00f3 esa comunicaci\u00f3n?, \u00bfy de qui\u00e9n?<\/span><\/p>\n<p><span style=\"font-weight: 400;\">\u00a0\u2014Fue el primer a\u00f1o que estuve ah\u00ed, en 1975. El comandante en jefe [Julio C\u00e9sar] Vadora me dijo que iba a haber una operaci\u00f3n de inteligencia, que yo no apoyara ni interviniera de manera alguna y que no iban a ir por el frente.\u00a0<\/span><\/p>\n<p><span style=\"font-weight: 400;\">\u2014\u00bfQu\u00e9 pens\u00f3 usted respecto a en qu\u00e9 consisti\u00f3 la operaci\u00f3n de inteligencia?\u00a0<\/span><\/p>\n<p><span style=\"font-weight: 400;\">\u2014Pens\u00e9 que era algo grave, pero no s\u00e9, probablemente a matar a alguno. Pero no pens\u00e9 mucho.\u00a0<\/span><\/p>\n<p><span style=\"font-weight: 400;\">La confesi\u00f3n del general Mario Aguerrondo, comandante del Batall\u00f3n de Infanter\u00eda 13, explica las desapariciones de ocho prisioneros del centro de torturas 300 Carlos. Revela c\u00f3mo se emit\u00eda la orden y c\u00f3mo funcionaba la cadena de mando. Confesiones como esta aparecen en los documentos oficiales -expedientes judiciales, legajos personales, tribunales de honor- y permiten completar la historia de la infamia. Salvo el secreto del destino final de las v\u00edctimas, que permanece impenetrable por la debilidad del poder civil frente a la autonom\u00eda militar, en una transici\u00f3n de la dictadura a la democracia que se vuelve perenne. De todo esto trata este libro<\/span><\/p>\n<p>&nbsp;<\/p>\n","protected":false},"excerpt":{"rendered":"<p>Autores: Samuel Blixen y Nilo Pati\u00f1o.<\/p>\n","protected":false},"featured_media":658,"comment_status":"closed","ping_status":"closed","template":"","meta":[],"product_brand":[],"product_cat":[18,20,22,29,23],"product_tag":[],"class_list":{"0":"post-141","1":"product","2":"type-product","3":"status-publish","4":"has-post-thumbnail","6":"product_cat-destacados","7":"product_cat-ediciones-brecha","8":"product_cat-nilo-patino","9":"product_cat-periodismo","10":"product_cat-samuel-blixen","12":"first","13":"instock","14":"shipping-taxable","15":"purchasable","16":"product-type-simple"},"yoast_head":"<!-- This site is optimized with the Yoast SEO plugin v27.6 - https:\/\/yoast.com\/product\/yoast-seo-wordpress\/ -->\n<title>Desaparecidos - Tienda - Brecha<\/title>\n<meta name=\"robots\" content=\"index, follow, max-snippet:-1, max-image-preview:large, max-video-preview:-1\" \/>\n<link rel=\"canonical\" href=\"https:\/\/tienda.brecha.com.uy\/index.php\/producto\/desaparecidos-en-busca-de-la-verdad\/\" \/>\n<meta property=\"og:locale\" content=\"es_ES\" \/>\n<meta property=\"og:type\" content=\"article\" \/>\n<meta property=\"og:title\" content=\"Desaparecidos - Tienda - Brecha\" \/>\n<meta property=\"og:description\" content=\"Autores: Samuel Blixen y Nilo Pati\u00f1o.\" \/>\n<meta property=\"og:url\" content=\"https:\/\/tienda.brecha.com.uy\/index.php\/producto\/desaparecidos-en-busca-de-la-verdad\/\" \/>\n<meta property=\"og:site_name\" content=\"Tienda - Brecha\" \/>\n<meta property=\"article:modified_time\" content=\"2025-09-18T02:00:19+00:00\" \/>\n<meta property=\"og:image\" content=\"https:\/\/tienda.brecha.com.uy\/wp-content\/uploads\/2025\/07\/TAPAS-LIBROS.png\" \/>\n\t<meta property=\"og:image:width\" content=\"601\" \/>\n\t<meta property=\"og:image:height\" content=\"601\" \/>\n\t<meta property=\"og:image:type\" content=\"image\/png\" \/>\n<meta name=\"twitter:card\" content=\"summary_large_image\" \/>\n<meta name=\"twitter:label1\" content=\"Tiempo de lectura\" \/>\n\t<meta name=\"twitter:data1\" content=\"2 minutos\" \/>\n<script type=\"application\/ld+json\" class=\"yoast-schema-graph\">{\"@context\":\"https:\\\/\\\/schema.org\",\"@graph\":[{\"@type\":\"WebPage\",\"@id\":\"https:\\\/\\\/tienda.brecha.com.uy\\\/index.php\\\/producto\\\/desaparecidos-en-busca-de-la-verdad\\\/\",\"url\":\"https:\\\/\\\/tienda.brecha.com.uy\\\/index.php\\\/producto\\\/desaparecidos-en-busca-de-la-verdad\\\/\",\"name\":\"Desaparecidos - Tienda - Brecha\",\"isPartOf\":{\"@id\":\"https:\\\/\\\/tienda.brecha.com.uy\\\/#website\"},\"primaryImageOfPage\":{\"@id\":\"https:\\\/\\\/tienda.brecha.com.uy\\\/index.php\\\/producto\\\/desaparecidos-en-busca-de-la-verdad\\\/#primaryimage\"},\"image\":{\"@id\":\"https:\\\/\\\/tienda.brecha.com.uy\\\/index.php\\\/producto\\\/desaparecidos-en-busca-de-la-verdad\\\/#primaryimage\"},\"thumbnailUrl\":\"https:\\\/\\\/tienda.brecha.com.uy\\\/wp-content\\\/uploads\\\/2025\\\/07\\\/TAPAS-LIBROS.png\",\"datePublished\":\"2025-07-24T18:06:55+00:00\",\"dateModified\":\"2025-09-18T02:00:19+00:00\",\"breadcrumb\":{\"@id\":\"https:\\\/\\\/tienda.brecha.com.uy\\\/index.php\\\/producto\\\/desaparecidos-en-busca-de-la-verdad\\\/#breadcrumb\"},\"inLanguage\":\"es\",\"potentialAction\":[{\"@type\":\"ReadAction\",\"target\":[\"https:\\\/\\\/tienda.brecha.com.uy\\\/index.php\\\/producto\\\/desaparecidos-en-busca-de-la-verdad\\\/\"]}]},{\"@type\":\"ImageObject\",\"inLanguage\":\"es\",\"@id\":\"https:\\\/\\\/tienda.brecha.com.uy\\\/index.php\\\/producto\\\/desaparecidos-en-busca-de-la-verdad\\\/#primaryimage\",\"url\":\"https:\\\/\\\/tienda.brecha.com.uy\\\/wp-content\\\/uploads\\\/2025\\\/07\\\/TAPAS-LIBROS.png\",\"contentUrl\":\"https:\\\/\\\/tienda.brecha.com.uy\\\/wp-content\\\/uploads\\\/2025\\\/07\\\/TAPAS-LIBROS.png\",\"width\":601,\"height\":601},{\"@type\":\"BreadcrumbList\",\"@id\":\"https:\\\/\\\/tienda.brecha.com.uy\\\/index.php\\\/producto\\\/desaparecidos-en-busca-de-la-verdad\\\/#breadcrumb\",\"itemListElement\":[{\"@type\":\"ListItem\",\"position\":1,\"name\":\"Portada\",\"item\":\"https:\\\/\\\/tienda.brecha.com.uy\\\/\"},{\"@type\":\"ListItem\",\"position\":2,\"name\":\"Tienda\",\"item\":\"https:\\\/\\\/tienda.brecha.com.uy\\\/index.php\\\/tienda\\\/\"},{\"@type\":\"ListItem\",\"position\":3,\"name\":\"Desaparecidos\"}]},{\"@type\":\"WebSite\",\"@id\":\"https:\\\/\\\/tienda.brecha.com.uy\\\/#website\",\"url\":\"https:\\\/\\\/tienda.brecha.com.uy\\\/\",\"name\":\"Tienda - Brecha\",\"description\":\"\",\"publisher\":{\"@id\":\"https:\\\/\\\/tienda.brecha.com.uy\\\/#organization\"},\"potentialAction\":[{\"@type\":\"SearchAction\",\"target\":{\"@type\":\"EntryPoint\",\"urlTemplate\":\"https:\\\/\\\/tienda.brecha.com.uy\\\/?s={search_term_string}\"},\"query-input\":{\"@type\":\"PropertyValueSpecification\",\"valueRequired\":true,\"valueName\":\"search_term_string\"}}],\"inLanguage\":\"es\"},{\"@type\":\"Organization\",\"@id\":\"https:\\\/\\\/tienda.brecha.com.uy\\\/#organization\",\"name\":\"Tienda - Brecha\",\"url\":\"https:\\\/\\\/tienda.brecha.com.uy\\\/\",\"logo\":{\"@type\":\"ImageObject\",\"inLanguage\":\"es\",\"@id\":\"https:\\\/\\\/tienda.brecha.com.uy\\\/#\\\/schema\\\/logo\\\/image\\\/\",\"url\":\"https:\\\/\\\/tienda.brecha.com.uy\\\/wp-content\\\/uploads\\\/2025\\\/09\\\/cropped-Brechatienda.png\",\"contentUrl\":\"https:\\\/\\\/tienda.brecha.com.uy\\\/wp-content\\\/uploads\\\/2025\\\/09\\\/cropped-Brechatienda.png\",\"width\":240,\"height\":67,\"caption\":\"Tienda - Brecha\"},\"image\":{\"@id\":\"https:\\\/\\\/tienda.brecha.com.uy\\\/#\\\/schema\\\/logo\\\/image\\\/\"}}]}<\/script>\n<!-- \/ Yoast SEO plugin. -->","yoast_head_json":{"title":"Desaparecidos - Tienda - Brecha","robots":{"index":"index","follow":"follow","max-snippet":"max-snippet:-1","max-image-preview":"max-image-preview:large","max-video-preview":"max-video-preview:-1"},"canonical":"https:\/\/tienda.brecha.com.uy\/index.php\/producto\/desaparecidos-en-busca-de-la-verdad\/","og_locale":"es_ES","og_type":"article","og_title":"Desaparecidos - Tienda - Brecha","og_description":"Autores: Samuel Blixen y Nilo Pati\u00f1o.","og_url":"https:\/\/tienda.brecha.com.uy\/index.php\/producto\/desaparecidos-en-busca-de-la-verdad\/","og_site_name":"Tienda - Brecha","article_modified_time":"2025-09-18T02:00:19+00:00","og_image":[{"width":601,"height":601,"url":"https:\/\/tienda.brecha.com.uy\/wp-content\/uploads\/2025\/07\/TAPAS-LIBROS.png","type":"image\/png"}],"twitter_card":"summary_large_image","twitter_misc":{"Tiempo de lectura":"2 minutos"},"schema":{"@context":"https:\/\/schema.org","@graph":[{"@type":"WebPage","@id":"https:\/\/tienda.brecha.com.uy\/index.php\/producto\/desaparecidos-en-busca-de-la-verdad\/","url":"https:\/\/tienda.brecha.com.uy\/index.php\/producto\/desaparecidos-en-busca-de-la-verdad\/","name":"Desaparecidos - Tienda - Brecha","isPartOf":{"@id":"https:\/\/tienda.brecha.com.uy\/#website"},"primaryImageOfPage":{"@id":"https:\/\/tienda.brecha.com.uy\/index.php\/producto\/desaparecidos-en-busca-de-la-verdad\/#primaryimage"},"image":{"@id":"https:\/\/tienda.brecha.com.uy\/index.php\/producto\/desaparecidos-en-busca-de-la-verdad\/#primaryimage"},"thumbnailUrl":"https:\/\/tienda.brecha.com.uy\/wp-content\/uploads\/2025\/07\/TAPAS-LIBROS.png","datePublished":"2025-07-24T18:06:55+00:00","dateModified":"2025-09-18T02:00:19+00:00","breadcrumb":{"@id":"https:\/\/tienda.brecha.com.uy\/index.php\/producto\/desaparecidos-en-busca-de-la-verdad\/#breadcrumb"},"inLanguage":"es","potentialAction":[{"@type":"ReadAction","target":["https:\/\/tienda.brecha.com.uy\/index.php\/producto\/desaparecidos-en-busca-de-la-verdad\/"]}]},{"@type":"ImageObject","inLanguage":"es","@id":"https:\/\/tienda.brecha.com.uy\/index.php\/producto\/desaparecidos-en-busca-de-la-verdad\/#primaryimage","url":"https:\/\/tienda.brecha.com.uy\/wp-content\/uploads\/2025\/07\/TAPAS-LIBROS.png","contentUrl":"https:\/\/tienda.brecha.com.uy\/wp-content\/uploads\/2025\/07\/TAPAS-LIBROS.png","width":601,"height":601},{"@type":"BreadcrumbList","@id":"https:\/\/tienda.brecha.com.uy\/index.php\/producto\/desaparecidos-en-busca-de-la-verdad\/#breadcrumb","itemListElement":[{"@type":"ListItem","position":1,"name":"Portada","item":"https:\/\/tienda.brecha.com.uy\/"},{"@type":"ListItem","position":2,"name":"Tienda","item":"https:\/\/tienda.brecha.com.uy\/index.php\/tienda\/"},{"@type":"ListItem","position":3,"name":"Desaparecidos"}]},{"@type":"WebSite","@id":"https:\/\/tienda.brecha.com.uy\/#website","url":"https:\/\/tienda.brecha.com.uy\/","name":"Tienda - Brecha","description":"","publisher":{"@id":"https:\/\/tienda.brecha.com.uy\/#organization"},"potentialAction":[{"@type":"SearchAction","target":{"@type":"EntryPoint","urlTemplate":"https:\/\/tienda.brecha.com.uy\/?s={search_term_string}"},"query-input":{"@type":"PropertyValueSpecification","valueRequired":true,"valueName":"search_term_string"}}],"inLanguage":"es"},{"@type":"Organization","@id":"https:\/\/tienda.brecha.com.uy\/#organization","name":"Tienda - Brecha","url":"https:\/\/tienda.brecha.com.uy\/","logo":{"@type":"ImageObject","inLanguage":"es","@id":"https:\/\/tienda.brecha.com.uy\/#\/schema\/logo\/image\/","url":"https:\/\/tienda.brecha.com.uy\/wp-content\/uploads\/2025\/09\/cropped-Brechatienda.png","contentUrl":"https:\/\/tienda.brecha.com.uy\/wp-content\/uploads\/2025\/09\/cropped-Brechatienda.png","width":240,"height":67,"caption":"Tienda - Brecha"},"image":{"@id":"https:\/\/tienda.brecha.com.uy\/#\/schema\/logo\/image\/"}}]}},"jetpack_sharing_enabled":true,"_links":{"self":[{"href":"https:\/\/tienda.brecha.com.uy\/index.php\/wp-json\/wp\/v2\/product\/141","targetHints":{"allow":["GET"]}}],"collection":[{"href":"https:\/\/tienda.brecha.com.uy\/index.php\/wp-json\/wp\/v2\/product"}],"about":[{"href":"https:\/\/tienda.brecha.com.uy\/index.php\/wp-json\/wp\/v2\/types\/product"}],"replies":[{"embeddable":true,"href":"https:\/\/tienda.brecha.com.uy\/index.php\/wp-json\/wp\/v2\/comments?post=141"}],"wp:featuredmedia":[{"embeddable":true,"href":"https:\/\/tienda.brecha.com.uy\/index.php\/wp-json\/wp\/v2\/media\/658"}],"wp:attachment":[{"href":"https:\/\/tienda.brecha.com.uy\/index.php\/wp-json\/wp\/v2\/media?parent=141"}],"wp:term":[{"taxonomy":"product_brand","embeddable":true,"href":"https:\/\/tienda.brecha.com.uy\/index.php\/wp-json\/wp\/v2\/product_brand?post=141"},{"taxonomy":"product_cat","embeddable":true,"href":"https:\/\/tienda.brecha.com.uy\/index.php\/wp-json\/wp\/v2\/product_cat?post=141"},{"taxonomy":"product_tag","embeddable":true,"href":"https:\/\/tienda.brecha.com.uy\/index.php\/wp-json\/wp\/v2\/product_tag?post=141"}],"curies":[{"name":"wp","href":"https:\/\/api.w.org\/{rel}","templated":true}]}}