{"id":145,"date":"2025-07-24T18:06:55","date_gmt":"2025-07-24T18:06:55","guid":{"rendered":"https:\/\/tienda.brecha.com.uy\/?post_type=product&#038;p=145"},"modified":"2025-09-22T20:49:25","modified_gmt":"2025-09-22T20:49:25","slug":"atrapado-en-libertad","status":"publish","type":"product","link":"https:\/\/tienda.brecha.com.uy\/index.php\/producto\/atrapado-en-libertad\/","title":{"rendered":"Atrapado en Libertad"},"content":{"rendered":"<h4 class=\"bajada\">C\u00e1rcel y criminalizaci\u00f3n de la pobreza y la juventud Uruguay 1985-2002<\/h4>\n<p><em>Atrapado en Libertad<\/em>\u00a0nos sumerge de manera conmovedora en el contexto carcelario uruguayo durante el per\u00edodo 1985 a 2002. Con un enfoque cr\u00edtico y agudo, Diego P\u00e9rez Lema revela las entra\u00f1as del r\u00e9gimen disciplinario y la lucha por la supervivencia entre las personas prisionizadas en una sociedad posdictatorial.<br \/>\nDesde una perspectiva hist\u00f3rica, el autor arroja luz sobre las condiciones inhumanas de reclusi\u00f3n, la violencia institucional y la vulneraci\u00f3n de los derechos fundamentales de quienes fueron v\u00edctimas dela criminalizaci\u00f3n de la pobreza y la juventud. Nos invita a adentrarnos en las experiencias traum\u00e1ticas y los actos de resistencia de personas privadas de libertad y familiares, revelando una realidad silenciada.<br \/>\nEste libro no solo nos confronta con el oscuro legado de un sistema carcelario marcado por la represi\u00f3n y la injusticia, sino que tambi\u00e9n nos desaf\u00eda a reflexionar sobre el impacto continuo del colonialismo y el neoliberalismo en las sociedades latinoamericanas.<br \/>\n<em>Atrapado en Libertad<\/em>\u00a0nos invita a repensar nuestras concepciones de justicia y a imaginar un futuro donde la c\u00e1rcel ya no sea el destino inevitable de los cuerpos empobrecidos y racializados. El libro es tambi\u00e9n un llamado a la acci\u00f3n, un recordatorio de la resistencia y la dignidad de aquellas personas que han sido atrapadas en las garras de un sistema opresivo, un aporte para la construcci\u00f3n de un mundo donde la libertad sea verdaderamente accesible para toda la sociedad.<\/p>\n<p>DIEGO P\u00c9REZ LEMA<br \/>\nNaci\u00f3 en Montevideo en 1990. Es docente de historia e investigador. Public\u00f3\u00a0<em>\u00bfQui\u00e9n escupi\u00f3 el asado? Subcultura y anarquismos en la posdictadura<\/em>\u00a0(Alter, 2020),\u00a0<em>Bajo Tierra. Cartograf\u00eda incompleta de revistas subtes y fanzines. Uruguay 1986-1990<\/em>\u00a0(Alter, 2021),<em><a href=\"http:\/\/devenirotroscuerpos.com\/\">devenirotroscuerpos.com<\/a><\/em>(RedCsur, 2021). Como docente y junto con estudiantes, public\u00f3\u00a0<em>Casab\u00f3 por Casab\u00f3. Otras miradas del barrio por quienes lo habitan<\/em>\u00a0(CdF, 2018) y\u00a0<em>Narrativas del barrio<\/em>\u00a0(CdF, 2019). Ha colaborado con el peri\u00f3dico\u00a0<em>La Diaria<\/em>\u00a0y con el semanario\u00a0<em>Brecha<\/em>.<\/p>\n","protected":false},"excerpt":{"rendered":"<p>Autor: Diego P\u00e9rez Lema<\/p>\n","protected":false},"featured_media":196,"comment_status":"closed","ping_status":"closed","template":"","meta":[],"product_brand":[],"product_cat":[35,18,82],"product_tag":[113],"class_list":{"0":"post-145","1":"product","2":"type-product","3":"status-publish","4":"has-post-thumbnail","6":"product_cat-alter-ediciones","7":"product_cat-destacados","8":"product_cat-diego-perez-lema","9":"product_tag-editoriales-amigas","11":"first","12":"instock","13":"purchasable","14":"product-type-simple"},"yoast_head":"<!-- This site is optimized with the Yoast SEO plugin v27.6 - https:\/\/yoast.com\/product\/yoast-seo-wordpress\/ -->\n<title>Atrapado en Libertad - Tienda - Brecha<\/title>\n<meta name=\"robots\" content=\"index, follow, max-snippet:-1, max-image-preview:large, max-video-preview:-1\" \/>\n<link rel=\"canonical\" href=\"https:\/\/tienda.brecha.com.uy\/index.php\/producto\/atrapado-en-libertad\/\" \/>\n<meta property=\"og:locale\" content=\"es_ES\" \/>\n<meta property=\"og:type\" content=\"article\" \/>\n<meta property=\"og:title\" content=\"Atrapado en Libertad - Tienda - Brecha\" \/>\n<meta property=\"og:description\" content=\"Autor: Diego P\u00e9rez Lema\" \/>\n<meta property=\"og:url\" content=\"https:\/\/tienda.brecha.com.uy\/index.php\/producto\/atrapado-en-libertad\/\" \/>\n<meta property=\"og:site_name\" content=\"Tienda - Brecha\" \/>\n<meta property=\"article:modified_time\" content=\"2025-09-22T20:49:25+00:00\" \/>\n<meta property=\"og:image\" content=\"https:\/\/tienda.brecha.com.uy\/wp-content\/uploads\/2025\/07\/Alter_atrapadoenlibertad.png\" \/>\n\t<meta property=\"og:image:width\" content=\"601\" \/>\n\t<meta property=\"og:image:height\" content=\"601\" \/>\n\t<meta property=\"og:image:type\" content=\"image\/png\" \/>\n<meta name=\"twitter:card\" content=\"summary_large_image\" \/>\n<meta name=\"twitter:label1\" content=\"Tiempo de lectura\" \/>\n\t<meta name=\"twitter:data1\" content=\"2 minutos\" \/>\n<script type=\"application\/ld+json\" class=\"yoast-schema-graph\">{\"@context\":\"https:\\\/\\\/schema.org\",\"@graph\":[{\"@type\":\"WebPage\",\"@id\":\"https:\\\/\\\/tienda.brecha.com.uy\\\/index.php\\\/producto\\\/atrapado-en-libertad\\\/\",\"url\":\"https:\\\/\\\/tienda.brecha.com.uy\\\/index.php\\\/producto\\\/atrapado-en-libertad\\\/\",\"name\":\"Atrapado en Libertad - Tienda - Brecha\",\"isPartOf\":{\"@id\":\"https:\\\/\\\/tienda.brecha.com.uy\\\/#website\"},\"primaryImageOfPage\":{\"@id\":\"https:\\\/\\\/tienda.brecha.com.uy\\\/index.php\\\/producto\\\/atrapado-en-libertad\\\/#primaryimage\"},\"image\":{\"@id\":\"https:\\\/\\\/tienda.brecha.com.uy\\\/index.php\\\/producto\\\/atrapado-en-libertad\\\/#primaryimage\"},\"thumbnailUrl\":\"https:\\\/\\\/tienda.brecha.com.uy\\\/wp-content\\\/uploads\\\/2025\\\/07\\\/Alter_atrapadoenlibertad.png\",\"datePublished\":\"2025-07-24T18:06:55+00:00\",\"dateModified\":\"2025-09-22T20:49:25+00:00\",\"breadcrumb\":{\"@id\":\"https:\\\/\\\/tienda.brecha.com.uy\\\/index.php\\\/producto\\\/atrapado-en-libertad\\\/#breadcrumb\"},\"inLanguage\":\"es\",\"potentialAction\":[{\"@type\":\"ReadAction\",\"target\":[\"https:\\\/\\\/tienda.brecha.com.uy\\\/index.php\\\/producto\\\/atrapado-en-libertad\\\/\"]}]},{\"@type\":\"ImageObject\",\"inLanguage\":\"es\",\"@id\":\"https:\\\/\\\/tienda.brecha.com.uy\\\/index.php\\\/producto\\\/atrapado-en-libertad\\\/#primaryimage\",\"url\":\"https:\\\/\\\/tienda.brecha.com.uy\\\/wp-content\\\/uploads\\\/2025\\\/07\\\/Alter_atrapadoenlibertad.png\",\"contentUrl\":\"https:\\\/\\\/tienda.brecha.com.uy\\\/wp-content\\\/uploads\\\/2025\\\/07\\\/Alter_atrapadoenlibertad.png\",\"width\":601,\"height\":601},{\"@type\":\"BreadcrumbList\",\"@id\":\"https:\\\/\\\/tienda.brecha.com.uy\\\/index.php\\\/producto\\\/atrapado-en-libertad\\\/#breadcrumb\",\"itemListElement\":[{\"@type\":\"ListItem\",\"position\":1,\"name\":\"Portada\",\"item\":\"https:\\\/\\\/tienda.brecha.com.uy\\\/\"},{\"@type\":\"ListItem\",\"position\":2,\"name\":\"Tienda\",\"item\":\"https:\\\/\\\/tienda.brecha.com.uy\\\/index.php\\\/tienda\\\/\"},{\"@type\":\"ListItem\",\"position\":3,\"name\":\"Atrapado en Libertad\"}]},{\"@type\":\"WebSite\",\"@id\":\"https:\\\/\\\/tienda.brecha.com.uy\\\/#website\",\"url\":\"https:\\\/\\\/tienda.brecha.com.uy\\\/\",\"name\":\"Tienda - Brecha\",\"description\":\"\",\"publisher\":{\"@id\":\"https:\\\/\\\/tienda.brecha.com.uy\\\/#organization\"},\"potentialAction\":[{\"@type\":\"SearchAction\",\"target\":{\"@type\":\"EntryPoint\",\"urlTemplate\":\"https:\\\/\\\/tienda.brecha.com.uy\\\/?s={search_term_string}\"},\"query-input\":{\"@type\":\"PropertyValueSpecification\",\"valueRequired\":true,\"valueName\":\"search_term_string\"}}],\"inLanguage\":\"es\"},{\"@type\":\"Organization\",\"@id\":\"https:\\\/\\\/tienda.brecha.com.uy\\\/#organization\",\"name\":\"Tienda - Brecha\",\"url\":\"https:\\\/\\\/tienda.brecha.com.uy\\\/\",\"logo\":{\"@type\":\"ImageObject\",\"inLanguage\":\"es\",\"@id\":\"https:\\\/\\\/tienda.brecha.com.uy\\\/#\\\/schema\\\/logo\\\/image\\\/\",\"url\":\"https:\\\/\\\/tienda.brecha.com.uy\\\/wp-content\\\/uploads\\\/2025\\\/09\\\/cropped-Brechatienda.png\",\"contentUrl\":\"https:\\\/\\\/tienda.brecha.com.uy\\\/wp-content\\\/uploads\\\/2025\\\/09\\\/cropped-Brechatienda.png\",\"width\":240,\"height\":67,\"caption\":\"Tienda - Brecha\"},\"image\":{\"@id\":\"https:\\\/\\\/tienda.brecha.com.uy\\\/#\\\/schema\\\/logo\\\/image\\\/\"}}]}<\/script>\n<!-- \/ Yoast SEO plugin. -->","yoast_head_json":{"title":"Atrapado en Libertad - Tienda - Brecha","robots":{"index":"index","follow":"follow","max-snippet":"max-snippet:-1","max-image-preview":"max-image-preview:large","max-video-preview":"max-video-preview:-1"},"canonical":"https:\/\/tienda.brecha.com.uy\/index.php\/producto\/atrapado-en-libertad\/","og_locale":"es_ES","og_type":"article","og_title":"Atrapado en Libertad - Tienda - Brecha","og_description":"Autor: Diego P\u00e9rez Lema","og_url":"https:\/\/tienda.brecha.com.uy\/index.php\/producto\/atrapado-en-libertad\/","og_site_name":"Tienda - Brecha","article_modified_time":"2025-09-22T20:49:25+00:00","og_image":[{"width":601,"height":601,"url":"https:\/\/tienda.brecha.com.uy\/wp-content\/uploads\/2025\/07\/Alter_atrapadoenlibertad.png","type":"image\/png"}],"twitter_card":"summary_large_image","twitter_misc":{"Tiempo de lectura":"2 minutos"},"schema":{"@context":"https:\/\/schema.org","@graph":[{"@type":"WebPage","@id":"https:\/\/tienda.brecha.com.uy\/index.php\/producto\/atrapado-en-libertad\/","url":"https:\/\/tienda.brecha.com.uy\/index.php\/producto\/atrapado-en-libertad\/","name":"Atrapado en Libertad - Tienda - Brecha","isPartOf":{"@id":"https:\/\/tienda.brecha.com.uy\/#website"},"primaryImageOfPage":{"@id":"https:\/\/tienda.brecha.com.uy\/index.php\/producto\/atrapado-en-libertad\/#primaryimage"},"image":{"@id":"https:\/\/tienda.brecha.com.uy\/index.php\/producto\/atrapado-en-libertad\/#primaryimage"},"thumbnailUrl":"https:\/\/tienda.brecha.com.uy\/wp-content\/uploads\/2025\/07\/Alter_atrapadoenlibertad.png","datePublished":"2025-07-24T18:06:55+00:00","dateModified":"2025-09-22T20:49:25+00:00","breadcrumb":{"@id":"https:\/\/tienda.brecha.com.uy\/index.php\/producto\/atrapado-en-libertad\/#breadcrumb"},"inLanguage":"es","potentialAction":[{"@type":"ReadAction","target":["https:\/\/tienda.brecha.com.uy\/index.php\/producto\/atrapado-en-libertad\/"]}]},{"@type":"ImageObject","inLanguage":"es","@id":"https:\/\/tienda.brecha.com.uy\/index.php\/producto\/atrapado-en-libertad\/#primaryimage","url":"https:\/\/tienda.brecha.com.uy\/wp-content\/uploads\/2025\/07\/Alter_atrapadoenlibertad.png","contentUrl":"https:\/\/tienda.brecha.com.uy\/wp-content\/uploads\/2025\/07\/Alter_atrapadoenlibertad.png","width":601,"height":601},{"@type":"BreadcrumbList","@id":"https:\/\/tienda.brecha.com.uy\/index.php\/producto\/atrapado-en-libertad\/#breadcrumb","itemListElement":[{"@type":"ListItem","position":1,"name":"Portada","item":"https:\/\/tienda.brecha.com.uy\/"},{"@type":"ListItem","position":2,"name":"Tienda","item":"https:\/\/tienda.brecha.com.uy\/index.php\/tienda\/"},{"@type":"ListItem","position":3,"name":"Atrapado en Libertad"}]},{"@type":"WebSite","@id":"https:\/\/tienda.brecha.com.uy\/#website","url":"https:\/\/tienda.brecha.com.uy\/","name":"Tienda - Brecha","description":"","publisher":{"@id":"https:\/\/tienda.brecha.com.uy\/#organization"},"potentialAction":[{"@type":"SearchAction","target":{"@type":"EntryPoint","urlTemplate":"https:\/\/tienda.brecha.com.uy\/?s={search_term_string}"},"query-input":{"@type":"PropertyValueSpecification","valueRequired":true,"valueName":"search_term_string"}}],"inLanguage":"es"},{"@type":"Organization","@id":"https:\/\/tienda.brecha.com.uy\/#organization","name":"Tienda - Brecha","url":"https:\/\/tienda.brecha.com.uy\/","logo":{"@type":"ImageObject","inLanguage":"es","@id":"https:\/\/tienda.brecha.com.uy\/#\/schema\/logo\/image\/","url":"https:\/\/tienda.brecha.com.uy\/wp-content\/uploads\/2025\/09\/cropped-Brechatienda.png","contentUrl":"https:\/\/tienda.brecha.com.uy\/wp-content\/uploads\/2025\/09\/cropped-Brechatienda.png","width":240,"height":67,"caption":"Tienda - Brecha"},"image":{"@id":"https:\/\/tienda.brecha.com.uy\/#\/schema\/logo\/image\/"}}]}},"jetpack_sharing_enabled":true,"_links":{"self":[{"href":"https:\/\/tienda.brecha.com.uy\/index.php\/wp-json\/wp\/v2\/product\/145","targetHints":{"allow":["GET"]}}],"collection":[{"href":"https:\/\/tienda.brecha.com.uy\/index.php\/wp-json\/wp\/v2\/product"}],"about":[{"href":"https:\/\/tienda.brecha.com.uy\/index.php\/wp-json\/wp\/v2\/types\/product"}],"replies":[{"embeddable":true,"href":"https:\/\/tienda.brecha.com.uy\/index.php\/wp-json\/wp\/v2\/comments?post=145"}],"wp:featuredmedia":[{"embeddable":true,"href":"https:\/\/tienda.brecha.com.uy\/index.php\/wp-json\/wp\/v2\/media\/196"}],"wp:attachment":[{"href":"https:\/\/tienda.brecha.com.uy\/index.php\/wp-json\/wp\/v2\/media?parent=145"}],"wp:term":[{"taxonomy":"product_brand","embeddable":true,"href":"https:\/\/tienda.brecha.com.uy\/index.php\/wp-json\/wp\/v2\/product_brand?post=145"},{"taxonomy":"product_cat","embeddable":true,"href":"https:\/\/tienda.brecha.com.uy\/index.php\/wp-json\/wp\/v2\/product_cat?post=145"},{"taxonomy":"product_tag","embeddable":true,"href":"https:\/\/tienda.brecha.com.uy\/index.php\/wp-json\/wp\/v2\/product_tag?post=145"}],"curies":[{"name":"wp","href":"https:\/\/api.w.org\/{rel}","templated":true}]}}