{"id":147,"date":"2025-07-24T18:06:55","date_gmt":"2025-07-24T18:06:55","guid":{"rendered":"https:\/\/tienda.brecha.com.uy\/?post_type=product&#038;p=147"},"modified":"2025-09-22T20:49:28","modified_gmt":"2025-09-22T20:49:28","slug":"nacidos-para-molestar","status":"publish","type":"product","link":"https:\/\/tienda.brecha.com.uy\/index.php\/producto\/nacidos-para-molestar\/","title":{"rendered":"Nacidos para molestar"},"content":{"rendered":"<h5 class=\"autores\">Hugo Guti\u00e9rrez<\/h5>\n<p><em>Nacidos para molestar<\/em> es m\u00e1s que un libro de an\u00e9cdotas; es un grito desde los m\u00e1rgenes, un retrato visceral de una generaci\u00f3n que creci\u00f3 entre el final de la dictadura y la posdictadura en Uruguay. Un anecdotario personal que se transforma en una exhaustiva cr\u00f3nica de la cultura rock de los ochenta, narrada por un sobreviviente de aquellos convulsionados d\u00edas. Hugo Guti\u00e9rrez nos regala un boleto al pasado reciente y, con esa fuerza germinal, nos proyecta hasta el presente.<br \/>\nEntre aventuras liceales, fanzines, la llegada de los primeros cassettes de punk londinense, las salas de ensayo, los conciertos, historias del nacimiento de bandas m\u00edticas como Los Est\u00f3magos, Los Traidores y Los Tontos, rese\u00f1as de material in\u00e9dito y rarezas nacionales y extranjeras, minuciosamente documentadas, Hugo nos sumerge en el universo del rock y el punk. Adem\u00e1s, nos regala entrevistas in\u00e9ditas a Luca Prodan, Enrique Symns y Renzo Teflfl\u00f3n. Sus relatos combinan humor negro, reflexiones profundas y experiencias de vida, con una mirada cr\u00edtica y apasionada que revela lo mejor y lo peor de esos agitados a\u00f1os.<br \/>\nEste libro es un homenaje al\u00a0<em>hazlo t\u00fa mismo<\/em>, a los sonidos crudos y a las historias de quienes se atrevieron a desafiar la represi\u00f3n y moldear su propio destino. Una obra imprescindible para entender la contracultura uruguaya y la energ\u00eda desbordante de una juventud que no estaba dispuesta a callar.<\/p>\n<p>\u00abSon pocos los roqueros que escriben. Aqu\u00ed encontr\u00e9 a uno, aunque este extra\u00f1o sujeto nunca recibir\u00e1 un Premio Nobel de Literatura y, si alg\u00fan d\u00eda eso ocurriera, seguro escupir\u00eda la cara del maestro de ceremonias. Tipos como Guti\u00e9rrez han mantenido vivo eso que sol\u00edamos llamar rock. Todos mis respetos\u00bb<br \/>\nEnrique Symns<\/p>\n<p><strong>Hugo Guti\u00e9rrez<\/strong>\u00a0naci\u00f3 en Montevideo el 27 de diciembre de 1970. Es Licenciado en Fisioterapia, egresado de la Udelar, profesi\u00f3n a la que se dedica actualmente.<br \/>\nEn 1987 cre\u00f3 el fanzine Miseria Juvenil y, por esa \u00e9poca, escribi\u00f3 textos para el grupo punk Libertad Condicional, embri\u00f3n de La Sangre de Ver\u00f3nika. Fue uno de los fundadores de esta banda en 1989, le dio su nombre y asumi\u00f3 el rol de baterista, que mantiene hasta el presente. Es responsable de \u00ab8:08, la columna que atrasa\u00bb, una secci\u00f3n ingeniosa de la p\u00e1gina de cr\u00f3nicas S\u00f3lo Rock Uruguay (devenida de la antigua revista de culto del under Solo Rock), donde comparte an\u00e9cdotas de los vibrantes a\u00f1os ochenta. Esta columna tambi\u00e9n se difunde en diversos programas radiales.<br \/>\nEn 2020, Editorial El Pirata Rojo y Negro public\u00f3 su primer libro, Una hora sangrando bajo el agua, una revisi\u00f3n de sus textos para La Sangre de Ver\u00f3nika.<br \/>\nNacidos para molestar es su segundo libro, el que durante a\u00f1os se resisti\u00f3 a publicar.<\/p>\n","protected":false},"excerpt":{"rendered":"<p>Autor: Hugo Guti\u00e9rrez<\/p>\n","protected":false},"featured_media":198,"comment_status":"closed","ping_status":"closed","template":"","meta":[],"product_brand":[],"product_cat":[35,84],"product_tag":[113],"class_list":{"0":"post-147","1":"product","2":"type-product","3":"status-publish","4":"has-post-thumbnail","6":"product_cat-alter-ediciones","7":"product_cat-hugo-gutierrez","8":"product_tag-editoriales-amigas","10":"first","11":"instock","12":"shipping-taxable","13":"purchasable","14":"product-type-simple"},"yoast_head":"<!-- This site is optimized with the Yoast SEO plugin v27.6 - https:\/\/yoast.com\/product\/yoast-seo-wordpress\/ -->\n<title>Nacidos para molestar - Tienda - Brecha<\/title>\n<meta name=\"robots\" content=\"index, follow, max-snippet:-1, max-image-preview:large, max-video-preview:-1\" \/>\n<link rel=\"canonical\" href=\"https:\/\/tienda.brecha.com.uy\/index.php\/producto\/nacidos-para-molestar\/\" \/>\n<meta property=\"og:locale\" content=\"es_ES\" \/>\n<meta property=\"og:type\" content=\"article\" \/>\n<meta property=\"og:title\" content=\"Nacidos para molestar - Tienda - Brecha\" \/>\n<meta property=\"og:description\" content=\"Autor: Hugo Guti\u00e9rrez\" \/>\n<meta property=\"og:url\" content=\"https:\/\/tienda.brecha.com.uy\/index.php\/producto\/nacidos-para-molestar\/\" \/>\n<meta property=\"og:site_name\" content=\"Tienda - Brecha\" \/>\n<meta property=\"article:modified_time\" content=\"2025-09-22T20:49:28+00:00\" \/>\n<meta property=\"og:image\" content=\"https:\/\/tienda.brecha.com.uy\/wp-content\/uploads\/2025\/07\/NACIDOS-PARA-MOLESTAR.png\" \/>\n\t<meta property=\"og:image:width\" content=\"601\" \/>\n\t<meta property=\"og:image:height\" content=\"601\" \/>\n\t<meta property=\"og:image:type\" content=\"image\/png\" \/>\n<meta name=\"twitter:card\" content=\"summary_large_image\" \/>\n<meta name=\"twitter:label1\" content=\"Tiempo de lectura\" \/>\n\t<meta name=\"twitter:data1\" content=\"3 minutos\" \/>\n<script type=\"application\/ld+json\" class=\"yoast-schema-graph\">{\"@context\":\"https:\\\/\\\/schema.org\",\"@graph\":[{\"@type\":\"WebPage\",\"@id\":\"https:\\\/\\\/tienda.brecha.com.uy\\\/index.php\\\/producto\\\/nacidos-para-molestar\\\/\",\"url\":\"https:\\\/\\\/tienda.brecha.com.uy\\\/index.php\\\/producto\\\/nacidos-para-molestar\\\/\",\"name\":\"Nacidos para molestar - Tienda - Brecha\",\"isPartOf\":{\"@id\":\"https:\\\/\\\/tienda.brecha.com.uy\\\/#website\"},\"primaryImageOfPage\":{\"@id\":\"https:\\\/\\\/tienda.brecha.com.uy\\\/index.php\\\/producto\\\/nacidos-para-molestar\\\/#primaryimage\"},\"image\":{\"@id\":\"https:\\\/\\\/tienda.brecha.com.uy\\\/index.php\\\/producto\\\/nacidos-para-molestar\\\/#primaryimage\"},\"thumbnailUrl\":\"https:\\\/\\\/tienda.brecha.com.uy\\\/wp-content\\\/uploads\\\/2025\\\/07\\\/NACIDOS-PARA-MOLESTAR.png\",\"datePublished\":\"2025-07-24T18:06:55+00:00\",\"dateModified\":\"2025-09-22T20:49:28+00:00\",\"breadcrumb\":{\"@id\":\"https:\\\/\\\/tienda.brecha.com.uy\\\/index.php\\\/producto\\\/nacidos-para-molestar\\\/#breadcrumb\"},\"inLanguage\":\"es\",\"potentialAction\":[{\"@type\":\"ReadAction\",\"target\":[\"https:\\\/\\\/tienda.brecha.com.uy\\\/index.php\\\/producto\\\/nacidos-para-molestar\\\/\"]}]},{\"@type\":\"ImageObject\",\"inLanguage\":\"es\",\"@id\":\"https:\\\/\\\/tienda.brecha.com.uy\\\/index.php\\\/producto\\\/nacidos-para-molestar\\\/#primaryimage\",\"url\":\"https:\\\/\\\/tienda.brecha.com.uy\\\/wp-content\\\/uploads\\\/2025\\\/07\\\/NACIDOS-PARA-MOLESTAR.png\",\"contentUrl\":\"https:\\\/\\\/tienda.brecha.com.uy\\\/wp-content\\\/uploads\\\/2025\\\/07\\\/NACIDOS-PARA-MOLESTAR.png\",\"width\":601,\"height\":601},{\"@type\":\"BreadcrumbList\",\"@id\":\"https:\\\/\\\/tienda.brecha.com.uy\\\/index.php\\\/producto\\\/nacidos-para-molestar\\\/#breadcrumb\",\"itemListElement\":[{\"@type\":\"ListItem\",\"position\":1,\"name\":\"Portada\",\"item\":\"https:\\\/\\\/tienda.brecha.com.uy\\\/\"},{\"@type\":\"ListItem\",\"position\":2,\"name\":\"Tienda\",\"item\":\"https:\\\/\\\/tienda.brecha.com.uy\\\/index.php\\\/tienda\\\/\"},{\"@type\":\"ListItem\",\"position\":3,\"name\":\"Nacidos para molestar\"}]},{\"@type\":\"WebSite\",\"@id\":\"https:\\\/\\\/tienda.brecha.com.uy\\\/#website\",\"url\":\"https:\\\/\\\/tienda.brecha.com.uy\\\/\",\"name\":\"Tienda - Brecha\",\"description\":\"\",\"publisher\":{\"@id\":\"https:\\\/\\\/tienda.brecha.com.uy\\\/#organization\"},\"potentialAction\":[{\"@type\":\"SearchAction\",\"target\":{\"@type\":\"EntryPoint\",\"urlTemplate\":\"https:\\\/\\\/tienda.brecha.com.uy\\\/?s={search_term_string}\"},\"query-input\":{\"@type\":\"PropertyValueSpecification\",\"valueRequired\":true,\"valueName\":\"search_term_string\"}}],\"inLanguage\":\"es\"},{\"@type\":\"Organization\",\"@id\":\"https:\\\/\\\/tienda.brecha.com.uy\\\/#organization\",\"name\":\"Tienda - Brecha\",\"url\":\"https:\\\/\\\/tienda.brecha.com.uy\\\/\",\"logo\":{\"@type\":\"ImageObject\",\"inLanguage\":\"es\",\"@id\":\"https:\\\/\\\/tienda.brecha.com.uy\\\/#\\\/schema\\\/logo\\\/image\\\/\",\"url\":\"https:\\\/\\\/tienda.brecha.com.uy\\\/wp-content\\\/uploads\\\/2025\\\/09\\\/cropped-Brechatienda.png\",\"contentUrl\":\"https:\\\/\\\/tienda.brecha.com.uy\\\/wp-content\\\/uploads\\\/2025\\\/09\\\/cropped-Brechatienda.png\",\"width\":240,\"height\":67,\"caption\":\"Tienda - Brecha\"},\"image\":{\"@id\":\"https:\\\/\\\/tienda.brecha.com.uy\\\/#\\\/schema\\\/logo\\\/image\\\/\"}}]}<\/script>\n<!-- \/ Yoast SEO plugin. -->","yoast_head_json":{"title":"Nacidos para molestar - Tienda - Brecha","robots":{"index":"index","follow":"follow","max-snippet":"max-snippet:-1","max-image-preview":"max-image-preview:large","max-video-preview":"max-video-preview:-1"},"canonical":"https:\/\/tienda.brecha.com.uy\/index.php\/producto\/nacidos-para-molestar\/","og_locale":"es_ES","og_type":"article","og_title":"Nacidos para molestar - Tienda - Brecha","og_description":"Autor: Hugo Guti\u00e9rrez","og_url":"https:\/\/tienda.brecha.com.uy\/index.php\/producto\/nacidos-para-molestar\/","og_site_name":"Tienda - Brecha","article_modified_time":"2025-09-22T20:49:28+00:00","og_image":[{"width":601,"height":601,"url":"https:\/\/tienda.brecha.com.uy\/wp-content\/uploads\/2025\/07\/NACIDOS-PARA-MOLESTAR.png","type":"image\/png"}],"twitter_card":"summary_large_image","twitter_misc":{"Tiempo de lectura":"3 minutos"},"schema":{"@context":"https:\/\/schema.org","@graph":[{"@type":"WebPage","@id":"https:\/\/tienda.brecha.com.uy\/index.php\/producto\/nacidos-para-molestar\/","url":"https:\/\/tienda.brecha.com.uy\/index.php\/producto\/nacidos-para-molestar\/","name":"Nacidos para molestar - Tienda - Brecha","isPartOf":{"@id":"https:\/\/tienda.brecha.com.uy\/#website"},"primaryImageOfPage":{"@id":"https:\/\/tienda.brecha.com.uy\/index.php\/producto\/nacidos-para-molestar\/#primaryimage"},"image":{"@id":"https:\/\/tienda.brecha.com.uy\/index.php\/producto\/nacidos-para-molestar\/#primaryimage"},"thumbnailUrl":"https:\/\/tienda.brecha.com.uy\/wp-content\/uploads\/2025\/07\/NACIDOS-PARA-MOLESTAR.png","datePublished":"2025-07-24T18:06:55+00:00","dateModified":"2025-09-22T20:49:28+00:00","breadcrumb":{"@id":"https:\/\/tienda.brecha.com.uy\/index.php\/producto\/nacidos-para-molestar\/#breadcrumb"},"inLanguage":"es","potentialAction":[{"@type":"ReadAction","target":["https:\/\/tienda.brecha.com.uy\/index.php\/producto\/nacidos-para-molestar\/"]}]},{"@type":"ImageObject","inLanguage":"es","@id":"https:\/\/tienda.brecha.com.uy\/index.php\/producto\/nacidos-para-molestar\/#primaryimage","url":"https:\/\/tienda.brecha.com.uy\/wp-content\/uploads\/2025\/07\/NACIDOS-PARA-MOLESTAR.png","contentUrl":"https:\/\/tienda.brecha.com.uy\/wp-content\/uploads\/2025\/07\/NACIDOS-PARA-MOLESTAR.png","width":601,"height":601},{"@type":"BreadcrumbList","@id":"https:\/\/tienda.brecha.com.uy\/index.php\/producto\/nacidos-para-molestar\/#breadcrumb","itemListElement":[{"@type":"ListItem","position":1,"name":"Portada","item":"https:\/\/tienda.brecha.com.uy\/"},{"@type":"ListItem","position":2,"name":"Tienda","item":"https:\/\/tienda.brecha.com.uy\/index.php\/tienda\/"},{"@type":"ListItem","position":3,"name":"Nacidos para molestar"}]},{"@type":"WebSite","@id":"https:\/\/tienda.brecha.com.uy\/#website","url":"https:\/\/tienda.brecha.com.uy\/","name":"Tienda - Brecha","description":"","publisher":{"@id":"https:\/\/tienda.brecha.com.uy\/#organization"},"potentialAction":[{"@type":"SearchAction","target":{"@type":"EntryPoint","urlTemplate":"https:\/\/tienda.brecha.com.uy\/?s={search_term_string}"},"query-input":{"@type":"PropertyValueSpecification","valueRequired":true,"valueName":"search_term_string"}}],"inLanguage":"es"},{"@type":"Organization","@id":"https:\/\/tienda.brecha.com.uy\/#organization","name":"Tienda - Brecha","url":"https:\/\/tienda.brecha.com.uy\/","logo":{"@type":"ImageObject","inLanguage":"es","@id":"https:\/\/tienda.brecha.com.uy\/#\/schema\/logo\/image\/","url":"https:\/\/tienda.brecha.com.uy\/wp-content\/uploads\/2025\/09\/cropped-Brechatienda.png","contentUrl":"https:\/\/tienda.brecha.com.uy\/wp-content\/uploads\/2025\/09\/cropped-Brechatienda.png","width":240,"height":67,"caption":"Tienda - Brecha"},"image":{"@id":"https:\/\/tienda.brecha.com.uy\/#\/schema\/logo\/image\/"}}]}},"jetpack_sharing_enabled":true,"_links":{"self":[{"href":"https:\/\/tienda.brecha.com.uy\/index.php\/wp-json\/wp\/v2\/product\/147","targetHints":{"allow":["GET"]}}],"collection":[{"href":"https:\/\/tienda.brecha.com.uy\/index.php\/wp-json\/wp\/v2\/product"}],"about":[{"href":"https:\/\/tienda.brecha.com.uy\/index.php\/wp-json\/wp\/v2\/types\/product"}],"replies":[{"embeddable":true,"href":"https:\/\/tienda.brecha.com.uy\/index.php\/wp-json\/wp\/v2\/comments?post=147"}],"wp:featuredmedia":[{"embeddable":true,"href":"https:\/\/tienda.brecha.com.uy\/index.php\/wp-json\/wp\/v2\/media\/198"}],"wp:attachment":[{"href":"https:\/\/tienda.brecha.com.uy\/index.php\/wp-json\/wp\/v2\/media?parent=147"}],"wp:term":[{"taxonomy":"product_brand","embeddable":true,"href":"https:\/\/tienda.brecha.com.uy\/index.php\/wp-json\/wp\/v2\/product_brand?post=147"},{"taxonomy":"product_cat","embeddable":true,"href":"https:\/\/tienda.brecha.com.uy\/index.php\/wp-json\/wp\/v2\/product_cat?post=147"},{"taxonomy":"product_tag","embeddable":true,"href":"https:\/\/tienda.brecha.com.uy\/index.php\/wp-json\/wp\/v2\/product_tag?post=147"}],"curies":[{"name":"wp","href":"https:\/\/api.w.org\/{rel}","templated":true}]}}