{"id":159,"date":"2025-07-24T18:06:57","date_gmt":"2025-07-24T18:06:57","guid":{"rendered":"https:\/\/tienda.brecha.com.uy\/?post_type=product&#038;p=159"},"modified":"2025-09-22T20:42:04","modified_gmt":"2025-09-22T20:42:04","slug":"el-invierno-es-un-lobo-que-viene-del-norte","status":"publish","type":"product","link":"https:\/\/tienda.brecha.com.uy\/index.php\/producto\/el-invierno-es-un-lobo-que-viene-del-norte\/","title":{"rendered":"El invierno es un lobo que viene del norte"},"content":{"rendered":"<p style=\"text-align: right;\"><strong>2da EDICI\u00d3N<\/strong><\/p>\n<p>GANADOR PREMIOS BARTOLOM\u00c9 HIDALGO 2021<br \/>\nCategor\u00eda: Literatura Infantil y Juvenil<\/p>\n<p>Una invasi\u00f3n nocturna de gatos esconde un secreto. Un lobo arrastra el invierno por el mundo. Un ni\u00f1o viaja hasta el fin del planeta para describir por qu\u00e9 lo persiguen las tormentas. Un hombre solitario aparece en la misma playa durante a\u00f1os, sin que nadie sepa de donde viene o a donde va. Un emperador antiguo crea un sistema de justicia implacable. Un ni\u00f1o arroja al mar un mensaje en una botella y obtiene una respuesta. Un hombre recibe la visita de su amigo imaginario 35 a\u00f1os despu\u00e9s. Una criatura misteriosa aparece en una azotea.<\/p>\n<p>En estos relatos abundan la imaginaci\u00f3n, el horror, la sensibilidad y el humor. El lector ser\u00e1 quien decida cu\u00e1l es el l\u00edmite entre la realidad y la fantas\u00eda. Leerlos produce la sensaci\u00f3n extra\u00f1a de que hay m\u00e1s de lo que apreciamos a simple vista en lo que nos rodea, como cuando percibimos algo fugazmente por el rabillo del ojo o reci\u00e9n despertamos de un sue\u00f1o intenso, a\u00fan suspendidos entre dos mundos.<\/p>\n<p><strong>Mart\u00edn Otheguy<\/strong> naci\u00f3 en 1978 en Montevideo, o eso al menos le han contado. Desde 1997 trabaja en medios de comunicaci\u00f3n, ya sea escribiendo o haciendo guiones. Es autor de novelas juveniles, libros humor\u00edsticos y obras de divulgaci\u00f3n. En Fin de Siglo <em>public\u00f3 El mundo sin lunes<\/em> (Premio \u00d3pera Prima del Ministerio de Educaci\u00f3n y Cultura, 2016), <em>El Libro de los lugares secretos<\/em>, y particip\u00f3 de la antolog\u00eda <em>Cuentos de Monta\u00f1a errante<\/em>. Desde 2021 dirige la publicaci\u00f3n infantil <em>Gigantes<\/em> que edita La diaria.<\/p>\n","protected":false},"excerpt":{"rendered":"<p>Autor: Mart\u00edn Otheguy<\/p>\n","protected":false},"featured_media":217,"comment_status":"closed","ping_status":"closed","template":"","meta":[],"product_brand":[],"product_cat":[95,99],"product_tag":[113],"class_list":{"0":"post-159","1":"product","2":"type-product","3":"status-publish","4":"has-post-thumbnail","6":"product_cat-editorial-fin-de-siglo","7":"product_cat-martin-otheguy","8":"product_tag-editoriales-amigas","10":"first","11":"instock","12":"shipping-taxable","13":"purchasable","14":"product-type-simple"},"yoast_head":"<!-- This site is optimized with the Yoast SEO plugin v27.6 - https:\/\/yoast.com\/product\/yoast-seo-wordpress\/ -->\n<title>El invierno es un lobo que viene del norte - Tienda - Brecha<\/title>\n<meta name=\"robots\" content=\"index, follow, max-snippet:-1, max-image-preview:large, max-video-preview:-1\" \/>\n<link rel=\"canonical\" href=\"https:\/\/tienda.brecha.com.uy\/index.php\/producto\/el-invierno-es-un-lobo-que-viene-del-norte\/\" \/>\n<meta property=\"og:locale\" content=\"es_ES\" \/>\n<meta property=\"og:type\" content=\"article\" \/>\n<meta property=\"og:title\" content=\"El invierno es un lobo que viene del norte - Tienda - Brecha\" \/>\n<meta property=\"og:description\" content=\"Autor: Mart\u00edn Otheguy\" \/>\n<meta property=\"og:url\" content=\"https:\/\/tienda.brecha.com.uy\/index.php\/producto\/el-invierno-es-un-lobo-que-viene-del-norte\/\" \/>\n<meta property=\"og:site_name\" content=\"Tienda - Brecha\" \/>\n<meta property=\"article:modified_time\" content=\"2025-09-22T20:42:04+00:00\" \/>\n<meta property=\"og:image\" content=\"https:\/\/tienda.brecha.com.uy\/wp-content\/uploads\/2025\/07\/17.png\" \/>\n\t<meta property=\"og:image:width\" content=\"601\" \/>\n\t<meta property=\"og:image:height\" content=\"601\" \/>\n\t<meta property=\"og:image:type\" content=\"image\/png\" \/>\n<meta name=\"twitter:card\" content=\"summary_large_image\" \/>\n<meta name=\"twitter:label1\" content=\"Tiempo de lectura\" \/>\n\t<meta name=\"twitter:data1\" content=\"2 minutos\" \/>\n<script type=\"application\/ld+json\" class=\"yoast-schema-graph\">{\"@context\":\"https:\\\/\\\/schema.org\",\"@graph\":[{\"@type\":\"WebPage\",\"@id\":\"https:\\\/\\\/tienda.brecha.com.uy\\\/index.php\\\/producto\\\/el-invierno-es-un-lobo-que-viene-del-norte\\\/\",\"url\":\"https:\\\/\\\/tienda.brecha.com.uy\\\/index.php\\\/producto\\\/el-invierno-es-un-lobo-que-viene-del-norte\\\/\",\"name\":\"El invierno es un lobo que viene del norte - Tienda - Brecha\",\"isPartOf\":{\"@id\":\"https:\\\/\\\/tienda.brecha.com.uy\\\/#website\"},\"primaryImageOfPage\":{\"@id\":\"https:\\\/\\\/tienda.brecha.com.uy\\\/index.php\\\/producto\\\/el-invierno-es-un-lobo-que-viene-del-norte\\\/#primaryimage\"},\"image\":{\"@id\":\"https:\\\/\\\/tienda.brecha.com.uy\\\/index.php\\\/producto\\\/el-invierno-es-un-lobo-que-viene-del-norte\\\/#primaryimage\"},\"thumbnailUrl\":\"https:\\\/\\\/tienda.brecha.com.uy\\\/wp-content\\\/uploads\\\/2025\\\/07\\\/17.png\",\"datePublished\":\"2025-07-24T18:06:57+00:00\",\"dateModified\":\"2025-09-22T20:42:04+00:00\",\"breadcrumb\":{\"@id\":\"https:\\\/\\\/tienda.brecha.com.uy\\\/index.php\\\/producto\\\/el-invierno-es-un-lobo-que-viene-del-norte\\\/#breadcrumb\"},\"inLanguage\":\"es\",\"potentialAction\":[{\"@type\":\"ReadAction\",\"target\":[\"https:\\\/\\\/tienda.brecha.com.uy\\\/index.php\\\/producto\\\/el-invierno-es-un-lobo-que-viene-del-norte\\\/\"]}]},{\"@type\":\"ImageObject\",\"inLanguage\":\"es\",\"@id\":\"https:\\\/\\\/tienda.brecha.com.uy\\\/index.php\\\/producto\\\/el-invierno-es-un-lobo-que-viene-del-norte\\\/#primaryimage\",\"url\":\"https:\\\/\\\/tienda.brecha.com.uy\\\/wp-content\\\/uploads\\\/2025\\\/07\\\/17.png\",\"contentUrl\":\"https:\\\/\\\/tienda.brecha.com.uy\\\/wp-content\\\/uploads\\\/2025\\\/07\\\/17.png\",\"width\":601,\"height\":601},{\"@type\":\"BreadcrumbList\",\"@id\":\"https:\\\/\\\/tienda.brecha.com.uy\\\/index.php\\\/producto\\\/el-invierno-es-un-lobo-que-viene-del-norte\\\/#breadcrumb\",\"itemListElement\":[{\"@type\":\"ListItem\",\"position\":1,\"name\":\"Portada\",\"item\":\"https:\\\/\\\/tienda.brecha.com.uy\\\/\"},{\"@type\":\"ListItem\",\"position\":2,\"name\":\"Tienda\",\"item\":\"https:\\\/\\\/tienda.brecha.com.uy\\\/index.php\\\/tienda\\\/\"},{\"@type\":\"ListItem\",\"position\":3,\"name\":\"El invierno es un lobo que viene del norte\"}]},{\"@type\":\"WebSite\",\"@id\":\"https:\\\/\\\/tienda.brecha.com.uy\\\/#website\",\"url\":\"https:\\\/\\\/tienda.brecha.com.uy\\\/\",\"name\":\"Tienda - Brecha\",\"description\":\"\",\"publisher\":{\"@id\":\"https:\\\/\\\/tienda.brecha.com.uy\\\/#organization\"},\"potentialAction\":[{\"@type\":\"SearchAction\",\"target\":{\"@type\":\"EntryPoint\",\"urlTemplate\":\"https:\\\/\\\/tienda.brecha.com.uy\\\/?s={search_term_string}\"},\"query-input\":{\"@type\":\"PropertyValueSpecification\",\"valueRequired\":true,\"valueName\":\"search_term_string\"}}],\"inLanguage\":\"es\"},{\"@type\":\"Organization\",\"@id\":\"https:\\\/\\\/tienda.brecha.com.uy\\\/#organization\",\"name\":\"Tienda - Brecha\",\"url\":\"https:\\\/\\\/tienda.brecha.com.uy\\\/\",\"logo\":{\"@type\":\"ImageObject\",\"inLanguage\":\"es\",\"@id\":\"https:\\\/\\\/tienda.brecha.com.uy\\\/#\\\/schema\\\/logo\\\/image\\\/\",\"url\":\"https:\\\/\\\/tienda.brecha.com.uy\\\/wp-content\\\/uploads\\\/2025\\\/09\\\/cropped-Brechatienda.png\",\"contentUrl\":\"https:\\\/\\\/tienda.brecha.com.uy\\\/wp-content\\\/uploads\\\/2025\\\/09\\\/cropped-Brechatienda.png\",\"width\":240,\"height\":67,\"caption\":\"Tienda - Brecha\"},\"image\":{\"@id\":\"https:\\\/\\\/tienda.brecha.com.uy\\\/#\\\/schema\\\/logo\\\/image\\\/\"}}]}<\/script>\n<!-- \/ Yoast SEO plugin. -->","yoast_head_json":{"title":"El invierno es un lobo que viene del norte - Tienda - Brecha","robots":{"index":"index","follow":"follow","max-snippet":"max-snippet:-1","max-image-preview":"max-image-preview:large","max-video-preview":"max-video-preview:-1"},"canonical":"https:\/\/tienda.brecha.com.uy\/index.php\/producto\/el-invierno-es-un-lobo-que-viene-del-norte\/","og_locale":"es_ES","og_type":"article","og_title":"El invierno es un lobo que viene del norte - Tienda - Brecha","og_description":"Autor: Mart\u00edn Otheguy","og_url":"https:\/\/tienda.brecha.com.uy\/index.php\/producto\/el-invierno-es-un-lobo-que-viene-del-norte\/","og_site_name":"Tienda - Brecha","article_modified_time":"2025-09-22T20:42:04+00:00","og_image":[{"width":601,"height":601,"url":"https:\/\/tienda.brecha.com.uy\/wp-content\/uploads\/2025\/07\/17.png","type":"image\/png"}],"twitter_card":"summary_large_image","twitter_misc":{"Tiempo de lectura":"2 minutos"},"schema":{"@context":"https:\/\/schema.org","@graph":[{"@type":"WebPage","@id":"https:\/\/tienda.brecha.com.uy\/index.php\/producto\/el-invierno-es-un-lobo-que-viene-del-norte\/","url":"https:\/\/tienda.brecha.com.uy\/index.php\/producto\/el-invierno-es-un-lobo-que-viene-del-norte\/","name":"El invierno es un lobo que viene del norte - Tienda - Brecha","isPartOf":{"@id":"https:\/\/tienda.brecha.com.uy\/#website"},"primaryImageOfPage":{"@id":"https:\/\/tienda.brecha.com.uy\/index.php\/producto\/el-invierno-es-un-lobo-que-viene-del-norte\/#primaryimage"},"image":{"@id":"https:\/\/tienda.brecha.com.uy\/index.php\/producto\/el-invierno-es-un-lobo-que-viene-del-norte\/#primaryimage"},"thumbnailUrl":"https:\/\/tienda.brecha.com.uy\/wp-content\/uploads\/2025\/07\/17.png","datePublished":"2025-07-24T18:06:57+00:00","dateModified":"2025-09-22T20:42:04+00:00","breadcrumb":{"@id":"https:\/\/tienda.brecha.com.uy\/index.php\/producto\/el-invierno-es-un-lobo-que-viene-del-norte\/#breadcrumb"},"inLanguage":"es","potentialAction":[{"@type":"ReadAction","target":["https:\/\/tienda.brecha.com.uy\/index.php\/producto\/el-invierno-es-un-lobo-que-viene-del-norte\/"]}]},{"@type":"ImageObject","inLanguage":"es","@id":"https:\/\/tienda.brecha.com.uy\/index.php\/producto\/el-invierno-es-un-lobo-que-viene-del-norte\/#primaryimage","url":"https:\/\/tienda.brecha.com.uy\/wp-content\/uploads\/2025\/07\/17.png","contentUrl":"https:\/\/tienda.brecha.com.uy\/wp-content\/uploads\/2025\/07\/17.png","width":601,"height":601},{"@type":"BreadcrumbList","@id":"https:\/\/tienda.brecha.com.uy\/index.php\/producto\/el-invierno-es-un-lobo-que-viene-del-norte\/#breadcrumb","itemListElement":[{"@type":"ListItem","position":1,"name":"Portada","item":"https:\/\/tienda.brecha.com.uy\/"},{"@type":"ListItem","position":2,"name":"Tienda","item":"https:\/\/tienda.brecha.com.uy\/index.php\/tienda\/"},{"@type":"ListItem","position":3,"name":"El invierno es un lobo que viene del norte"}]},{"@type":"WebSite","@id":"https:\/\/tienda.brecha.com.uy\/#website","url":"https:\/\/tienda.brecha.com.uy\/","name":"Tienda - Brecha","description":"","publisher":{"@id":"https:\/\/tienda.brecha.com.uy\/#organization"},"potentialAction":[{"@type":"SearchAction","target":{"@type":"EntryPoint","urlTemplate":"https:\/\/tienda.brecha.com.uy\/?s={search_term_string}"},"query-input":{"@type":"PropertyValueSpecification","valueRequired":true,"valueName":"search_term_string"}}],"inLanguage":"es"},{"@type":"Organization","@id":"https:\/\/tienda.brecha.com.uy\/#organization","name":"Tienda - Brecha","url":"https:\/\/tienda.brecha.com.uy\/","logo":{"@type":"ImageObject","inLanguage":"es","@id":"https:\/\/tienda.brecha.com.uy\/#\/schema\/logo\/image\/","url":"https:\/\/tienda.brecha.com.uy\/wp-content\/uploads\/2025\/09\/cropped-Brechatienda.png","contentUrl":"https:\/\/tienda.brecha.com.uy\/wp-content\/uploads\/2025\/09\/cropped-Brechatienda.png","width":240,"height":67,"caption":"Tienda - Brecha"},"image":{"@id":"https:\/\/tienda.brecha.com.uy\/#\/schema\/logo\/image\/"}}]}},"jetpack_sharing_enabled":true,"_links":{"self":[{"href":"https:\/\/tienda.brecha.com.uy\/index.php\/wp-json\/wp\/v2\/product\/159","targetHints":{"allow":["GET"]}}],"collection":[{"href":"https:\/\/tienda.brecha.com.uy\/index.php\/wp-json\/wp\/v2\/product"}],"about":[{"href":"https:\/\/tienda.brecha.com.uy\/index.php\/wp-json\/wp\/v2\/types\/product"}],"replies":[{"embeddable":true,"href":"https:\/\/tienda.brecha.com.uy\/index.php\/wp-json\/wp\/v2\/comments?post=159"}],"wp:featuredmedia":[{"embeddable":true,"href":"https:\/\/tienda.brecha.com.uy\/index.php\/wp-json\/wp\/v2\/media\/217"}],"wp:attachment":[{"href":"https:\/\/tienda.brecha.com.uy\/index.php\/wp-json\/wp\/v2\/media?parent=159"}],"wp:term":[{"taxonomy":"product_brand","embeddable":true,"href":"https:\/\/tienda.brecha.com.uy\/index.php\/wp-json\/wp\/v2\/product_brand?post=159"},{"taxonomy":"product_cat","embeddable":true,"href":"https:\/\/tienda.brecha.com.uy\/index.php\/wp-json\/wp\/v2\/product_cat?post=159"},{"taxonomy":"product_tag","embeddable":true,"href":"https:\/\/tienda.brecha.com.uy\/index.php\/wp-json\/wp\/v2\/product_tag?post=159"}],"curies":[{"name":"wp","href":"https:\/\/api.w.org\/{rel}","templated":true}]}}