{"id":160,"date":"2025-07-24T18:06:57","date_gmt":"2025-07-24T18:06:57","guid":{"rendered":"https:\/\/tienda.brecha.com.uy\/?post_type=product&#038;p=160"},"modified":"2025-09-22T20:42:11","modified_gmt":"2025-09-22T20:42:11","slug":"la-fila-de-los-inocentes","status":"publish","type":"product","link":"https:\/\/tienda.brecha.com.uy\/index.php\/producto\/la-fila-de-los-inocentes\/","title":{"rendered":"La fila de los inocentes"},"content":{"rendered":"<p style=\"text-align: right;\"><strong>2da EDICI\u00d3N<\/strong><\/p>\n<p>Cargado y reflexivo con sus vivencias, Gabriel Otero nos ampl\u00eda la historia sobre la dictadura desde la perspectiva hasta ahora poco explorada de las ni\u00f1as y los ni\u00f1os que fueron, junto a sus madres, presos pol\u00edticos. La vulgata negacionista repite que no hay que seguir hablando del pasado reciente, pero la historia muestra que todav\u00eda tenemos mucho m\u00e1s para conocer. Nuevas l\u00edneas de investigaci\u00f3n vienen avanzando sobre la perspectiva de g\u00e9nero, los colectivos afro, las minor\u00edas sexuales y las formas de represi\u00f3n en el interior. Tambi\u00e9n sobre infancias en dictadura, y es aqu\u00ed donde <i>La fila de los inocentes<\/i> (esa que hac\u00edan para ver si consegu\u00edan dulce de membrillo en el cuartel) nos abre un nuevo portal de memoria.<\/p>\n<p>El entra\u00f1able recuerdo del juego de \u00abmam\u00e1 osa\u00bb con que lo convenc\u00eda y entreten\u00eda su madre para poder ba\u00f1arlo con agua fr\u00eda mientras conviv\u00edan, presos por la dictadura, o la inquietante rememoraci\u00f3n de su \u00abvuelta a casa\u00bb cuando iban con su hermana a visitarla al cuartel son dos huellas fugaces de una historia que, de poderosa y personal, se convierte en universal.<\/p>\n<p><strong><em>Gabriel Quirici<\/em><\/strong><\/p>\n<p>Una historia autobiogr\u00e1fica y conmovedora que invita a conocer c\u00f3mo el terrorismo de Estado se ensa\u00f1\u00f3 y dej\u00f3 secuelas en las ni\u00f1eces uruguayas de la \u00e9poca: el cautiverio y posterior interrupci\u00f3n en la convivencia de los hijos como forma de represalia hacia las mujeres presas pol\u00edticas y la separaci\u00f3n de los padres, tambi\u00e9n presos, interpela los l\u00edmites del horror.<\/p>\n<p><strong><em>Bettiana D\u00edaz<\/em><\/strong><\/p>\n<p>Desde la mirada de alguien que vivi\u00f3 esos tiempos, creo que el esfuerzo de escribir estas p\u00e1ginas, de traerlas de alg\u00fan rinc\u00f3n de la memoria a hoy, vale la pena. Al relato hist\u00f3rico de esos a\u00f1os Gabriel le agrega una mirada muy peculiar desde la infancia, casi no contada. Sobresalen dos figuras fuertes, de mujeres casi an\u00f3nimas para los historiadores, imprescindibles para la sobrevivencia.<\/p>\n<p>El relato deja muchas preguntas planteadas que, creo, cada lector se har\u00e1, y eso me parece lo m\u00e1s importante, porque los testimonios, las investigaciones, lo hist\u00f3rico nunca est\u00e1 terminado y no s\u00e9 si puede agotarse en las p\u00e1ginas de un libro.<\/p>\n<p><strong><em>Luc\u00eda Topolansky<\/em><\/strong><\/p>\n","protected":false},"excerpt":{"rendered":"<p>Una historia de ni\u00f1ez en cautiverio pol\u00edtico<\/p>\n<p>Autor: Gabriel Otero<\/p>\n","protected":false},"featured_media":218,"comment_status":"closed","ping_status":"closed","template":"","meta":[],"product_brand":[],"product_cat":[95,100],"product_tag":[113],"class_list":{"0":"post-160","1":"product","2":"type-product","3":"status-publish","4":"has-post-thumbnail","6":"product_cat-editorial-fin-de-siglo","7":"product_cat-gabriel-otero","8":"product_tag-editoriales-amigas","10":"first","11":"instock","12":"shipping-taxable","13":"purchasable","14":"product-type-simple"},"yoast_head":"<!-- This site is optimized with the Yoast SEO plugin v27.6 - https:\/\/yoast.com\/product\/yoast-seo-wordpress\/ -->\n<title>La fila de los inocentes - Tienda - Brecha<\/title>\n<meta name=\"robots\" content=\"index, follow, max-snippet:-1, max-image-preview:large, max-video-preview:-1\" \/>\n<link rel=\"canonical\" href=\"https:\/\/tienda.brecha.com.uy\/index.php\/producto\/la-fila-de-los-inocentes\/\" \/>\n<meta property=\"og:locale\" content=\"es_ES\" \/>\n<meta property=\"og:type\" content=\"article\" \/>\n<meta property=\"og:title\" content=\"La fila de los inocentes - Tienda - Brecha\" \/>\n<meta property=\"og:description\" content=\"Una historia de ni\u00f1ez en cautiverio pol\u00edtico  Autor: Gabriel Otero\" \/>\n<meta property=\"og:url\" content=\"https:\/\/tienda.brecha.com.uy\/index.php\/producto\/la-fila-de-los-inocentes\/\" \/>\n<meta property=\"og:site_name\" content=\"Tienda - Brecha\" \/>\n<meta property=\"article:modified_time\" content=\"2025-09-22T20:42:11+00:00\" \/>\n<meta property=\"og:image\" content=\"https:\/\/tienda.brecha.com.uy\/wp-content\/uploads\/2025\/07\/15.png\" \/>\n\t<meta property=\"og:image:width\" content=\"601\" \/>\n\t<meta property=\"og:image:height\" content=\"601\" \/>\n\t<meta property=\"og:image:type\" content=\"image\/png\" \/>\n<meta name=\"twitter:card\" content=\"summary_large_image\" \/>\n<meta name=\"twitter:label1\" content=\"Tiempo de lectura\" \/>\n\t<meta name=\"twitter:data1\" content=\"2 minutos\" \/>\n<script type=\"application\/ld+json\" class=\"yoast-schema-graph\">{\"@context\":\"https:\\\/\\\/schema.org\",\"@graph\":[{\"@type\":\"WebPage\",\"@id\":\"https:\\\/\\\/tienda.brecha.com.uy\\\/index.php\\\/producto\\\/la-fila-de-los-inocentes\\\/\",\"url\":\"https:\\\/\\\/tienda.brecha.com.uy\\\/index.php\\\/producto\\\/la-fila-de-los-inocentes\\\/\",\"name\":\"La fila de los inocentes - Tienda - Brecha\",\"isPartOf\":{\"@id\":\"https:\\\/\\\/tienda.brecha.com.uy\\\/#website\"},\"primaryImageOfPage\":{\"@id\":\"https:\\\/\\\/tienda.brecha.com.uy\\\/index.php\\\/producto\\\/la-fila-de-los-inocentes\\\/#primaryimage\"},\"image\":{\"@id\":\"https:\\\/\\\/tienda.brecha.com.uy\\\/index.php\\\/producto\\\/la-fila-de-los-inocentes\\\/#primaryimage\"},\"thumbnailUrl\":\"https:\\\/\\\/tienda.brecha.com.uy\\\/wp-content\\\/uploads\\\/2025\\\/07\\\/15.png\",\"datePublished\":\"2025-07-24T18:06:57+00:00\",\"dateModified\":\"2025-09-22T20:42:11+00:00\",\"breadcrumb\":{\"@id\":\"https:\\\/\\\/tienda.brecha.com.uy\\\/index.php\\\/producto\\\/la-fila-de-los-inocentes\\\/#breadcrumb\"},\"inLanguage\":\"es\",\"potentialAction\":[{\"@type\":\"ReadAction\",\"target\":[\"https:\\\/\\\/tienda.brecha.com.uy\\\/index.php\\\/producto\\\/la-fila-de-los-inocentes\\\/\"]}]},{\"@type\":\"ImageObject\",\"inLanguage\":\"es\",\"@id\":\"https:\\\/\\\/tienda.brecha.com.uy\\\/index.php\\\/producto\\\/la-fila-de-los-inocentes\\\/#primaryimage\",\"url\":\"https:\\\/\\\/tienda.brecha.com.uy\\\/wp-content\\\/uploads\\\/2025\\\/07\\\/15.png\",\"contentUrl\":\"https:\\\/\\\/tienda.brecha.com.uy\\\/wp-content\\\/uploads\\\/2025\\\/07\\\/15.png\",\"width\":601,\"height\":601},{\"@type\":\"BreadcrumbList\",\"@id\":\"https:\\\/\\\/tienda.brecha.com.uy\\\/index.php\\\/producto\\\/la-fila-de-los-inocentes\\\/#breadcrumb\",\"itemListElement\":[{\"@type\":\"ListItem\",\"position\":1,\"name\":\"Portada\",\"item\":\"https:\\\/\\\/tienda.brecha.com.uy\\\/\"},{\"@type\":\"ListItem\",\"position\":2,\"name\":\"Tienda\",\"item\":\"https:\\\/\\\/tienda.brecha.com.uy\\\/index.php\\\/tienda\\\/\"},{\"@type\":\"ListItem\",\"position\":3,\"name\":\"La fila de los inocentes\"}]},{\"@type\":\"WebSite\",\"@id\":\"https:\\\/\\\/tienda.brecha.com.uy\\\/#website\",\"url\":\"https:\\\/\\\/tienda.brecha.com.uy\\\/\",\"name\":\"Tienda - Brecha\",\"description\":\"\",\"publisher\":{\"@id\":\"https:\\\/\\\/tienda.brecha.com.uy\\\/#organization\"},\"potentialAction\":[{\"@type\":\"SearchAction\",\"target\":{\"@type\":\"EntryPoint\",\"urlTemplate\":\"https:\\\/\\\/tienda.brecha.com.uy\\\/?s={search_term_string}\"},\"query-input\":{\"@type\":\"PropertyValueSpecification\",\"valueRequired\":true,\"valueName\":\"search_term_string\"}}],\"inLanguage\":\"es\"},{\"@type\":\"Organization\",\"@id\":\"https:\\\/\\\/tienda.brecha.com.uy\\\/#organization\",\"name\":\"Tienda - Brecha\",\"url\":\"https:\\\/\\\/tienda.brecha.com.uy\\\/\",\"logo\":{\"@type\":\"ImageObject\",\"inLanguage\":\"es\",\"@id\":\"https:\\\/\\\/tienda.brecha.com.uy\\\/#\\\/schema\\\/logo\\\/image\\\/\",\"url\":\"https:\\\/\\\/tienda.brecha.com.uy\\\/wp-content\\\/uploads\\\/2025\\\/09\\\/cropped-Brechatienda.png\",\"contentUrl\":\"https:\\\/\\\/tienda.brecha.com.uy\\\/wp-content\\\/uploads\\\/2025\\\/09\\\/cropped-Brechatienda.png\",\"width\":240,\"height\":67,\"caption\":\"Tienda - Brecha\"},\"image\":{\"@id\":\"https:\\\/\\\/tienda.brecha.com.uy\\\/#\\\/schema\\\/logo\\\/image\\\/\"}}]}<\/script>\n<!-- \/ Yoast SEO plugin. -->","yoast_head_json":{"title":"La fila de los inocentes - Tienda - Brecha","robots":{"index":"index","follow":"follow","max-snippet":"max-snippet:-1","max-image-preview":"max-image-preview:large","max-video-preview":"max-video-preview:-1"},"canonical":"https:\/\/tienda.brecha.com.uy\/index.php\/producto\/la-fila-de-los-inocentes\/","og_locale":"es_ES","og_type":"article","og_title":"La fila de los inocentes - Tienda - Brecha","og_description":"Una historia de ni\u00f1ez en cautiverio pol\u00edtico  Autor: Gabriel Otero","og_url":"https:\/\/tienda.brecha.com.uy\/index.php\/producto\/la-fila-de-los-inocentes\/","og_site_name":"Tienda - Brecha","article_modified_time":"2025-09-22T20:42:11+00:00","og_image":[{"width":601,"height":601,"url":"https:\/\/tienda.brecha.com.uy\/wp-content\/uploads\/2025\/07\/15.png","type":"image\/png"}],"twitter_card":"summary_large_image","twitter_misc":{"Tiempo de lectura":"2 minutos"},"schema":{"@context":"https:\/\/schema.org","@graph":[{"@type":"WebPage","@id":"https:\/\/tienda.brecha.com.uy\/index.php\/producto\/la-fila-de-los-inocentes\/","url":"https:\/\/tienda.brecha.com.uy\/index.php\/producto\/la-fila-de-los-inocentes\/","name":"La fila de los inocentes - Tienda - Brecha","isPartOf":{"@id":"https:\/\/tienda.brecha.com.uy\/#website"},"primaryImageOfPage":{"@id":"https:\/\/tienda.brecha.com.uy\/index.php\/producto\/la-fila-de-los-inocentes\/#primaryimage"},"image":{"@id":"https:\/\/tienda.brecha.com.uy\/index.php\/producto\/la-fila-de-los-inocentes\/#primaryimage"},"thumbnailUrl":"https:\/\/tienda.brecha.com.uy\/wp-content\/uploads\/2025\/07\/15.png","datePublished":"2025-07-24T18:06:57+00:00","dateModified":"2025-09-22T20:42:11+00:00","breadcrumb":{"@id":"https:\/\/tienda.brecha.com.uy\/index.php\/producto\/la-fila-de-los-inocentes\/#breadcrumb"},"inLanguage":"es","potentialAction":[{"@type":"ReadAction","target":["https:\/\/tienda.brecha.com.uy\/index.php\/producto\/la-fila-de-los-inocentes\/"]}]},{"@type":"ImageObject","inLanguage":"es","@id":"https:\/\/tienda.brecha.com.uy\/index.php\/producto\/la-fila-de-los-inocentes\/#primaryimage","url":"https:\/\/tienda.brecha.com.uy\/wp-content\/uploads\/2025\/07\/15.png","contentUrl":"https:\/\/tienda.brecha.com.uy\/wp-content\/uploads\/2025\/07\/15.png","width":601,"height":601},{"@type":"BreadcrumbList","@id":"https:\/\/tienda.brecha.com.uy\/index.php\/producto\/la-fila-de-los-inocentes\/#breadcrumb","itemListElement":[{"@type":"ListItem","position":1,"name":"Portada","item":"https:\/\/tienda.brecha.com.uy\/"},{"@type":"ListItem","position":2,"name":"Tienda","item":"https:\/\/tienda.brecha.com.uy\/index.php\/tienda\/"},{"@type":"ListItem","position":3,"name":"La fila de los inocentes"}]},{"@type":"WebSite","@id":"https:\/\/tienda.brecha.com.uy\/#website","url":"https:\/\/tienda.brecha.com.uy\/","name":"Tienda - Brecha","description":"","publisher":{"@id":"https:\/\/tienda.brecha.com.uy\/#organization"},"potentialAction":[{"@type":"SearchAction","target":{"@type":"EntryPoint","urlTemplate":"https:\/\/tienda.brecha.com.uy\/?s={search_term_string}"},"query-input":{"@type":"PropertyValueSpecification","valueRequired":true,"valueName":"search_term_string"}}],"inLanguage":"es"},{"@type":"Organization","@id":"https:\/\/tienda.brecha.com.uy\/#organization","name":"Tienda - Brecha","url":"https:\/\/tienda.brecha.com.uy\/","logo":{"@type":"ImageObject","inLanguage":"es","@id":"https:\/\/tienda.brecha.com.uy\/#\/schema\/logo\/image\/","url":"https:\/\/tienda.brecha.com.uy\/wp-content\/uploads\/2025\/09\/cropped-Brechatienda.png","contentUrl":"https:\/\/tienda.brecha.com.uy\/wp-content\/uploads\/2025\/09\/cropped-Brechatienda.png","width":240,"height":67,"caption":"Tienda - Brecha"},"image":{"@id":"https:\/\/tienda.brecha.com.uy\/#\/schema\/logo\/image\/"}}]}},"jetpack_sharing_enabled":true,"_links":{"self":[{"href":"https:\/\/tienda.brecha.com.uy\/index.php\/wp-json\/wp\/v2\/product\/160","targetHints":{"allow":["GET"]}}],"collection":[{"href":"https:\/\/tienda.brecha.com.uy\/index.php\/wp-json\/wp\/v2\/product"}],"about":[{"href":"https:\/\/tienda.brecha.com.uy\/index.php\/wp-json\/wp\/v2\/types\/product"}],"replies":[{"embeddable":true,"href":"https:\/\/tienda.brecha.com.uy\/index.php\/wp-json\/wp\/v2\/comments?post=160"}],"wp:featuredmedia":[{"embeddable":true,"href":"https:\/\/tienda.brecha.com.uy\/index.php\/wp-json\/wp\/v2\/media\/218"}],"wp:attachment":[{"href":"https:\/\/tienda.brecha.com.uy\/index.php\/wp-json\/wp\/v2\/media?parent=160"}],"wp:term":[{"taxonomy":"product_brand","embeddable":true,"href":"https:\/\/tienda.brecha.com.uy\/index.php\/wp-json\/wp\/v2\/product_brand?post=160"},{"taxonomy":"product_cat","embeddable":true,"href":"https:\/\/tienda.brecha.com.uy\/index.php\/wp-json\/wp\/v2\/product_cat?post=160"},{"taxonomy":"product_tag","embeddable":true,"href":"https:\/\/tienda.brecha.com.uy\/index.php\/wp-json\/wp\/v2\/product_tag?post=160"}],"curies":[{"name":"wp","href":"https:\/\/api.w.org\/{rel}","templated":true}]}}