{"id":207,"date":"2025-07-24T18:07:18","date_gmt":"2025-07-24T18:07:18","guid":{"rendered":"https:\/\/tienda.brecha.com.uy\/?post_type=product&#038;p=207"},"modified":"2025-09-22T20:41:20","modified_gmt":"2025-09-22T20:41:20","slug":"cronica-de-una-infamia","status":"publish","type":"product","link":"https:\/\/tienda.brecha.com.uy\/index.php\/producto\/cronica-de-una-infamia\/","title":{"rendered":"Cr\u00f3nica de una infamia"},"content":{"rendered":"<p style=\"text-align: right;\"><strong>3era EDICI\u00d3N<\/strong><\/p>\n<p>En Treinta y Tres, el 18 de abril de 1975, se llev\u00f3 adelante una sesi\u00f3n de torturas a un grupo de adolescentes pertenecientes a la Uni\u00f3n de Juventudes Comunistas (UJC), 25 menores de edad. Un oficial hab\u00eda acompa\u00f1ado especialmente al general Gregorio \u00c1lvarez para encargarse de la faena.<\/p>\n<p>El 30 de abril apareci\u00f3 en los diarios un comunicado del Comando General del Ej\u00e9rcito, en donde se dec\u00eda que hab\u00eda sido descubierta la actividad ilegal de estos j\u00f3venes. Se hac\u00eda referencia a un campamento en el cual habr\u00edan vivido en total promiscuidad, con intercambios de parejas y competencias sexuales entre las chicas. Para la moral provinciana de la sociedad uruguaya de la \u00e9poca, aquellas denuncias calaron hondo.<\/p>\n<p>La dictadura hab\u00eda lanzado una ofensiva sobre la UJC en Treinta y Tres. El operativo militar, ordenado por \u00c1lvarez, fue fulminante y casi ninguno pudo escapar. Esos adolescentes fueron sometidos a diferentes torturas: plant\u00f3n, submarino, picana, quemaduras, golpes y colgamiento.<\/p>\n<p>Esta investigaci\u00f3n recopila testimonios de aquellos que vivieron en carne propia la tortura. Almada busca esclarecer los hechos, dar voz a las v\u00edctimas y demostrar que el comunicado fue una estrategia para justificar que estos menores de edad estuvieran detenidos en el cuartel del Batall\u00f3n n.o\u00a010 de Infanter\u00eda del Ej\u00e9rcito en Treinta y Tres.<\/p>\n<p>Aquel comunicado intent\u00f3 excusar el secuestro de\u00a0<a href=\"https:\/\/www.findesiglo.com.uy\/tienda\/genero\/infantiles\/\">ni\u00f1os<\/a>\u00a0y adolescentes con una acusaci\u00f3n moral m\u00e1s que\u00a0<a href=\"https:\/\/www.findesiglo.com.uy\/tienda\/genero\/politica\/\">pol\u00edtica<\/a>. Detr\u00e1s de este, y de los actos de represi\u00f3n, estuvieron algunos de los generales y civiles m\u00e1s importantes de la tiran\u00eda.<\/p>\n<p>En 2022 fueron procesados con prisi\u00f3n los exoficiales H\u00e9ctor Rombys, Juan \u00c1lvez y Mohacir Leite por reiterados delitos de abuso de autoridad, lesiones graves y privaci\u00f3n de libertad. En setiembre de 2024, se pronunci\u00f3 la sentencia \u2014en primera instancia\u2014 en la que se conden\u00f3 a Rombys a doce a\u00f1os de penitenciar\u00eda, a \u00c1lvez, a once a\u00f1os, y a Leite, a ocho.<\/p>\n","protected":false},"excerpt":{"rendered":"<p>El comunicado m\u00e1s vil de la dictadura<\/p>\n<p>Autor: Mauricio Almada<\/p>\n<p>&nbsp;<\/p>\n","protected":false},"featured_media":219,"comment_status":"closed","ping_status":"closed","template":"","meta":[],"product_brand":[],"product_cat":[95,101],"product_tag":[113],"class_list":{"0":"post-207","1":"product","2":"type-product","3":"status-publish","4":"has-post-thumbnail","6":"product_cat-editorial-fin-de-siglo","7":"product_cat-mauricio-almada","8":"product_tag-editoriales-amigas","10":"first","11":"instock","12":"shipping-taxable","13":"purchasable","14":"product-type-simple"},"yoast_head":"<!-- This site is optimized with the Yoast SEO plugin v27.6 - https:\/\/yoast.com\/product\/yoast-seo-wordpress\/ -->\n<title>Cr\u00f3nica de una infamia - Tienda - Brecha<\/title>\n<meta name=\"robots\" content=\"index, follow, max-snippet:-1, max-image-preview:large, max-video-preview:-1\" \/>\n<link rel=\"canonical\" href=\"https:\/\/tienda.brecha.com.uy\/index.php\/producto\/cronica-de-una-infamia\/\" \/>\n<meta property=\"og:locale\" content=\"es_ES\" \/>\n<meta property=\"og:type\" content=\"article\" \/>\n<meta property=\"og:title\" content=\"Cr\u00f3nica de una infamia - Tienda - Brecha\" \/>\n<meta property=\"og:description\" content=\"El comunicado m\u00e1s vil de la dictadura  Autor: Mauricio Almada  &nbsp;\" \/>\n<meta property=\"og:url\" content=\"https:\/\/tienda.brecha.com.uy\/index.php\/producto\/cronica-de-una-infamia\/\" \/>\n<meta property=\"og:site_name\" content=\"Tienda - Brecha\" \/>\n<meta property=\"article:modified_time\" content=\"2025-09-22T20:41:20+00:00\" \/>\n<meta property=\"og:image\" content=\"https:\/\/tienda.brecha.com.uy\/wp-content\/uploads\/2025\/07\/16.png\" \/>\n\t<meta property=\"og:image:width\" content=\"601\" \/>\n\t<meta property=\"og:image:height\" content=\"601\" \/>\n\t<meta property=\"og:image:type\" content=\"image\/png\" \/>\n<meta name=\"twitter:card\" content=\"summary_large_image\" \/>\n<meta name=\"twitter:label1\" content=\"Tiempo de lectura\" \/>\n\t<meta name=\"twitter:data1\" content=\"2 minutos\" \/>\n<script type=\"application\/ld+json\" class=\"yoast-schema-graph\">{\"@context\":\"https:\\\/\\\/schema.org\",\"@graph\":[{\"@type\":\"WebPage\",\"@id\":\"https:\\\/\\\/tienda.brecha.com.uy\\\/index.php\\\/producto\\\/cronica-de-una-infamia\\\/\",\"url\":\"https:\\\/\\\/tienda.brecha.com.uy\\\/index.php\\\/producto\\\/cronica-de-una-infamia\\\/\",\"name\":\"Cr\u00f3nica de una infamia - Tienda - Brecha\",\"isPartOf\":{\"@id\":\"https:\\\/\\\/tienda.brecha.com.uy\\\/#website\"},\"primaryImageOfPage\":{\"@id\":\"https:\\\/\\\/tienda.brecha.com.uy\\\/index.php\\\/producto\\\/cronica-de-una-infamia\\\/#primaryimage\"},\"image\":{\"@id\":\"https:\\\/\\\/tienda.brecha.com.uy\\\/index.php\\\/producto\\\/cronica-de-una-infamia\\\/#primaryimage\"},\"thumbnailUrl\":\"https:\\\/\\\/tienda.brecha.com.uy\\\/wp-content\\\/uploads\\\/2025\\\/07\\\/16.png\",\"datePublished\":\"2025-07-24T18:07:18+00:00\",\"dateModified\":\"2025-09-22T20:41:20+00:00\",\"breadcrumb\":{\"@id\":\"https:\\\/\\\/tienda.brecha.com.uy\\\/index.php\\\/producto\\\/cronica-de-una-infamia\\\/#breadcrumb\"},\"inLanguage\":\"es\",\"potentialAction\":[{\"@type\":\"ReadAction\",\"target\":[\"https:\\\/\\\/tienda.brecha.com.uy\\\/index.php\\\/producto\\\/cronica-de-una-infamia\\\/\"]}]},{\"@type\":\"ImageObject\",\"inLanguage\":\"es\",\"@id\":\"https:\\\/\\\/tienda.brecha.com.uy\\\/index.php\\\/producto\\\/cronica-de-una-infamia\\\/#primaryimage\",\"url\":\"https:\\\/\\\/tienda.brecha.com.uy\\\/wp-content\\\/uploads\\\/2025\\\/07\\\/16.png\",\"contentUrl\":\"https:\\\/\\\/tienda.brecha.com.uy\\\/wp-content\\\/uploads\\\/2025\\\/07\\\/16.png\",\"width\":601,\"height\":601},{\"@type\":\"BreadcrumbList\",\"@id\":\"https:\\\/\\\/tienda.brecha.com.uy\\\/index.php\\\/producto\\\/cronica-de-una-infamia\\\/#breadcrumb\",\"itemListElement\":[{\"@type\":\"ListItem\",\"position\":1,\"name\":\"Portada\",\"item\":\"https:\\\/\\\/tienda.brecha.com.uy\\\/\"},{\"@type\":\"ListItem\",\"position\":2,\"name\":\"Tienda\",\"item\":\"https:\\\/\\\/tienda.brecha.com.uy\\\/index.php\\\/tienda\\\/\"},{\"@type\":\"ListItem\",\"position\":3,\"name\":\"Cr\u00f3nica de una infamia\"}]},{\"@type\":\"WebSite\",\"@id\":\"https:\\\/\\\/tienda.brecha.com.uy\\\/#website\",\"url\":\"https:\\\/\\\/tienda.brecha.com.uy\\\/\",\"name\":\"Tienda - Brecha\",\"description\":\"\",\"publisher\":{\"@id\":\"https:\\\/\\\/tienda.brecha.com.uy\\\/#organization\"},\"potentialAction\":[{\"@type\":\"SearchAction\",\"target\":{\"@type\":\"EntryPoint\",\"urlTemplate\":\"https:\\\/\\\/tienda.brecha.com.uy\\\/?s={search_term_string}\"},\"query-input\":{\"@type\":\"PropertyValueSpecification\",\"valueRequired\":true,\"valueName\":\"search_term_string\"}}],\"inLanguage\":\"es\"},{\"@type\":\"Organization\",\"@id\":\"https:\\\/\\\/tienda.brecha.com.uy\\\/#organization\",\"name\":\"Tienda - Brecha\",\"url\":\"https:\\\/\\\/tienda.brecha.com.uy\\\/\",\"logo\":{\"@type\":\"ImageObject\",\"inLanguage\":\"es\",\"@id\":\"https:\\\/\\\/tienda.brecha.com.uy\\\/#\\\/schema\\\/logo\\\/image\\\/\",\"url\":\"https:\\\/\\\/tienda.brecha.com.uy\\\/wp-content\\\/uploads\\\/2025\\\/09\\\/cropped-Brechatienda.png\",\"contentUrl\":\"https:\\\/\\\/tienda.brecha.com.uy\\\/wp-content\\\/uploads\\\/2025\\\/09\\\/cropped-Brechatienda.png\",\"width\":240,\"height\":67,\"caption\":\"Tienda - Brecha\"},\"image\":{\"@id\":\"https:\\\/\\\/tienda.brecha.com.uy\\\/#\\\/schema\\\/logo\\\/image\\\/\"}}]}<\/script>\n<!-- \/ Yoast SEO plugin. -->","yoast_head_json":{"title":"Cr\u00f3nica de una infamia - Tienda - Brecha","robots":{"index":"index","follow":"follow","max-snippet":"max-snippet:-1","max-image-preview":"max-image-preview:large","max-video-preview":"max-video-preview:-1"},"canonical":"https:\/\/tienda.brecha.com.uy\/index.php\/producto\/cronica-de-una-infamia\/","og_locale":"es_ES","og_type":"article","og_title":"Cr\u00f3nica de una infamia - Tienda - Brecha","og_description":"El comunicado m\u00e1s vil de la dictadura  Autor: Mauricio Almada  &nbsp;","og_url":"https:\/\/tienda.brecha.com.uy\/index.php\/producto\/cronica-de-una-infamia\/","og_site_name":"Tienda - Brecha","article_modified_time":"2025-09-22T20:41:20+00:00","og_image":[{"width":601,"height":601,"url":"https:\/\/tienda.brecha.com.uy\/wp-content\/uploads\/2025\/07\/16.png","type":"image\/png"}],"twitter_card":"summary_large_image","twitter_misc":{"Tiempo de lectura":"2 minutos"},"schema":{"@context":"https:\/\/schema.org","@graph":[{"@type":"WebPage","@id":"https:\/\/tienda.brecha.com.uy\/index.php\/producto\/cronica-de-una-infamia\/","url":"https:\/\/tienda.brecha.com.uy\/index.php\/producto\/cronica-de-una-infamia\/","name":"Cr\u00f3nica de una infamia - Tienda - Brecha","isPartOf":{"@id":"https:\/\/tienda.brecha.com.uy\/#website"},"primaryImageOfPage":{"@id":"https:\/\/tienda.brecha.com.uy\/index.php\/producto\/cronica-de-una-infamia\/#primaryimage"},"image":{"@id":"https:\/\/tienda.brecha.com.uy\/index.php\/producto\/cronica-de-una-infamia\/#primaryimage"},"thumbnailUrl":"https:\/\/tienda.brecha.com.uy\/wp-content\/uploads\/2025\/07\/16.png","datePublished":"2025-07-24T18:07:18+00:00","dateModified":"2025-09-22T20:41:20+00:00","breadcrumb":{"@id":"https:\/\/tienda.brecha.com.uy\/index.php\/producto\/cronica-de-una-infamia\/#breadcrumb"},"inLanguage":"es","potentialAction":[{"@type":"ReadAction","target":["https:\/\/tienda.brecha.com.uy\/index.php\/producto\/cronica-de-una-infamia\/"]}]},{"@type":"ImageObject","inLanguage":"es","@id":"https:\/\/tienda.brecha.com.uy\/index.php\/producto\/cronica-de-una-infamia\/#primaryimage","url":"https:\/\/tienda.brecha.com.uy\/wp-content\/uploads\/2025\/07\/16.png","contentUrl":"https:\/\/tienda.brecha.com.uy\/wp-content\/uploads\/2025\/07\/16.png","width":601,"height":601},{"@type":"BreadcrumbList","@id":"https:\/\/tienda.brecha.com.uy\/index.php\/producto\/cronica-de-una-infamia\/#breadcrumb","itemListElement":[{"@type":"ListItem","position":1,"name":"Portada","item":"https:\/\/tienda.brecha.com.uy\/"},{"@type":"ListItem","position":2,"name":"Tienda","item":"https:\/\/tienda.brecha.com.uy\/index.php\/tienda\/"},{"@type":"ListItem","position":3,"name":"Cr\u00f3nica de una infamia"}]},{"@type":"WebSite","@id":"https:\/\/tienda.brecha.com.uy\/#website","url":"https:\/\/tienda.brecha.com.uy\/","name":"Tienda - Brecha","description":"","publisher":{"@id":"https:\/\/tienda.brecha.com.uy\/#organization"},"potentialAction":[{"@type":"SearchAction","target":{"@type":"EntryPoint","urlTemplate":"https:\/\/tienda.brecha.com.uy\/?s={search_term_string}"},"query-input":{"@type":"PropertyValueSpecification","valueRequired":true,"valueName":"search_term_string"}}],"inLanguage":"es"},{"@type":"Organization","@id":"https:\/\/tienda.brecha.com.uy\/#organization","name":"Tienda - Brecha","url":"https:\/\/tienda.brecha.com.uy\/","logo":{"@type":"ImageObject","inLanguage":"es","@id":"https:\/\/tienda.brecha.com.uy\/#\/schema\/logo\/image\/","url":"https:\/\/tienda.brecha.com.uy\/wp-content\/uploads\/2025\/09\/cropped-Brechatienda.png","contentUrl":"https:\/\/tienda.brecha.com.uy\/wp-content\/uploads\/2025\/09\/cropped-Brechatienda.png","width":240,"height":67,"caption":"Tienda - Brecha"},"image":{"@id":"https:\/\/tienda.brecha.com.uy\/#\/schema\/logo\/image\/"}}]}},"jetpack_sharing_enabled":true,"_links":{"self":[{"href":"https:\/\/tienda.brecha.com.uy\/index.php\/wp-json\/wp\/v2\/product\/207","targetHints":{"allow":["GET"]}}],"collection":[{"href":"https:\/\/tienda.brecha.com.uy\/index.php\/wp-json\/wp\/v2\/product"}],"about":[{"href":"https:\/\/tienda.brecha.com.uy\/index.php\/wp-json\/wp\/v2\/types\/product"}],"replies":[{"embeddable":true,"href":"https:\/\/tienda.brecha.com.uy\/index.php\/wp-json\/wp\/v2\/comments?post=207"}],"wp:featuredmedia":[{"embeddable":true,"href":"https:\/\/tienda.brecha.com.uy\/index.php\/wp-json\/wp\/v2\/media\/219"}],"wp:attachment":[{"href":"https:\/\/tienda.brecha.com.uy\/index.php\/wp-json\/wp\/v2\/media?parent=207"}],"wp:term":[{"taxonomy":"product_brand","embeddable":true,"href":"https:\/\/tienda.brecha.com.uy\/index.php\/wp-json\/wp\/v2\/product_brand?post=207"},{"taxonomy":"product_cat","embeddable":true,"href":"https:\/\/tienda.brecha.com.uy\/index.php\/wp-json\/wp\/v2\/product_cat?post=207"},{"taxonomy":"product_tag","embeddable":true,"href":"https:\/\/tienda.brecha.com.uy\/index.php\/wp-json\/wp\/v2\/product_tag?post=207"}],"curies":[{"name":"wp","href":"https:\/\/api.w.org\/{rel}","templated":true}]}}