{"id":208,"date":"2025-07-24T18:07:19","date_gmt":"2025-07-24T18:07:19","guid":{"rendered":"https:\/\/tienda.brecha.com.uy\/?post_type=product&#038;p=208"},"modified":"2025-09-22T20:40:59","modified_gmt":"2025-09-22T20:40:59","slug":"soy-lo-prohibido","status":"publish","type":"product","link":"https:\/\/tienda.brecha.com.uy\/index.php\/producto\/soy-lo-prohibido\/","title":{"rendered":"Soy lo prohibido"},"content":{"rendered":"<p><em><strong>Libro ganador del incentivo del MEC \u201cCr\u00f3nicas de ac\u00e1\u201d<\/strong><\/em><\/p>\n<p style=\"padding-left: 40px;\">\u00ab\u00bfQui\u00e9n sentir\u00e1 deseo sexual a los cuatro a\u00f1os? \u00bfDe donde saqu\u00e9 ese diablo que me habita desde entonces?\u00bb. Susurrando, jadeando, alhajado de lirismo en su grito rebelde con esta ofrenda insoslayable e impresa para todes, el gran Jos\u00e9 Arenas logra con creces liberarnos de tanto atavismo imp\u00fadico, m\u00e1s ac\u00e1 o all\u00e1 de lo prohibido: nuestra patria gozosamente paria y sin l\u00edmites para el deseo absoluto al fin desatado.<\/p>\n<p style=\"text-align: right;\"><em>Fernando Noy<\/em><\/p>\n<p style=\"padding-left: 40px;\">Este libro es un animal,<\/p>\n<p style=\"padding-left: 40px;\">este animal es un incendio,<\/p>\n<p style=\"padding-left: 40px;\">este incendio piensa,<\/p>\n<p style=\"padding-left: 40px;\">y pensando, canta.<\/p>\n<p style=\"padding-left: 40px;\">Un texto-herida, quilombo y claridad. Arenas hace reflexi\u00f3n punzante con los recuerdos y desarma falsas dicotom\u00edas: \u00bfser gays nos salva de algo?, \u00bfo ser\u00e1 que no es tan distinto ser marica de ser macho? \u00bfDe qu\u00e9 manera lo gay est\u00e1 atravesado por aquello que una y otra vez nombramos <i>patriarcado<\/i>? Jos\u00e9 hace un recorrido por su propia historia, atendiendo una realidad colectiva. La apertura de una infancia sin g\u00e9neros, la curiosidad puesta en las manos; una adolescencia en la que el lenguaje erotiza y la palabra destruye; una adultez que es la superposici\u00f3n de los tiempos, donde existir todav\u00eda duele pero se vislumbran fisuras para el cari\u00f1o, y se nombra con desmedida belleza, sin tab\u00fa ni eufemismo.<\/p>\n<p style=\"text-align: right;\"><em>Gabriela Escobar<\/em><\/p>\n<p style=\"padding-left: 40px;\">En textos incendiarios que se abren paso por diferentes coordenadas, Jos\u00e9 Arenas destroza todo tipo de moral falluta e irrespirable. Lo hace desde un cuerpo, el suyo, y con el desparpajo y la lucidez que caracterizan su escritura. El camino es la palabra y la carnalidad que esta mantiene con el deseo. <i>Marica<\/i>, <i>macho<\/i>, <i>sexo<\/i>, <i>pija<\/i>, <i>oso<\/i>, son algunas de las tantas palabras que somete a un escrutinio feroz, con lo que habla no solo de gozar y padecer el cuerpo, sino tambi\u00e9n de la dimensi\u00f3n colectiva, y fallida, de esa tensi\u00f3n. Es evidente: nadie saldr\u00e1 a salvo de estos escritos linderos con la cr\u00f3nica, las memorias y el ensayo m\u00e1s urgente.<\/p>\n<p style=\"text-align: right;\"><em>Rosario L\u00e1zaro Igoa<\/em><\/p>\n","protected":false},"excerpt":{"rendered":"<p>Autor: Jos\u00e9 Arenas<\/p>\n","protected":false},"featured_media":220,"comment_status":"closed","ping_status":"closed","template":"","meta":[],"product_brand":[],"product_cat":[95,102],"product_tag":[113],"class_list":{"0":"post-208","1":"product","2":"type-product","3":"status-publish","4":"has-post-thumbnail","6":"product_cat-editorial-fin-de-siglo","7":"product_cat-jose-arenas","8":"product_tag-editoriales-amigas","10":"first","11":"instock","12":"shipping-taxable","13":"purchasable","14":"product-type-simple"},"yoast_head":"<!-- This site is optimized with the Yoast SEO plugin v27.6 - https:\/\/yoast.com\/product\/yoast-seo-wordpress\/ -->\n<title>Soy lo prohibido - Tienda - Brecha<\/title>\n<meta name=\"robots\" content=\"index, follow, max-snippet:-1, max-image-preview:large, max-video-preview:-1\" \/>\n<link rel=\"canonical\" href=\"https:\/\/tienda.brecha.com.uy\/index.php\/producto\/soy-lo-prohibido\/\" \/>\n<meta property=\"og:locale\" content=\"es_ES\" \/>\n<meta property=\"og:type\" content=\"article\" \/>\n<meta property=\"og:title\" content=\"Soy lo prohibido - Tienda - Brecha\" \/>\n<meta property=\"og:description\" content=\"Autor: Jos\u00e9 Arenas\" \/>\n<meta property=\"og:url\" content=\"https:\/\/tienda.brecha.com.uy\/index.php\/producto\/soy-lo-prohibido\/\" \/>\n<meta property=\"og:site_name\" content=\"Tienda - Brecha\" \/>\n<meta property=\"article:modified_time\" content=\"2025-09-22T20:40:59+00:00\" \/>\n<meta property=\"og:image\" content=\"https:\/\/tienda.brecha.com.uy\/wp-content\/uploads\/2025\/07\/18.png\" \/>\n\t<meta property=\"og:image:width\" content=\"601\" \/>\n\t<meta property=\"og:image:height\" content=\"601\" \/>\n\t<meta property=\"og:image:type\" content=\"image\/png\" \/>\n<meta name=\"twitter:card\" content=\"summary_large_image\" \/>\n<meta name=\"twitter:label1\" content=\"Tiempo de lectura\" \/>\n\t<meta name=\"twitter:data1\" content=\"2 minutos\" \/>\n<script type=\"application\/ld+json\" class=\"yoast-schema-graph\">{\"@context\":\"https:\\\/\\\/schema.org\",\"@graph\":[{\"@type\":\"WebPage\",\"@id\":\"https:\\\/\\\/tienda.brecha.com.uy\\\/index.php\\\/producto\\\/soy-lo-prohibido\\\/\",\"url\":\"https:\\\/\\\/tienda.brecha.com.uy\\\/index.php\\\/producto\\\/soy-lo-prohibido\\\/\",\"name\":\"Soy lo prohibido - Tienda - Brecha\",\"isPartOf\":{\"@id\":\"https:\\\/\\\/tienda.brecha.com.uy\\\/#website\"},\"primaryImageOfPage\":{\"@id\":\"https:\\\/\\\/tienda.brecha.com.uy\\\/index.php\\\/producto\\\/soy-lo-prohibido\\\/#primaryimage\"},\"image\":{\"@id\":\"https:\\\/\\\/tienda.brecha.com.uy\\\/index.php\\\/producto\\\/soy-lo-prohibido\\\/#primaryimage\"},\"thumbnailUrl\":\"https:\\\/\\\/tienda.brecha.com.uy\\\/wp-content\\\/uploads\\\/2025\\\/07\\\/18.png\",\"datePublished\":\"2025-07-24T18:07:19+00:00\",\"dateModified\":\"2025-09-22T20:40:59+00:00\",\"breadcrumb\":{\"@id\":\"https:\\\/\\\/tienda.brecha.com.uy\\\/index.php\\\/producto\\\/soy-lo-prohibido\\\/#breadcrumb\"},\"inLanguage\":\"es\",\"potentialAction\":[{\"@type\":\"ReadAction\",\"target\":[\"https:\\\/\\\/tienda.brecha.com.uy\\\/index.php\\\/producto\\\/soy-lo-prohibido\\\/\"]}]},{\"@type\":\"ImageObject\",\"inLanguage\":\"es\",\"@id\":\"https:\\\/\\\/tienda.brecha.com.uy\\\/index.php\\\/producto\\\/soy-lo-prohibido\\\/#primaryimage\",\"url\":\"https:\\\/\\\/tienda.brecha.com.uy\\\/wp-content\\\/uploads\\\/2025\\\/07\\\/18.png\",\"contentUrl\":\"https:\\\/\\\/tienda.brecha.com.uy\\\/wp-content\\\/uploads\\\/2025\\\/07\\\/18.png\",\"width\":601,\"height\":601},{\"@type\":\"BreadcrumbList\",\"@id\":\"https:\\\/\\\/tienda.brecha.com.uy\\\/index.php\\\/producto\\\/soy-lo-prohibido\\\/#breadcrumb\",\"itemListElement\":[{\"@type\":\"ListItem\",\"position\":1,\"name\":\"Portada\",\"item\":\"https:\\\/\\\/tienda.brecha.com.uy\\\/\"},{\"@type\":\"ListItem\",\"position\":2,\"name\":\"Tienda\",\"item\":\"https:\\\/\\\/tienda.brecha.com.uy\\\/index.php\\\/tienda\\\/\"},{\"@type\":\"ListItem\",\"position\":3,\"name\":\"Soy lo prohibido\"}]},{\"@type\":\"WebSite\",\"@id\":\"https:\\\/\\\/tienda.brecha.com.uy\\\/#website\",\"url\":\"https:\\\/\\\/tienda.brecha.com.uy\\\/\",\"name\":\"Tienda - Brecha\",\"description\":\"\",\"publisher\":{\"@id\":\"https:\\\/\\\/tienda.brecha.com.uy\\\/#organization\"},\"potentialAction\":[{\"@type\":\"SearchAction\",\"target\":{\"@type\":\"EntryPoint\",\"urlTemplate\":\"https:\\\/\\\/tienda.brecha.com.uy\\\/?s={search_term_string}\"},\"query-input\":{\"@type\":\"PropertyValueSpecification\",\"valueRequired\":true,\"valueName\":\"search_term_string\"}}],\"inLanguage\":\"es\"},{\"@type\":\"Organization\",\"@id\":\"https:\\\/\\\/tienda.brecha.com.uy\\\/#organization\",\"name\":\"Tienda - Brecha\",\"url\":\"https:\\\/\\\/tienda.brecha.com.uy\\\/\",\"logo\":{\"@type\":\"ImageObject\",\"inLanguage\":\"es\",\"@id\":\"https:\\\/\\\/tienda.brecha.com.uy\\\/#\\\/schema\\\/logo\\\/image\\\/\",\"url\":\"https:\\\/\\\/tienda.brecha.com.uy\\\/wp-content\\\/uploads\\\/2025\\\/09\\\/cropped-Brechatienda.png\",\"contentUrl\":\"https:\\\/\\\/tienda.brecha.com.uy\\\/wp-content\\\/uploads\\\/2025\\\/09\\\/cropped-Brechatienda.png\",\"width\":240,\"height\":67,\"caption\":\"Tienda - Brecha\"},\"image\":{\"@id\":\"https:\\\/\\\/tienda.brecha.com.uy\\\/#\\\/schema\\\/logo\\\/image\\\/\"}}]}<\/script>\n<!-- \/ Yoast SEO plugin. -->","yoast_head_json":{"title":"Soy lo prohibido - Tienda - Brecha","robots":{"index":"index","follow":"follow","max-snippet":"max-snippet:-1","max-image-preview":"max-image-preview:large","max-video-preview":"max-video-preview:-1"},"canonical":"https:\/\/tienda.brecha.com.uy\/index.php\/producto\/soy-lo-prohibido\/","og_locale":"es_ES","og_type":"article","og_title":"Soy lo prohibido - Tienda - Brecha","og_description":"Autor: Jos\u00e9 Arenas","og_url":"https:\/\/tienda.brecha.com.uy\/index.php\/producto\/soy-lo-prohibido\/","og_site_name":"Tienda - Brecha","article_modified_time":"2025-09-22T20:40:59+00:00","og_image":[{"width":601,"height":601,"url":"https:\/\/tienda.brecha.com.uy\/wp-content\/uploads\/2025\/07\/18.png","type":"image\/png"}],"twitter_card":"summary_large_image","twitter_misc":{"Tiempo de lectura":"2 minutos"},"schema":{"@context":"https:\/\/schema.org","@graph":[{"@type":"WebPage","@id":"https:\/\/tienda.brecha.com.uy\/index.php\/producto\/soy-lo-prohibido\/","url":"https:\/\/tienda.brecha.com.uy\/index.php\/producto\/soy-lo-prohibido\/","name":"Soy lo prohibido - Tienda - Brecha","isPartOf":{"@id":"https:\/\/tienda.brecha.com.uy\/#website"},"primaryImageOfPage":{"@id":"https:\/\/tienda.brecha.com.uy\/index.php\/producto\/soy-lo-prohibido\/#primaryimage"},"image":{"@id":"https:\/\/tienda.brecha.com.uy\/index.php\/producto\/soy-lo-prohibido\/#primaryimage"},"thumbnailUrl":"https:\/\/tienda.brecha.com.uy\/wp-content\/uploads\/2025\/07\/18.png","datePublished":"2025-07-24T18:07:19+00:00","dateModified":"2025-09-22T20:40:59+00:00","breadcrumb":{"@id":"https:\/\/tienda.brecha.com.uy\/index.php\/producto\/soy-lo-prohibido\/#breadcrumb"},"inLanguage":"es","potentialAction":[{"@type":"ReadAction","target":["https:\/\/tienda.brecha.com.uy\/index.php\/producto\/soy-lo-prohibido\/"]}]},{"@type":"ImageObject","inLanguage":"es","@id":"https:\/\/tienda.brecha.com.uy\/index.php\/producto\/soy-lo-prohibido\/#primaryimage","url":"https:\/\/tienda.brecha.com.uy\/wp-content\/uploads\/2025\/07\/18.png","contentUrl":"https:\/\/tienda.brecha.com.uy\/wp-content\/uploads\/2025\/07\/18.png","width":601,"height":601},{"@type":"BreadcrumbList","@id":"https:\/\/tienda.brecha.com.uy\/index.php\/producto\/soy-lo-prohibido\/#breadcrumb","itemListElement":[{"@type":"ListItem","position":1,"name":"Portada","item":"https:\/\/tienda.brecha.com.uy\/"},{"@type":"ListItem","position":2,"name":"Tienda","item":"https:\/\/tienda.brecha.com.uy\/index.php\/tienda\/"},{"@type":"ListItem","position":3,"name":"Soy lo prohibido"}]},{"@type":"WebSite","@id":"https:\/\/tienda.brecha.com.uy\/#website","url":"https:\/\/tienda.brecha.com.uy\/","name":"Tienda - Brecha","description":"","publisher":{"@id":"https:\/\/tienda.brecha.com.uy\/#organization"},"potentialAction":[{"@type":"SearchAction","target":{"@type":"EntryPoint","urlTemplate":"https:\/\/tienda.brecha.com.uy\/?s={search_term_string}"},"query-input":{"@type":"PropertyValueSpecification","valueRequired":true,"valueName":"search_term_string"}}],"inLanguage":"es"},{"@type":"Organization","@id":"https:\/\/tienda.brecha.com.uy\/#organization","name":"Tienda - Brecha","url":"https:\/\/tienda.brecha.com.uy\/","logo":{"@type":"ImageObject","inLanguage":"es","@id":"https:\/\/tienda.brecha.com.uy\/#\/schema\/logo\/image\/","url":"https:\/\/tienda.brecha.com.uy\/wp-content\/uploads\/2025\/09\/cropped-Brechatienda.png","contentUrl":"https:\/\/tienda.brecha.com.uy\/wp-content\/uploads\/2025\/09\/cropped-Brechatienda.png","width":240,"height":67,"caption":"Tienda - Brecha"},"image":{"@id":"https:\/\/tienda.brecha.com.uy\/#\/schema\/logo\/image\/"}}]}},"jetpack_sharing_enabled":true,"_links":{"self":[{"href":"https:\/\/tienda.brecha.com.uy\/index.php\/wp-json\/wp\/v2\/product\/208","targetHints":{"allow":["GET"]}}],"collection":[{"href":"https:\/\/tienda.brecha.com.uy\/index.php\/wp-json\/wp\/v2\/product"}],"about":[{"href":"https:\/\/tienda.brecha.com.uy\/index.php\/wp-json\/wp\/v2\/types\/product"}],"replies":[{"embeddable":true,"href":"https:\/\/tienda.brecha.com.uy\/index.php\/wp-json\/wp\/v2\/comments?post=208"}],"wp:featuredmedia":[{"embeddable":true,"href":"https:\/\/tienda.brecha.com.uy\/index.php\/wp-json\/wp\/v2\/media\/220"}],"wp:attachment":[{"href":"https:\/\/tienda.brecha.com.uy\/index.php\/wp-json\/wp\/v2\/media?parent=208"}],"wp:term":[{"taxonomy":"product_brand","embeddable":true,"href":"https:\/\/tienda.brecha.com.uy\/index.php\/wp-json\/wp\/v2\/product_brand?post=208"},{"taxonomy":"product_cat","embeddable":true,"href":"https:\/\/tienda.brecha.com.uy\/index.php\/wp-json\/wp\/v2\/product_cat?post=208"},{"taxonomy":"product_tag","embeddable":true,"href":"https:\/\/tienda.brecha.com.uy\/index.php\/wp-json\/wp\/v2\/product_tag?post=208"}],"curies":[{"name":"wp","href":"https:\/\/api.w.org\/{rel}","templated":true}]}}