{"id":71,"date":"2025-07-24T18:06:38","date_gmt":"2025-07-24T18:06:38","guid":{"rendered":"https:\/\/tienda.brecha.com.uy\/?post_type=product&#038;p=71"},"modified":"2025-09-22T16:47:22","modified_gmt":"2025-09-22T16:47:22","slug":"intrigas-cruzadas-mafia-y-terrorismo-en-las-fuerzas-armadas","status":"publish","type":"product","link":"https:\/\/tienda.brecha.com.uy\/index.php\/producto\/intrigas-cruzadas-mafia-y-terrorismo-en-las-fuerzas-armadas\/","title":{"rendered":"Intrigas Cruzadas. Mafia y Terrorismo en las Fuerzas Armadas"},"content":{"rendered":"<p id=\"isPasted\">A partir del proyecto CRUZAR, de la Facultad de Informaci\u00f3n y Comunicaci\u00f3n (FIC), durante dos a\u00f1os los autores realizaron una exhaustiva investigaci\u00f3n sobre algunos importantes episodios de la lucha interna por el poder entre facciones militares rivales, que se desarrollaron a lo largo del proceso dictatorial. Esa lucha, en ocasiones sangrienta, tuvo una doble finalidad: el control de toda la actividad del Estado, y simult\u00e1neamente el enriquecimiento personal facilitado por los negociados de toda especie, desde los chantajes, el contrabando el trasiego de d\u00f3lares hacia para\u00edsos fiscales, hasta el vaciamiento total de empresas estatales. Episodios mafiosos se solaparon -y se enmascararon- en la \u00abguerra contra la sedici\u00f3n\u00bb y la represi\u00f3n sistem\u00e1tica a todo el movimiento antidictatorial.<\/p>\n<p>\u00ab\u00bfQu\u00e9 es peor -se preguntan los autores-, enriquecerse con la excusa de la defensa de la naci\u00f3n, o asesinar a sangre fr\u00eda para dirimir combates supuestamente ideol\u00f3gicos?\u00bb. Algunos de esos episodios fueron calificados como \u00abdelitos econ\u00f3micos\u00bb, y por tanto excluidos de los beneficios de la ley de caducidad. Pero la decisi\u00f3n presidencial de archivar esas denuncias con el conjunto de las causas sobre los cr\u00edmenes de lesa humanidad, configur\u00f3 una doble cara de la impunidad, que de rebote protegi\u00f3 tambi\u00e9n a los t\u00e9cnicos y amanuenses civiles de la dictadura.<\/p>\n","protected":false},"excerpt":{"rendered":"<p>Autores: Samuel Blixen y Nilo Pati\u00f1o<\/p>\n<p>&nbsp;<\/p>\n","protected":false},"featured_media":101,"comment_status":"closed","ping_status":"closed","template":"","meta":[],"product_brand":[],"product_cat":[18,20,22,23],"product_tag":[],"class_list":{"0":"post-71","1":"product","2":"type-product","3":"status-publish","4":"has-post-thumbnail","6":"product_cat-destacados","7":"product_cat-ediciones-brecha","8":"product_cat-nilo-patino","9":"product_cat-samuel-blixen","11":"first","12":"instock","13":"purchasable","14":"product-type-simple"},"yoast_head":"<!-- This site is optimized with the Yoast SEO plugin v27.6 - https:\/\/yoast.com\/product\/yoast-seo-wordpress\/ -->\n<title>Intrigas Cruzadas. Mafia y Terrorismo en las Fuerzas Armadas - Tienda - Brecha<\/title>\n<meta name=\"robots\" content=\"index, follow, max-snippet:-1, max-image-preview:large, max-video-preview:-1\" \/>\n<link rel=\"canonical\" href=\"https:\/\/tienda.brecha.com.uy\/index.php\/producto\/intrigas-cruzadas-mafia-y-terrorismo-en-las-fuerzas-armadas\/\" \/>\n<meta property=\"og:locale\" content=\"es_ES\" \/>\n<meta property=\"og:type\" content=\"article\" \/>\n<meta property=\"og:title\" content=\"Intrigas Cruzadas. Mafia y Terrorismo en las Fuerzas Armadas - Tienda - Brecha\" \/>\n<meta property=\"og:description\" content=\"Autores: Samuel Blixen y Nilo Pati\u00f1o  &nbsp;\" \/>\n<meta property=\"og:url\" content=\"https:\/\/tienda.brecha.com.uy\/index.php\/producto\/intrigas-cruzadas-mafia-y-terrorismo-en-las-fuerzas-armadas\/\" \/>\n<meta property=\"og:site_name\" content=\"Tienda - Brecha\" \/>\n<meta property=\"article:modified_time\" content=\"2025-09-22T16:47:22+00:00\" \/>\n<meta property=\"og:image\" content=\"https:\/\/tienda.brecha.com.uy\/wp-content\/uploads\/2025\/07\/intrigascruzadas.png\" \/>\n\t<meta property=\"og:image:width\" content=\"600\" \/>\n\t<meta property=\"og:image:height\" content=\"600\" \/>\n\t<meta property=\"og:image:type\" content=\"image\/png\" \/>\n<meta name=\"twitter:card\" content=\"summary_large_image\" \/>\n<meta name=\"twitter:label1\" content=\"Tiempo de lectura\" \/>\n\t<meta name=\"twitter:data1\" content=\"2 minutos\" \/>\n<script type=\"application\/ld+json\" class=\"yoast-schema-graph\">{\"@context\":\"https:\\\/\\\/schema.org\",\"@graph\":[{\"@type\":\"WebPage\",\"@id\":\"https:\\\/\\\/tienda.brecha.com.uy\\\/index.php\\\/producto\\\/intrigas-cruzadas-mafia-y-terrorismo-en-las-fuerzas-armadas\\\/\",\"url\":\"https:\\\/\\\/tienda.brecha.com.uy\\\/index.php\\\/producto\\\/intrigas-cruzadas-mafia-y-terrorismo-en-las-fuerzas-armadas\\\/\",\"name\":\"Intrigas Cruzadas. Mafia y Terrorismo en las Fuerzas Armadas - Tienda - Brecha\",\"isPartOf\":{\"@id\":\"https:\\\/\\\/tienda.brecha.com.uy\\\/#website\"},\"primaryImageOfPage\":{\"@id\":\"https:\\\/\\\/tienda.brecha.com.uy\\\/index.php\\\/producto\\\/intrigas-cruzadas-mafia-y-terrorismo-en-las-fuerzas-armadas\\\/#primaryimage\"},\"image\":{\"@id\":\"https:\\\/\\\/tienda.brecha.com.uy\\\/index.php\\\/producto\\\/intrigas-cruzadas-mafia-y-terrorismo-en-las-fuerzas-armadas\\\/#primaryimage\"},\"thumbnailUrl\":\"https:\\\/\\\/tienda.brecha.com.uy\\\/wp-content\\\/uploads\\\/2025\\\/07\\\/intrigascruzadas.png\",\"datePublished\":\"2025-07-24T18:06:38+00:00\",\"dateModified\":\"2025-09-22T16:47:22+00:00\",\"breadcrumb\":{\"@id\":\"https:\\\/\\\/tienda.brecha.com.uy\\\/index.php\\\/producto\\\/intrigas-cruzadas-mafia-y-terrorismo-en-las-fuerzas-armadas\\\/#breadcrumb\"},\"inLanguage\":\"es\",\"potentialAction\":[{\"@type\":\"ReadAction\",\"target\":[\"https:\\\/\\\/tienda.brecha.com.uy\\\/index.php\\\/producto\\\/intrigas-cruzadas-mafia-y-terrorismo-en-las-fuerzas-armadas\\\/\"]}]},{\"@type\":\"ImageObject\",\"inLanguage\":\"es\",\"@id\":\"https:\\\/\\\/tienda.brecha.com.uy\\\/index.php\\\/producto\\\/intrigas-cruzadas-mafia-y-terrorismo-en-las-fuerzas-armadas\\\/#primaryimage\",\"url\":\"https:\\\/\\\/tienda.brecha.com.uy\\\/wp-content\\\/uploads\\\/2025\\\/07\\\/intrigascruzadas.png\",\"contentUrl\":\"https:\\\/\\\/tienda.brecha.com.uy\\\/wp-content\\\/uploads\\\/2025\\\/07\\\/intrigascruzadas.png\",\"width\":600,\"height\":600},{\"@type\":\"BreadcrumbList\",\"@id\":\"https:\\\/\\\/tienda.brecha.com.uy\\\/index.php\\\/producto\\\/intrigas-cruzadas-mafia-y-terrorismo-en-las-fuerzas-armadas\\\/#breadcrumb\",\"itemListElement\":[{\"@type\":\"ListItem\",\"position\":1,\"name\":\"Portada\",\"item\":\"https:\\\/\\\/tienda.brecha.com.uy\\\/\"},{\"@type\":\"ListItem\",\"position\":2,\"name\":\"Tienda\",\"item\":\"https:\\\/\\\/tienda.brecha.com.uy\\\/index.php\\\/tienda\\\/\"},{\"@type\":\"ListItem\",\"position\":3,\"name\":\"Intrigas Cruzadas. Mafia y Terrorismo en las Fuerzas Armadas\"}]},{\"@type\":\"WebSite\",\"@id\":\"https:\\\/\\\/tienda.brecha.com.uy\\\/#website\",\"url\":\"https:\\\/\\\/tienda.brecha.com.uy\\\/\",\"name\":\"Tienda - Brecha\",\"description\":\"\",\"publisher\":{\"@id\":\"https:\\\/\\\/tienda.brecha.com.uy\\\/#organization\"},\"potentialAction\":[{\"@type\":\"SearchAction\",\"target\":{\"@type\":\"EntryPoint\",\"urlTemplate\":\"https:\\\/\\\/tienda.brecha.com.uy\\\/?s={search_term_string}\"},\"query-input\":{\"@type\":\"PropertyValueSpecification\",\"valueRequired\":true,\"valueName\":\"search_term_string\"}}],\"inLanguage\":\"es\"},{\"@type\":\"Organization\",\"@id\":\"https:\\\/\\\/tienda.brecha.com.uy\\\/#organization\",\"name\":\"Tienda - Brecha\",\"url\":\"https:\\\/\\\/tienda.brecha.com.uy\\\/\",\"logo\":{\"@type\":\"ImageObject\",\"inLanguage\":\"es\",\"@id\":\"https:\\\/\\\/tienda.brecha.com.uy\\\/#\\\/schema\\\/logo\\\/image\\\/\",\"url\":\"https:\\\/\\\/tienda.brecha.com.uy\\\/wp-content\\\/uploads\\\/2025\\\/09\\\/cropped-Brechatienda.png\",\"contentUrl\":\"https:\\\/\\\/tienda.brecha.com.uy\\\/wp-content\\\/uploads\\\/2025\\\/09\\\/cropped-Brechatienda.png\",\"width\":240,\"height\":67,\"caption\":\"Tienda - Brecha\"},\"image\":{\"@id\":\"https:\\\/\\\/tienda.brecha.com.uy\\\/#\\\/schema\\\/logo\\\/image\\\/\"}}]}<\/script>\n<!-- \/ Yoast SEO plugin. -->","yoast_head_json":{"title":"Intrigas Cruzadas. Mafia y Terrorismo en las Fuerzas Armadas - Tienda - Brecha","robots":{"index":"index","follow":"follow","max-snippet":"max-snippet:-1","max-image-preview":"max-image-preview:large","max-video-preview":"max-video-preview:-1"},"canonical":"https:\/\/tienda.brecha.com.uy\/index.php\/producto\/intrigas-cruzadas-mafia-y-terrorismo-en-las-fuerzas-armadas\/","og_locale":"es_ES","og_type":"article","og_title":"Intrigas Cruzadas. Mafia y Terrorismo en las Fuerzas Armadas - Tienda - Brecha","og_description":"Autores: Samuel Blixen y Nilo Pati\u00f1o  &nbsp;","og_url":"https:\/\/tienda.brecha.com.uy\/index.php\/producto\/intrigas-cruzadas-mafia-y-terrorismo-en-las-fuerzas-armadas\/","og_site_name":"Tienda - Brecha","article_modified_time":"2025-09-22T16:47:22+00:00","og_image":[{"width":600,"height":600,"url":"https:\/\/tienda.brecha.com.uy\/wp-content\/uploads\/2025\/07\/intrigascruzadas.png","type":"image\/png"}],"twitter_card":"summary_large_image","twitter_misc":{"Tiempo de lectura":"2 minutos"},"schema":{"@context":"https:\/\/schema.org","@graph":[{"@type":"WebPage","@id":"https:\/\/tienda.brecha.com.uy\/index.php\/producto\/intrigas-cruzadas-mafia-y-terrorismo-en-las-fuerzas-armadas\/","url":"https:\/\/tienda.brecha.com.uy\/index.php\/producto\/intrigas-cruzadas-mafia-y-terrorismo-en-las-fuerzas-armadas\/","name":"Intrigas Cruzadas. Mafia y Terrorismo en las Fuerzas Armadas - Tienda - Brecha","isPartOf":{"@id":"https:\/\/tienda.brecha.com.uy\/#website"},"primaryImageOfPage":{"@id":"https:\/\/tienda.brecha.com.uy\/index.php\/producto\/intrigas-cruzadas-mafia-y-terrorismo-en-las-fuerzas-armadas\/#primaryimage"},"image":{"@id":"https:\/\/tienda.brecha.com.uy\/index.php\/producto\/intrigas-cruzadas-mafia-y-terrorismo-en-las-fuerzas-armadas\/#primaryimage"},"thumbnailUrl":"https:\/\/tienda.brecha.com.uy\/wp-content\/uploads\/2025\/07\/intrigascruzadas.png","datePublished":"2025-07-24T18:06:38+00:00","dateModified":"2025-09-22T16:47:22+00:00","breadcrumb":{"@id":"https:\/\/tienda.brecha.com.uy\/index.php\/producto\/intrigas-cruzadas-mafia-y-terrorismo-en-las-fuerzas-armadas\/#breadcrumb"},"inLanguage":"es","potentialAction":[{"@type":"ReadAction","target":["https:\/\/tienda.brecha.com.uy\/index.php\/producto\/intrigas-cruzadas-mafia-y-terrorismo-en-las-fuerzas-armadas\/"]}]},{"@type":"ImageObject","inLanguage":"es","@id":"https:\/\/tienda.brecha.com.uy\/index.php\/producto\/intrigas-cruzadas-mafia-y-terrorismo-en-las-fuerzas-armadas\/#primaryimage","url":"https:\/\/tienda.brecha.com.uy\/wp-content\/uploads\/2025\/07\/intrigascruzadas.png","contentUrl":"https:\/\/tienda.brecha.com.uy\/wp-content\/uploads\/2025\/07\/intrigascruzadas.png","width":600,"height":600},{"@type":"BreadcrumbList","@id":"https:\/\/tienda.brecha.com.uy\/index.php\/producto\/intrigas-cruzadas-mafia-y-terrorismo-en-las-fuerzas-armadas\/#breadcrumb","itemListElement":[{"@type":"ListItem","position":1,"name":"Portada","item":"https:\/\/tienda.brecha.com.uy\/"},{"@type":"ListItem","position":2,"name":"Tienda","item":"https:\/\/tienda.brecha.com.uy\/index.php\/tienda\/"},{"@type":"ListItem","position":3,"name":"Intrigas Cruzadas. Mafia y Terrorismo en las Fuerzas Armadas"}]},{"@type":"WebSite","@id":"https:\/\/tienda.brecha.com.uy\/#website","url":"https:\/\/tienda.brecha.com.uy\/","name":"Tienda - Brecha","description":"","publisher":{"@id":"https:\/\/tienda.brecha.com.uy\/#organization"},"potentialAction":[{"@type":"SearchAction","target":{"@type":"EntryPoint","urlTemplate":"https:\/\/tienda.brecha.com.uy\/?s={search_term_string}"},"query-input":{"@type":"PropertyValueSpecification","valueRequired":true,"valueName":"search_term_string"}}],"inLanguage":"es"},{"@type":"Organization","@id":"https:\/\/tienda.brecha.com.uy\/#organization","name":"Tienda - Brecha","url":"https:\/\/tienda.brecha.com.uy\/","logo":{"@type":"ImageObject","inLanguage":"es","@id":"https:\/\/tienda.brecha.com.uy\/#\/schema\/logo\/image\/","url":"https:\/\/tienda.brecha.com.uy\/wp-content\/uploads\/2025\/09\/cropped-Brechatienda.png","contentUrl":"https:\/\/tienda.brecha.com.uy\/wp-content\/uploads\/2025\/09\/cropped-Brechatienda.png","width":240,"height":67,"caption":"Tienda - Brecha"},"image":{"@id":"https:\/\/tienda.brecha.com.uy\/#\/schema\/logo\/image\/"}}]}},"jetpack_sharing_enabled":true,"_links":{"self":[{"href":"https:\/\/tienda.brecha.com.uy\/index.php\/wp-json\/wp\/v2\/product\/71","targetHints":{"allow":["GET"]}}],"collection":[{"href":"https:\/\/tienda.brecha.com.uy\/index.php\/wp-json\/wp\/v2\/product"}],"about":[{"href":"https:\/\/tienda.brecha.com.uy\/index.php\/wp-json\/wp\/v2\/types\/product"}],"replies":[{"embeddable":true,"href":"https:\/\/tienda.brecha.com.uy\/index.php\/wp-json\/wp\/v2\/comments?post=71"}],"wp:featuredmedia":[{"embeddable":true,"href":"https:\/\/tienda.brecha.com.uy\/index.php\/wp-json\/wp\/v2\/media\/101"}],"wp:attachment":[{"href":"https:\/\/tienda.brecha.com.uy\/index.php\/wp-json\/wp\/v2\/media?parent=71"}],"wp:term":[{"taxonomy":"product_brand","embeddable":true,"href":"https:\/\/tienda.brecha.com.uy\/index.php\/wp-json\/wp\/v2\/product_brand?post=71"},{"taxonomy":"product_cat","embeddable":true,"href":"https:\/\/tienda.brecha.com.uy\/index.php\/wp-json\/wp\/v2\/product_cat?post=71"},{"taxonomy":"product_tag","embeddable":true,"href":"https:\/\/tienda.brecha.com.uy\/index.php\/wp-json\/wp\/v2\/product_tag?post=71"}],"curies":[{"name":"wp","href":"https:\/\/api.w.org\/{rel}","templated":true}]}}