{"id":80,"date":"2025-07-24T18:06:39","date_gmt":"2025-07-24T18:06:39","guid":{"rendered":"https:\/\/tienda.brecha.com.uy\/?post_type=product&#038;p=80"},"modified":"2025-09-22T16:33:58","modified_gmt":"2025-09-22T16:33:58","slug":"arte-androgino-estilo-versus-moda-en-un-siglo-corto","status":"publish","type":"product","link":"https:\/\/tienda.brecha.com.uy\/index.php\/producto\/arte-androgino-estilo-versus-moda-en-un-siglo-corto\/","title":{"rendered":"Arte andr\u00f3gino: estilo versus moda en un siglo corto"},"content":{"rendered":"<p>La igualaci\u00f3n de derechos entre los g\u00e9neros (terreno ganado a lo masculino por la mujer), el debilitamiento del dogma y la moral religiosos, entre otros aspectos, permiten \u00abnuevas aventuras de la androginia\u00bb, afirma Echavarren.<\/p>\n<p>Desde ese desplazamiento el autor revisa conceptos como el de <em>Fetiche,\u00a0<\/em>radicado por Marx y retomado por Freud, para resituarse en una perspectiva de erotismo primordial que <em>\u00abrebasa un l\u00edmite, no anat\u00f3mico, sino cultural y pr\u00e1ctico, y permite gozar de varios modos\u00bb<\/em>.<\/p>\n<p>Asistimos as\u00ed a la disoluci\u00f3n conjunta del homosexual como patolog\u00eda del hombre, y del hombre como canon: superhembras, supermachos, mutantes y andr\u00f3ginos lo exponen alternativamente.<\/p>\n<p>Echavarren refuta la mirada sujeta a la moda de Lipovetski que no advierte al estilo como una pr\u00e1ctica aut\u00f3noma. Investiga los fen\u00f3menos musicales (desde el rock de los cincuenta hasta el <em>grunge<\/em> de los noventa) avizorando zonas de imagen y comportamiento que el propio Baudrillard dejara a un lado en <strong>Am\u00e9rica<\/strong>. Parte de la observaci\u00f3n directa de lo que denomina <em>\u00abguerras de estilo\u00bb\u00a0<\/em>-alteraciones que afectan en consenso de las costumbres- cuyo importe cr\u00edtico, l\u00e9ase pol\u00edtico, no puede soslayarse. Aqu\u00ed la noci\u00f3n de identidad explota en un <em>no\u00a0<\/em><i>concepto<\/i>:\u00a0<em>\u00abcualquier identidad est\u00e1 hecha de juegos e idiosincrasias, pero no es \u00edntegra ni permanente\u00bb; <\/em> por tanto se borran las etiquetas que mutilan el poder pluridireccional de lo er\u00f3tico.<\/p>\n<p>Ampliando la noci\u00f3n de arete a cualquier expresividad del cuerpo, el autor recala al fin en una biblioteca personal donde explora lo que considera textos prof\u00e9ticos en torno a la andoginia.\u00a0<strong>El diablo enamorado,\u00a0<\/strong>de Cazotte,\u00a0<strong>Serafita<\/strong> de Balzac,\u00a0<strong>Contranatura<\/strong>, de Huysmans,\u00a0<strong>El gran Gatsby<\/strong>, de Scott Fitzgerald,\u00a0 y las obras de Onetti, Manuel Puig, Sarduy y C\u00e9sar Aira, son su referente.<\/p>\n<p>Si este ensayo parte de la hip\u00f3tesis de que <em>\u00abno hay l\u00edmite par los saltos del estilo\u00bb<\/em>, redunda a su vez en provocar, con un salto cualitativo, la reflexi\u00f3n est\u00e9tica y \u00e9tica acerca de actitudes y comportamientos que ya desbordan sobre el siglo que viene.<\/p>\n","protected":false},"excerpt":{"rendered":"<p>Autor: Roberto Echavarren<\/p>\n","protected":false},"featured_media":110,"comment_status":"closed","ping_status":"closed","template":"","meta":[],"product_brand":[],"product_cat":[20,25,34],"product_tag":[],"class_list":{"0":"post-80","1":"product","2":"type-product","3":"status-publish","4":"has-post-thumbnail","6":"product_cat-ediciones-brecha","7":"product_cat-ensayo","8":"product_cat-roberto-echevarren","10":"first","11":"instock","12":"purchasable","13":"product-type-simple"},"yoast_head":"<!-- This site is optimized with the Yoast SEO plugin v27.6 - https:\/\/yoast.com\/product\/yoast-seo-wordpress\/ -->\n<title>Arte andr\u00f3gino: estilo versus moda en un siglo corto - Tienda - Brecha<\/title>\n<meta name=\"robots\" content=\"index, follow, max-snippet:-1, max-image-preview:large, max-video-preview:-1\" \/>\n<link rel=\"canonical\" href=\"https:\/\/tienda.brecha.com.uy\/index.php\/producto\/arte-androgino-estilo-versus-moda-en-un-siglo-corto\/\" \/>\n<meta property=\"og:locale\" content=\"es_ES\" \/>\n<meta property=\"og:type\" content=\"article\" \/>\n<meta property=\"og:title\" content=\"Arte andr\u00f3gino: estilo versus moda en un siglo corto - Tienda - Brecha\" \/>\n<meta property=\"og:description\" content=\"Autor: Roberto Echavarren\" \/>\n<meta property=\"og:url\" content=\"https:\/\/tienda.brecha.com.uy\/index.php\/producto\/arte-androgino-estilo-versus-moda-en-un-siglo-corto\/\" \/>\n<meta property=\"og:site_name\" content=\"Tienda - Brecha\" \/>\n<meta property=\"article:modified_time\" content=\"2025-09-22T16:33:58+00:00\" \/>\n<meta property=\"og:image\" content=\"https:\/\/tienda.brecha.com.uy\/wp-content\/uploads\/2025\/07\/arteandrogino.png\" \/>\n\t<meta property=\"og:image:width\" content=\"600\" \/>\n\t<meta property=\"og:image:height\" content=\"600\" \/>\n\t<meta property=\"og:image:type\" content=\"image\/png\" \/>\n<meta name=\"twitter:card\" content=\"summary_large_image\" \/>\n<meta name=\"twitter:label1\" content=\"Tiempo de lectura\" \/>\n\t<meta name=\"twitter:data1\" content=\"2 minutos\" \/>\n<script type=\"application\/ld+json\" class=\"yoast-schema-graph\">{\"@context\":\"https:\\\/\\\/schema.org\",\"@graph\":[{\"@type\":\"WebPage\",\"@id\":\"https:\\\/\\\/tienda.brecha.com.uy\\\/index.php\\\/producto\\\/arte-androgino-estilo-versus-moda-en-un-siglo-corto\\\/\",\"url\":\"https:\\\/\\\/tienda.brecha.com.uy\\\/index.php\\\/producto\\\/arte-androgino-estilo-versus-moda-en-un-siglo-corto\\\/\",\"name\":\"Arte andr\u00f3gino: estilo versus moda en un siglo corto - Tienda - Brecha\",\"isPartOf\":{\"@id\":\"https:\\\/\\\/tienda.brecha.com.uy\\\/#website\"},\"primaryImageOfPage\":{\"@id\":\"https:\\\/\\\/tienda.brecha.com.uy\\\/index.php\\\/producto\\\/arte-androgino-estilo-versus-moda-en-un-siglo-corto\\\/#primaryimage\"},\"image\":{\"@id\":\"https:\\\/\\\/tienda.brecha.com.uy\\\/index.php\\\/producto\\\/arte-androgino-estilo-versus-moda-en-un-siglo-corto\\\/#primaryimage\"},\"thumbnailUrl\":\"https:\\\/\\\/tienda.brecha.com.uy\\\/wp-content\\\/uploads\\\/2025\\\/07\\\/arteandrogino.png\",\"datePublished\":\"2025-07-24T18:06:39+00:00\",\"dateModified\":\"2025-09-22T16:33:58+00:00\",\"breadcrumb\":{\"@id\":\"https:\\\/\\\/tienda.brecha.com.uy\\\/index.php\\\/producto\\\/arte-androgino-estilo-versus-moda-en-un-siglo-corto\\\/#breadcrumb\"},\"inLanguage\":\"es\",\"potentialAction\":[{\"@type\":\"ReadAction\",\"target\":[\"https:\\\/\\\/tienda.brecha.com.uy\\\/index.php\\\/producto\\\/arte-androgino-estilo-versus-moda-en-un-siglo-corto\\\/\"]}]},{\"@type\":\"ImageObject\",\"inLanguage\":\"es\",\"@id\":\"https:\\\/\\\/tienda.brecha.com.uy\\\/index.php\\\/producto\\\/arte-androgino-estilo-versus-moda-en-un-siglo-corto\\\/#primaryimage\",\"url\":\"https:\\\/\\\/tienda.brecha.com.uy\\\/wp-content\\\/uploads\\\/2025\\\/07\\\/arteandrogino.png\",\"contentUrl\":\"https:\\\/\\\/tienda.brecha.com.uy\\\/wp-content\\\/uploads\\\/2025\\\/07\\\/arteandrogino.png\",\"width\":600,\"height\":600},{\"@type\":\"BreadcrumbList\",\"@id\":\"https:\\\/\\\/tienda.brecha.com.uy\\\/index.php\\\/producto\\\/arte-androgino-estilo-versus-moda-en-un-siglo-corto\\\/#breadcrumb\",\"itemListElement\":[{\"@type\":\"ListItem\",\"position\":1,\"name\":\"Portada\",\"item\":\"https:\\\/\\\/tienda.brecha.com.uy\\\/\"},{\"@type\":\"ListItem\",\"position\":2,\"name\":\"Tienda\",\"item\":\"https:\\\/\\\/tienda.brecha.com.uy\\\/index.php\\\/tienda\\\/\"},{\"@type\":\"ListItem\",\"position\":3,\"name\":\"Arte andr\u00f3gino: estilo versus moda en un siglo corto\"}]},{\"@type\":\"WebSite\",\"@id\":\"https:\\\/\\\/tienda.brecha.com.uy\\\/#website\",\"url\":\"https:\\\/\\\/tienda.brecha.com.uy\\\/\",\"name\":\"Tienda - Brecha\",\"description\":\"\",\"publisher\":{\"@id\":\"https:\\\/\\\/tienda.brecha.com.uy\\\/#organization\"},\"potentialAction\":[{\"@type\":\"SearchAction\",\"target\":{\"@type\":\"EntryPoint\",\"urlTemplate\":\"https:\\\/\\\/tienda.brecha.com.uy\\\/?s={search_term_string}\"},\"query-input\":{\"@type\":\"PropertyValueSpecification\",\"valueRequired\":true,\"valueName\":\"search_term_string\"}}],\"inLanguage\":\"es\"},{\"@type\":\"Organization\",\"@id\":\"https:\\\/\\\/tienda.brecha.com.uy\\\/#organization\",\"name\":\"Tienda - Brecha\",\"url\":\"https:\\\/\\\/tienda.brecha.com.uy\\\/\",\"logo\":{\"@type\":\"ImageObject\",\"inLanguage\":\"es\",\"@id\":\"https:\\\/\\\/tienda.brecha.com.uy\\\/#\\\/schema\\\/logo\\\/image\\\/\",\"url\":\"https:\\\/\\\/tienda.brecha.com.uy\\\/wp-content\\\/uploads\\\/2025\\\/09\\\/cropped-Brechatienda.png\",\"contentUrl\":\"https:\\\/\\\/tienda.brecha.com.uy\\\/wp-content\\\/uploads\\\/2025\\\/09\\\/cropped-Brechatienda.png\",\"width\":240,\"height\":67,\"caption\":\"Tienda - Brecha\"},\"image\":{\"@id\":\"https:\\\/\\\/tienda.brecha.com.uy\\\/#\\\/schema\\\/logo\\\/image\\\/\"}}]}<\/script>\n<!-- \/ Yoast SEO plugin. -->","yoast_head_json":{"title":"Arte andr\u00f3gino: estilo versus moda en un siglo corto - Tienda - Brecha","robots":{"index":"index","follow":"follow","max-snippet":"max-snippet:-1","max-image-preview":"max-image-preview:large","max-video-preview":"max-video-preview:-1"},"canonical":"https:\/\/tienda.brecha.com.uy\/index.php\/producto\/arte-androgino-estilo-versus-moda-en-un-siglo-corto\/","og_locale":"es_ES","og_type":"article","og_title":"Arte andr\u00f3gino: estilo versus moda en un siglo corto - Tienda - Brecha","og_description":"Autor: Roberto Echavarren","og_url":"https:\/\/tienda.brecha.com.uy\/index.php\/producto\/arte-androgino-estilo-versus-moda-en-un-siglo-corto\/","og_site_name":"Tienda - Brecha","article_modified_time":"2025-09-22T16:33:58+00:00","og_image":[{"width":600,"height":600,"url":"https:\/\/tienda.brecha.com.uy\/wp-content\/uploads\/2025\/07\/arteandrogino.png","type":"image\/png"}],"twitter_card":"summary_large_image","twitter_misc":{"Tiempo de lectura":"2 minutos"},"schema":{"@context":"https:\/\/schema.org","@graph":[{"@type":"WebPage","@id":"https:\/\/tienda.brecha.com.uy\/index.php\/producto\/arte-androgino-estilo-versus-moda-en-un-siglo-corto\/","url":"https:\/\/tienda.brecha.com.uy\/index.php\/producto\/arte-androgino-estilo-versus-moda-en-un-siglo-corto\/","name":"Arte andr\u00f3gino: estilo versus moda en un siglo corto - Tienda - Brecha","isPartOf":{"@id":"https:\/\/tienda.brecha.com.uy\/#website"},"primaryImageOfPage":{"@id":"https:\/\/tienda.brecha.com.uy\/index.php\/producto\/arte-androgino-estilo-versus-moda-en-un-siglo-corto\/#primaryimage"},"image":{"@id":"https:\/\/tienda.brecha.com.uy\/index.php\/producto\/arte-androgino-estilo-versus-moda-en-un-siglo-corto\/#primaryimage"},"thumbnailUrl":"https:\/\/tienda.brecha.com.uy\/wp-content\/uploads\/2025\/07\/arteandrogino.png","datePublished":"2025-07-24T18:06:39+00:00","dateModified":"2025-09-22T16:33:58+00:00","breadcrumb":{"@id":"https:\/\/tienda.brecha.com.uy\/index.php\/producto\/arte-androgino-estilo-versus-moda-en-un-siglo-corto\/#breadcrumb"},"inLanguage":"es","potentialAction":[{"@type":"ReadAction","target":["https:\/\/tienda.brecha.com.uy\/index.php\/producto\/arte-androgino-estilo-versus-moda-en-un-siglo-corto\/"]}]},{"@type":"ImageObject","inLanguage":"es","@id":"https:\/\/tienda.brecha.com.uy\/index.php\/producto\/arte-androgino-estilo-versus-moda-en-un-siglo-corto\/#primaryimage","url":"https:\/\/tienda.brecha.com.uy\/wp-content\/uploads\/2025\/07\/arteandrogino.png","contentUrl":"https:\/\/tienda.brecha.com.uy\/wp-content\/uploads\/2025\/07\/arteandrogino.png","width":600,"height":600},{"@type":"BreadcrumbList","@id":"https:\/\/tienda.brecha.com.uy\/index.php\/producto\/arte-androgino-estilo-versus-moda-en-un-siglo-corto\/#breadcrumb","itemListElement":[{"@type":"ListItem","position":1,"name":"Portada","item":"https:\/\/tienda.brecha.com.uy\/"},{"@type":"ListItem","position":2,"name":"Tienda","item":"https:\/\/tienda.brecha.com.uy\/index.php\/tienda\/"},{"@type":"ListItem","position":3,"name":"Arte andr\u00f3gino: estilo versus moda en un siglo corto"}]},{"@type":"WebSite","@id":"https:\/\/tienda.brecha.com.uy\/#website","url":"https:\/\/tienda.brecha.com.uy\/","name":"Tienda - Brecha","description":"","publisher":{"@id":"https:\/\/tienda.brecha.com.uy\/#organization"},"potentialAction":[{"@type":"SearchAction","target":{"@type":"EntryPoint","urlTemplate":"https:\/\/tienda.brecha.com.uy\/?s={search_term_string}"},"query-input":{"@type":"PropertyValueSpecification","valueRequired":true,"valueName":"search_term_string"}}],"inLanguage":"es"},{"@type":"Organization","@id":"https:\/\/tienda.brecha.com.uy\/#organization","name":"Tienda - Brecha","url":"https:\/\/tienda.brecha.com.uy\/","logo":{"@type":"ImageObject","inLanguage":"es","@id":"https:\/\/tienda.brecha.com.uy\/#\/schema\/logo\/image\/","url":"https:\/\/tienda.brecha.com.uy\/wp-content\/uploads\/2025\/09\/cropped-Brechatienda.png","contentUrl":"https:\/\/tienda.brecha.com.uy\/wp-content\/uploads\/2025\/09\/cropped-Brechatienda.png","width":240,"height":67,"caption":"Tienda - Brecha"},"image":{"@id":"https:\/\/tienda.brecha.com.uy\/#\/schema\/logo\/image\/"}}]}},"jetpack_sharing_enabled":true,"_links":{"self":[{"href":"https:\/\/tienda.brecha.com.uy\/index.php\/wp-json\/wp\/v2\/product\/80","targetHints":{"allow":["GET"]}}],"collection":[{"href":"https:\/\/tienda.brecha.com.uy\/index.php\/wp-json\/wp\/v2\/product"}],"about":[{"href":"https:\/\/tienda.brecha.com.uy\/index.php\/wp-json\/wp\/v2\/types\/product"}],"replies":[{"embeddable":true,"href":"https:\/\/tienda.brecha.com.uy\/index.php\/wp-json\/wp\/v2\/comments?post=80"}],"wp:featuredmedia":[{"embeddable":true,"href":"https:\/\/tienda.brecha.com.uy\/index.php\/wp-json\/wp\/v2\/media\/110"}],"wp:attachment":[{"href":"https:\/\/tienda.brecha.com.uy\/index.php\/wp-json\/wp\/v2\/media?parent=80"}],"wp:term":[{"taxonomy":"product_brand","embeddable":true,"href":"https:\/\/tienda.brecha.com.uy\/index.php\/wp-json\/wp\/v2\/product_brand?post=80"},{"taxonomy":"product_cat","embeddable":true,"href":"https:\/\/tienda.brecha.com.uy\/index.php\/wp-json\/wp\/v2\/product_cat?post=80"},{"taxonomy":"product_tag","embeddable":true,"href":"https:\/\/tienda.brecha.com.uy\/index.php\/wp-json\/wp\/v2\/product_tag?post=80"}],"curies":[{"name":"wp","href":"https:\/\/api.w.org\/{rel}","templated":true}]}}