{"id":82,"date":"2025-07-24T18:06:39","date_gmt":"2025-07-24T18:06:39","guid":{"rendered":"https:\/\/tienda.brecha.com.uy\/?post_type=product&#038;p=82"},"modified":"2025-09-22T20:57:37","modified_gmt":"2025-09-22T20:57:37","slug":"el-camino-y-el-caracter-etico-del-anarquismo","status":"publish","type":"product","link":"https:\/\/tienda.brecha.com.uy\/index.php\/producto\/el-camino-y-el-caracter-etico-del-anarquismo\/","title":{"rendered":"El camino y el car\u00e1cter \u00e9tico del anarquismo"},"content":{"rendered":"<p>El camino es una de las obras fundamentales de Luce Fabbri. A partir de un balance hist\u00f3rico de los or\u00edgenes y los rumbos de las luchas por un socialismo sin Estado, la autora presenta su propia definici\u00f3n del anarquismo, entendido como un recorrido m\u00e1s que como un fin, como un camino que se construye individual y colectivamente, por medio de un proceso continuo, un movimiento guiado por pr\u00e1cticas de libertad y solidaridad que se implementan en la cotidianidad de la sociedad, en contraposici\u00f3n a las exigencias competitivas, violentas y jerarquizantes del mundo capitalista, que nos afectan y buscan capturar nuestros cuerpos y mentes.<br \/>\nAcompa\u00f1a este texto una conferencia pronunciada por la autora en 1997, sobre \u00e9tica y anarquismo. Al cierre de esta exposici\u00f3n, reflexiona sobre una organizaci\u00f3n social libertaria: \u00abEsta organizaci\u00f3n flexible, en la que nadie prevalece y cada uno vale por s\u00ed mismo, tiene como fuerza de cohesi\u00f3n la \u00e9tica de la libertad, es decir, la \u00e9tica de la responsabilidad, la \u00e9tica del que no necesita que nadie lo vigile y domine para cumplir con lo que su misma conciencia le se\u00f1ale como deber\u00bb.<\/p>\n","protected":false},"excerpt":{"rendered":"<p>Autora: Luce Fabbri<\/p>\n","protected":false},"featured_media":112,"comment_status":"closed","ping_status":"closed","template":"","meta":[],"product_brand":[],"product_cat":[35,25,38],"product_tag":[113],"class_list":{"0":"post-82","1":"product","2":"type-product","3":"status-publish","4":"has-post-thumbnail","6":"product_cat-alter-ediciones","7":"product_cat-ensayo","8":"product_cat-luce-fabbri","9":"product_tag-editoriales-amigas","11":"first","12":"instock","13":"purchasable","14":"product-type-simple"},"yoast_head":"<!-- This site is optimized with the Yoast SEO plugin v27.6 - https:\/\/yoast.com\/product\/yoast-seo-wordpress\/ -->\n<title>El camino y el car\u00e1cter \u00e9tico del anarquismo - Tienda - Brecha<\/title>\n<meta name=\"robots\" content=\"index, follow, max-snippet:-1, max-image-preview:large, max-video-preview:-1\" \/>\n<link rel=\"canonical\" href=\"https:\/\/tienda.brecha.com.uy\/index.php\/producto\/el-camino-y-el-caracter-etico-del-anarquismo\/\" \/>\n<meta property=\"og:locale\" content=\"es_ES\" \/>\n<meta property=\"og:type\" content=\"article\" \/>\n<meta property=\"og:title\" content=\"El camino y el car\u00e1cter \u00e9tico del anarquismo - Tienda - Brecha\" \/>\n<meta property=\"og:description\" content=\"Autora: Luce Fabbri\" \/>\n<meta property=\"og:url\" content=\"https:\/\/tienda.brecha.com.uy\/index.php\/producto\/el-camino-y-el-caracter-etico-del-anarquismo\/\" \/>\n<meta property=\"og:site_name\" content=\"Tienda - Brecha\" \/>\n<meta property=\"article:modified_time\" content=\"2025-09-22T20:57:37+00:00\" \/>\n<meta property=\"og:image\" content=\"https:\/\/tienda.brecha.com.uy\/wp-content\/uploads\/2025\/07\/el-camino.png\" \/>\n\t<meta property=\"og:image:width\" content=\"601\" \/>\n\t<meta property=\"og:image:height\" content=\"601\" \/>\n\t<meta property=\"og:image:type\" content=\"image\/png\" \/>\n<meta name=\"twitter:card\" content=\"summary_large_image\" \/>\n<meta name=\"twitter:label1\" content=\"Tiempo de lectura\" \/>\n\t<meta name=\"twitter:data1\" content=\"2 minutos\" \/>\n<script type=\"application\/ld+json\" class=\"yoast-schema-graph\">{\"@context\":\"https:\\\/\\\/schema.org\",\"@graph\":[{\"@type\":\"WebPage\",\"@id\":\"https:\\\/\\\/tienda.brecha.com.uy\\\/index.php\\\/producto\\\/el-camino-y-el-caracter-etico-del-anarquismo\\\/\",\"url\":\"https:\\\/\\\/tienda.brecha.com.uy\\\/index.php\\\/producto\\\/el-camino-y-el-caracter-etico-del-anarquismo\\\/\",\"name\":\"El camino y el car\u00e1cter \u00e9tico del anarquismo - Tienda - Brecha\",\"isPartOf\":{\"@id\":\"https:\\\/\\\/tienda.brecha.com.uy\\\/#website\"},\"primaryImageOfPage\":{\"@id\":\"https:\\\/\\\/tienda.brecha.com.uy\\\/index.php\\\/producto\\\/el-camino-y-el-caracter-etico-del-anarquismo\\\/#primaryimage\"},\"image\":{\"@id\":\"https:\\\/\\\/tienda.brecha.com.uy\\\/index.php\\\/producto\\\/el-camino-y-el-caracter-etico-del-anarquismo\\\/#primaryimage\"},\"thumbnailUrl\":\"https:\\\/\\\/tienda.brecha.com.uy\\\/wp-content\\\/uploads\\\/2025\\\/07\\\/el-camino.png\",\"datePublished\":\"2025-07-24T18:06:39+00:00\",\"dateModified\":\"2025-09-22T20:57:37+00:00\",\"breadcrumb\":{\"@id\":\"https:\\\/\\\/tienda.brecha.com.uy\\\/index.php\\\/producto\\\/el-camino-y-el-caracter-etico-del-anarquismo\\\/#breadcrumb\"},\"inLanguage\":\"es\",\"potentialAction\":[{\"@type\":\"ReadAction\",\"target\":[\"https:\\\/\\\/tienda.brecha.com.uy\\\/index.php\\\/producto\\\/el-camino-y-el-caracter-etico-del-anarquismo\\\/\"]}]},{\"@type\":\"ImageObject\",\"inLanguage\":\"es\",\"@id\":\"https:\\\/\\\/tienda.brecha.com.uy\\\/index.php\\\/producto\\\/el-camino-y-el-caracter-etico-del-anarquismo\\\/#primaryimage\",\"url\":\"https:\\\/\\\/tienda.brecha.com.uy\\\/wp-content\\\/uploads\\\/2025\\\/07\\\/el-camino.png\",\"contentUrl\":\"https:\\\/\\\/tienda.brecha.com.uy\\\/wp-content\\\/uploads\\\/2025\\\/07\\\/el-camino.png\",\"width\":601,\"height\":601},{\"@type\":\"BreadcrumbList\",\"@id\":\"https:\\\/\\\/tienda.brecha.com.uy\\\/index.php\\\/producto\\\/el-camino-y-el-caracter-etico-del-anarquismo\\\/#breadcrumb\",\"itemListElement\":[{\"@type\":\"ListItem\",\"position\":1,\"name\":\"Portada\",\"item\":\"https:\\\/\\\/tienda.brecha.com.uy\\\/\"},{\"@type\":\"ListItem\",\"position\":2,\"name\":\"Tienda\",\"item\":\"https:\\\/\\\/tienda.brecha.com.uy\\\/index.php\\\/tienda\\\/\"},{\"@type\":\"ListItem\",\"position\":3,\"name\":\"El camino y el car\u00e1cter \u00e9tico del anarquismo\"}]},{\"@type\":\"WebSite\",\"@id\":\"https:\\\/\\\/tienda.brecha.com.uy\\\/#website\",\"url\":\"https:\\\/\\\/tienda.brecha.com.uy\\\/\",\"name\":\"Tienda - Brecha\",\"description\":\"\",\"publisher\":{\"@id\":\"https:\\\/\\\/tienda.brecha.com.uy\\\/#organization\"},\"potentialAction\":[{\"@type\":\"SearchAction\",\"target\":{\"@type\":\"EntryPoint\",\"urlTemplate\":\"https:\\\/\\\/tienda.brecha.com.uy\\\/?s={search_term_string}\"},\"query-input\":{\"@type\":\"PropertyValueSpecification\",\"valueRequired\":true,\"valueName\":\"search_term_string\"}}],\"inLanguage\":\"es\"},{\"@type\":\"Organization\",\"@id\":\"https:\\\/\\\/tienda.brecha.com.uy\\\/#organization\",\"name\":\"Tienda - Brecha\",\"url\":\"https:\\\/\\\/tienda.brecha.com.uy\\\/\",\"logo\":{\"@type\":\"ImageObject\",\"inLanguage\":\"es\",\"@id\":\"https:\\\/\\\/tienda.brecha.com.uy\\\/#\\\/schema\\\/logo\\\/image\\\/\",\"url\":\"https:\\\/\\\/tienda.brecha.com.uy\\\/wp-content\\\/uploads\\\/2025\\\/09\\\/cropped-Brechatienda.png\",\"contentUrl\":\"https:\\\/\\\/tienda.brecha.com.uy\\\/wp-content\\\/uploads\\\/2025\\\/09\\\/cropped-Brechatienda.png\",\"width\":240,\"height\":67,\"caption\":\"Tienda - Brecha\"},\"image\":{\"@id\":\"https:\\\/\\\/tienda.brecha.com.uy\\\/#\\\/schema\\\/logo\\\/image\\\/\"}}]}<\/script>\n<!-- \/ Yoast SEO plugin. -->","yoast_head_json":{"title":"El camino y el car\u00e1cter \u00e9tico del anarquismo - Tienda - Brecha","robots":{"index":"index","follow":"follow","max-snippet":"max-snippet:-1","max-image-preview":"max-image-preview:large","max-video-preview":"max-video-preview:-1"},"canonical":"https:\/\/tienda.brecha.com.uy\/index.php\/producto\/el-camino-y-el-caracter-etico-del-anarquismo\/","og_locale":"es_ES","og_type":"article","og_title":"El camino y el car\u00e1cter \u00e9tico del anarquismo - Tienda - Brecha","og_description":"Autora: Luce Fabbri","og_url":"https:\/\/tienda.brecha.com.uy\/index.php\/producto\/el-camino-y-el-caracter-etico-del-anarquismo\/","og_site_name":"Tienda - Brecha","article_modified_time":"2025-09-22T20:57:37+00:00","og_image":[{"width":601,"height":601,"url":"https:\/\/tienda.brecha.com.uy\/wp-content\/uploads\/2025\/07\/el-camino.png","type":"image\/png"}],"twitter_card":"summary_large_image","twitter_misc":{"Tiempo de lectura":"2 minutos"},"schema":{"@context":"https:\/\/schema.org","@graph":[{"@type":"WebPage","@id":"https:\/\/tienda.brecha.com.uy\/index.php\/producto\/el-camino-y-el-caracter-etico-del-anarquismo\/","url":"https:\/\/tienda.brecha.com.uy\/index.php\/producto\/el-camino-y-el-caracter-etico-del-anarquismo\/","name":"El camino y el car\u00e1cter \u00e9tico del anarquismo - Tienda - Brecha","isPartOf":{"@id":"https:\/\/tienda.brecha.com.uy\/#website"},"primaryImageOfPage":{"@id":"https:\/\/tienda.brecha.com.uy\/index.php\/producto\/el-camino-y-el-caracter-etico-del-anarquismo\/#primaryimage"},"image":{"@id":"https:\/\/tienda.brecha.com.uy\/index.php\/producto\/el-camino-y-el-caracter-etico-del-anarquismo\/#primaryimage"},"thumbnailUrl":"https:\/\/tienda.brecha.com.uy\/wp-content\/uploads\/2025\/07\/el-camino.png","datePublished":"2025-07-24T18:06:39+00:00","dateModified":"2025-09-22T20:57:37+00:00","breadcrumb":{"@id":"https:\/\/tienda.brecha.com.uy\/index.php\/producto\/el-camino-y-el-caracter-etico-del-anarquismo\/#breadcrumb"},"inLanguage":"es","potentialAction":[{"@type":"ReadAction","target":["https:\/\/tienda.brecha.com.uy\/index.php\/producto\/el-camino-y-el-caracter-etico-del-anarquismo\/"]}]},{"@type":"ImageObject","inLanguage":"es","@id":"https:\/\/tienda.brecha.com.uy\/index.php\/producto\/el-camino-y-el-caracter-etico-del-anarquismo\/#primaryimage","url":"https:\/\/tienda.brecha.com.uy\/wp-content\/uploads\/2025\/07\/el-camino.png","contentUrl":"https:\/\/tienda.brecha.com.uy\/wp-content\/uploads\/2025\/07\/el-camino.png","width":601,"height":601},{"@type":"BreadcrumbList","@id":"https:\/\/tienda.brecha.com.uy\/index.php\/producto\/el-camino-y-el-caracter-etico-del-anarquismo\/#breadcrumb","itemListElement":[{"@type":"ListItem","position":1,"name":"Portada","item":"https:\/\/tienda.brecha.com.uy\/"},{"@type":"ListItem","position":2,"name":"Tienda","item":"https:\/\/tienda.brecha.com.uy\/index.php\/tienda\/"},{"@type":"ListItem","position":3,"name":"El camino y el car\u00e1cter \u00e9tico del anarquismo"}]},{"@type":"WebSite","@id":"https:\/\/tienda.brecha.com.uy\/#website","url":"https:\/\/tienda.brecha.com.uy\/","name":"Tienda - Brecha","description":"","publisher":{"@id":"https:\/\/tienda.brecha.com.uy\/#organization"},"potentialAction":[{"@type":"SearchAction","target":{"@type":"EntryPoint","urlTemplate":"https:\/\/tienda.brecha.com.uy\/?s={search_term_string}"},"query-input":{"@type":"PropertyValueSpecification","valueRequired":true,"valueName":"search_term_string"}}],"inLanguage":"es"},{"@type":"Organization","@id":"https:\/\/tienda.brecha.com.uy\/#organization","name":"Tienda - Brecha","url":"https:\/\/tienda.brecha.com.uy\/","logo":{"@type":"ImageObject","inLanguage":"es","@id":"https:\/\/tienda.brecha.com.uy\/#\/schema\/logo\/image\/","url":"https:\/\/tienda.brecha.com.uy\/wp-content\/uploads\/2025\/09\/cropped-Brechatienda.png","contentUrl":"https:\/\/tienda.brecha.com.uy\/wp-content\/uploads\/2025\/09\/cropped-Brechatienda.png","width":240,"height":67,"caption":"Tienda - Brecha"},"image":{"@id":"https:\/\/tienda.brecha.com.uy\/#\/schema\/logo\/image\/"}}]}},"jetpack_sharing_enabled":true,"_links":{"self":[{"href":"https:\/\/tienda.brecha.com.uy\/index.php\/wp-json\/wp\/v2\/product\/82","targetHints":{"allow":["GET"]}}],"collection":[{"href":"https:\/\/tienda.brecha.com.uy\/index.php\/wp-json\/wp\/v2\/product"}],"about":[{"href":"https:\/\/tienda.brecha.com.uy\/index.php\/wp-json\/wp\/v2\/types\/product"}],"replies":[{"embeddable":true,"href":"https:\/\/tienda.brecha.com.uy\/index.php\/wp-json\/wp\/v2\/comments?post=82"}],"wp:featuredmedia":[{"embeddable":true,"href":"https:\/\/tienda.brecha.com.uy\/index.php\/wp-json\/wp\/v2\/media\/112"}],"wp:attachment":[{"href":"https:\/\/tienda.brecha.com.uy\/index.php\/wp-json\/wp\/v2\/media?parent=82"}],"wp:term":[{"taxonomy":"product_brand","embeddable":true,"href":"https:\/\/tienda.brecha.com.uy\/index.php\/wp-json\/wp\/v2\/product_brand?post=82"},{"taxonomy":"product_cat","embeddable":true,"href":"https:\/\/tienda.brecha.com.uy\/index.php\/wp-json\/wp\/v2\/product_cat?post=82"},{"taxonomy":"product_tag","embeddable":true,"href":"https:\/\/tienda.brecha.com.uy\/index.php\/wp-json\/wp\/v2\/product_tag?post=82"}],"curies":[{"name":"wp","href":"https:\/\/api.w.org\/{rel}","templated":true}]}}