{"id":84,"date":"2025-07-24T18:06:40","date_gmt":"2025-07-24T18:06:40","guid":{"rendered":"https:\/\/tienda.brecha.com.uy\/?post_type=product&#038;p=84"},"modified":"2025-09-22T20:53:40","modified_gmt":"2025-09-22T20:53:40","slug":"una-historia-en-imagenes-trabajadores-y-estudiantes-1960-1973","status":"publish","type":"product","link":"https:\/\/tienda.brecha.com.uy\/index.php\/producto\/una-historia-en-imagenes-trabajadores-y-estudiantes-1960-1973\/","title":{"rendered":"Una historia en im\u00e1genes"},"content":{"rendered":"<p>Las fotograf\u00edas de este libro protegen un doble secreto; una incre\u00edble historia de resistencia y tenacidad. Los negativos, escondidos por Aurelio Gonz\u00e1lez en 1973 para evitar que las fuerzas represivas uruguayas los destruyeran, fueron recuperados 30 a\u00f1os despu\u00e9s. La humedad del escondite, en vez de estropearlos, sell\u00f3 las latas met\u00e1licas y los mantuvo a salvo. Vuelto del exilio, Aurelio los busc\u00f3 en varias oportunidades en el lugar donde los hab\u00eda ocultado y sus alrededores, sin lograr encontrarlos.<\/p>\n<p>D\u00e9cadas m\u00e1s tarde, un ni\u00f1o los descubri\u00f3. Jugaba con ellos sin que nadie supiera y volv\u00eda a dejarlos donde los hab\u00eda hallado. Un d\u00eda el ni\u00f1o, ya grande, se encuentra con un fot\u00f3grafo, le cuenta su historia y este ata cabos. Aurelio nunca perdi\u00f3 la esperanza de recuperar estos negativos que vencieron el tiempo y las dificultades.<\/p>\n<p>Todas las im\u00e1genes fueron tomadas por reporteros gr\u00e1ficos que trabajaban en El\u00a0Popular (en el caso de Aurelio, desde su fundaci\u00f3n en 1957 hasta su clausura por la dictadura c\u00edvico-militar en 1973). Son fotos que nutren la memoria colectiva sobre las peripecias de un pueblo en su pugna por defender sus derechos y \u00adresistir\u00a0el\u00a0\u00adautoritarismo.<\/p>\n<p>Esta nueva propuesta de edici\u00f3n de Una historia en im\u00e1genes busca poner el foco en los miles de trabajadores y estudiantes, an\u00f3nimos, en la mayor\u00eda de los casos, que pusieron el cuerpo para sostener la lucha por un mundo nuevo.<\/p>\n","protected":false},"excerpt":{"rendered":"<p>Trabajadores y estudiantes. 1960 &#8211; 1973<\/p>\n<p>Autor:\u00a0Aurelio Gonz\u00e1lez<\/p>\n","protected":false},"featured_media":114,"comment_status":"closed","ping_status":"closed","template":"","meta":[],"product_brand":[],"product_cat":[35,40],"product_tag":[113],"class_list":{"0":"post-84","1":"product","2":"type-product","3":"status-publish","4":"has-post-thumbnail","6":"product_cat-alter-ediciones","7":"product_cat-aurelio-gonzalez","8":"product_tag-editoriales-amigas","10":"first","11":"instock","12":"purchasable","13":"product-type-simple"},"yoast_head":"<!-- This site is optimized with the Yoast SEO plugin v27.6 - https:\/\/yoast.com\/product\/yoast-seo-wordpress\/ -->\n<title>Una historia en im\u00e1genes - Tienda - Brecha<\/title>\n<meta name=\"robots\" content=\"index, follow, max-snippet:-1, max-image-preview:large, max-video-preview:-1\" \/>\n<link rel=\"canonical\" href=\"https:\/\/tienda.brecha.com.uy\/index.php\/producto\/una-historia-en-imagenes-trabajadores-y-estudiantes-1960-1973\/\" \/>\n<meta property=\"og:locale\" content=\"es_ES\" \/>\n<meta property=\"og:type\" content=\"article\" \/>\n<meta property=\"og:title\" content=\"Una historia en im\u00e1genes - Tienda - Brecha\" \/>\n<meta property=\"og:description\" content=\"Trabajadores y estudiantes. 1960 - 1973  Autor:\u00a0Aurelio Gonz\u00e1lez\" \/>\n<meta property=\"og:url\" content=\"https:\/\/tienda.brecha.com.uy\/index.php\/producto\/una-historia-en-imagenes-trabajadores-y-estudiantes-1960-1973\/\" \/>\n<meta property=\"og:site_name\" content=\"Tienda - Brecha\" \/>\n<meta property=\"article:modified_time\" content=\"2025-09-22T20:53:40+00:00\" \/>\n<meta property=\"og:image\" content=\"https:\/\/tienda.brecha.com.uy\/wp-content\/uploads\/2025\/07\/historia-en-imagenes.png\" \/>\n\t<meta property=\"og:image:width\" content=\"601\" \/>\n\t<meta property=\"og:image:height\" content=\"601\" \/>\n\t<meta property=\"og:image:type\" content=\"image\/png\" \/>\n<meta name=\"twitter:card\" content=\"summary_large_image\" \/>\n<meta name=\"twitter:label1\" content=\"Tiempo de lectura\" \/>\n\t<meta name=\"twitter:data1\" content=\"2 minutos\" \/>\n<script type=\"application\/ld+json\" class=\"yoast-schema-graph\">{\"@context\":\"https:\\\/\\\/schema.org\",\"@graph\":[{\"@type\":\"WebPage\",\"@id\":\"https:\\\/\\\/tienda.brecha.com.uy\\\/index.php\\\/producto\\\/una-historia-en-imagenes-trabajadores-y-estudiantes-1960-1973\\\/\",\"url\":\"https:\\\/\\\/tienda.brecha.com.uy\\\/index.php\\\/producto\\\/una-historia-en-imagenes-trabajadores-y-estudiantes-1960-1973\\\/\",\"name\":\"Una historia en im\u00e1genes - Tienda - Brecha\",\"isPartOf\":{\"@id\":\"https:\\\/\\\/tienda.brecha.com.uy\\\/#website\"},\"primaryImageOfPage\":{\"@id\":\"https:\\\/\\\/tienda.brecha.com.uy\\\/index.php\\\/producto\\\/una-historia-en-imagenes-trabajadores-y-estudiantes-1960-1973\\\/#primaryimage\"},\"image\":{\"@id\":\"https:\\\/\\\/tienda.brecha.com.uy\\\/index.php\\\/producto\\\/una-historia-en-imagenes-trabajadores-y-estudiantes-1960-1973\\\/#primaryimage\"},\"thumbnailUrl\":\"https:\\\/\\\/tienda.brecha.com.uy\\\/wp-content\\\/uploads\\\/2025\\\/07\\\/historia-en-imagenes.png\",\"datePublished\":\"2025-07-24T18:06:40+00:00\",\"dateModified\":\"2025-09-22T20:53:40+00:00\",\"breadcrumb\":{\"@id\":\"https:\\\/\\\/tienda.brecha.com.uy\\\/index.php\\\/producto\\\/una-historia-en-imagenes-trabajadores-y-estudiantes-1960-1973\\\/#breadcrumb\"},\"inLanguage\":\"es\",\"potentialAction\":[{\"@type\":\"ReadAction\",\"target\":[\"https:\\\/\\\/tienda.brecha.com.uy\\\/index.php\\\/producto\\\/una-historia-en-imagenes-trabajadores-y-estudiantes-1960-1973\\\/\"]}]},{\"@type\":\"ImageObject\",\"inLanguage\":\"es\",\"@id\":\"https:\\\/\\\/tienda.brecha.com.uy\\\/index.php\\\/producto\\\/una-historia-en-imagenes-trabajadores-y-estudiantes-1960-1973\\\/#primaryimage\",\"url\":\"https:\\\/\\\/tienda.brecha.com.uy\\\/wp-content\\\/uploads\\\/2025\\\/07\\\/historia-en-imagenes.png\",\"contentUrl\":\"https:\\\/\\\/tienda.brecha.com.uy\\\/wp-content\\\/uploads\\\/2025\\\/07\\\/historia-en-imagenes.png\",\"width\":601,\"height\":601},{\"@type\":\"BreadcrumbList\",\"@id\":\"https:\\\/\\\/tienda.brecha.com.uy\\\/index.php\\\/producto\\\/una-historia-en-imagenes-trabajadores-y-estudiantes-1960-1973\\\/#breadcrumb\",\"itemListElement\":[{\"@type\":\"ListItem\",\"position\":1,\"name\":\"Portada\",\"item\":\"https:\\\/\\\/tienda.brecha.com.uy\\\/\"},{\"@type\":\"ListItem\",\"position\":2,\"name\":\"Tienda\",\"item\":\"https:\\\/\\\/tienda.brecha.com.uy\\\/index.php\\\/tienda\\\/\"},{\"@type\":\"ListItem\",\"position\":3,\"name\":\"Una historia en im\u00e1genes\"}]},{\"@type\":\"WebSite\",\"@id\":\"https:\\\/\\\/tienda.brecha.com.uy\\\/#website\",\"url\":\"https:\\\/\\\/tienda.brecha.com.uy\\\/\",\"name\":\"Tienda - Brecha\",\"description\":\"\",\"publisher\":{\"@id\":\"https:\\\/\\\/tienda.brecha.com.uy\\\/#organization\"},\"potentialAction\":[{\"@type\":\"SearchAction\",\"target\":{\"@type\":\"EntryPoint\",\"urlTemplate\":\"https:\\\/\\\/tienda.brecha.com.uy\\\/?s={search_term_string}\"},\"query-input\":{\"@type\":\"PropertyValueSpecification\",\"valueRequired\":true,\"valueName\":\"search_term_string\"}}],\"inLanguage\":\"es\"},{\"@type\":\"Organization\",\"@id\":\"https:\\\/\\\/tienda.brecha.com.uy\\\/#organization\",\"name\":\"Tienda - Brecha\",\"url\":\"https:\\\/\\\/tienda.brecha.com.uy\\\/\",\"logo\":{\"@type\":\"ImageObject\",\"inLanguage\":\"es\",\"@id\":\"https:\\\/\\\/tienda.brecha.com.uy\\\/#\\\/schema\\\/logo\\\/image\\\/\",\"url\":\"https:\\\/\\\/tienda.brecha.com.uy\\\/wp-content\\\/uploads\\\/2025\\\/09\\\/cropped-Brechatienda.png\",\"contentUrl\":\"https:\\\/\\\/tienda.brecha.com.uy\\\/wp-content\\\/uploads\\\/2025\\\/09\\\/cropped-Brechatienda.png\",\"width\":240,\"height\":67,\"caption\":\"Tienda - Brecha\"},\"image\":{\"@id\":\"https:\\\/\\\/tienda.brecha.com.uy\\\/#\\\/schema\\\/logo\\\/image\\\/\"}}]}<\/script>\n<!-- \/ Yoast SEO plugin. -->","yoast_head_json":{"title":"Una historia en im\u00e1genes - Tienda - Brecha","robots":{"index":"index","follow":"follow","max-snippet":"max-snippet:-1","max-image-preview":"max-image-preview:large","max-video-preview":"max-video-preview:-1"},"canonical":"https:\/\/tienda.brecha.com.uy\/index.php\/producto\/una-historia-en-imagenes-trabajadores-y-estudiantes-1960-1973\/","og_locale":"es_ES","og_type":"article","og_title":"Una historia en im\u00e1genes - Tienda - Brecha","og_description":"Trabajadores y estudiantes. 1960 - 1973  Autor:\u00a0Aurelio Gonz\u00e1lez","og_url":"https:\/\/tienda.brecha.com.uy\/index.php\/producto\/una-historia-en-imagenes-trabajadores-y-estudiantes-1960-1973\/","og_site_name":"Tienda - Brecha","article_modified_time":"2025-09-22T20:53:40+00:00","og_image":[{"width":601,"height":601,"url":"https:\/\/tienda.brecha.com.uy\/wp-content\/uploads\/2025\/07\/historia-en-imagenes.png","type":"image\/png"}],"twitter_card":"summary_large_image","twitter_misc":{"Tiempo de lectura":"2 minutos"},"schema":{"@context":"https:\/\/schema.org","@graph":[{"@type":"WebPage","@id":"https:\/\/tienda.brecha.com.uy\/index.php\/producto\/una-historia-en-imagenes-trabajadores-y-estudiantes-1960-1973\/","url":"https:\/\/tienda.brecha.com.uy\/index.php\/producto\/una-historia-en-imagenes-trabajadores-y-estudiantes-1960-1973\/","name":"Una historia en im\u00e1genes - Tienda - Brecha","isPartOf":{"@id":"https:\/\/tienda.brecha.com.uy\/#website"},"primaryImageOfPage":{"@id":"https:\/\/tienda.brecha.com.uy\/index.php\/producto\/una-historia-en-imagenes-trabajadores-y-estudiantes-1960-1973\/#primaryimage"},"image":{"@id":"https:\/\/tienda.brecha.com.uy\/index.php\/producto\/una-historia-en-imagenes-trabajadores-y-estudiantes-1960-1973\/#primaryimage"},"thumbnailUrl":"https:\/\/tienda.brecha.com.uy\/wp-content\/uploads\/2025\/07\/historia-en-imagenes.png","datePublished":"2025-07-24T18:06:40+00:00","dateModified":"2025-09-22T20:53:40+00:00","breadcrumb":{"@id":"https:\/\/tienda.brecha.com.uy\/index.php\/producto\/una-historia-en-imagenes-trabajadores-y-estudiantes-1960-1973\/#breadcrumb"},"inLanguage":"es","potentialAction":[{"@type":"ReadAction","target":["https:\/\/tienda.brecha.com.uy\/index.php\/producto\/una-historia-en-imagenes-trabajadores-y-estudiantes-1960-1973\/"]}]},{"@type":"ImageObject","inLanguage":"es","@id":"https:\/\/tienda.brecha.com.uy\/index.php\/producto\/una-historia-en-imagenes-trabajadores-y-estudiantes-1960-1973\/#primaryimage","url":"https:\/\/tienda.brecha.com.uy\/wp-content\/uploads\/2025\/07\/historia-en-imagenes.png","contentUrl":"https:\/\/tienda.brecha.com.uy\/wp-content\/uploads\/2025\/07\/historia-en-imagenes.png","width":601,"height":601},{"@type":"BreadcrumbList","@id":"https:\/\/tienda.brecha.com.uy\/index.php\/producto\/una-historia-en-imagenes-trabajadores-y-estudiantes-1960-1973\/#breadcrumb","itemListElement":[{"@type":"ListItem","position":1,"name":"Portada","item":"https:\/\/tienda.brecha.com.uy\/"},{"@type":"ListItem","position":2,"name":"Tienda","item":"https:\/\/tienda.brecha.com.uy\/index.php\/tienda\/"},{"@type":"ListItem","position":3,"name":"Una historia en im\u00e1genes"}]},{"@type":"WebSite","@id":"https:\/\/tienda.brecha.com.uy\/#website","url":"https:\/\/tienda.brecha.com.uy\/","name":"Tienda - Brecha","description":"","publisher":{"@id":"https:\/\/tienda.brecha.com.uy\/#organization"},"potentialAction":[{"@type":"SearchAction","target":{"@type":"EntryPoint","urlTemplate":"https:\/\/tienda.brecha.com.uy\/?s={search_term_string}"},"query-input":{"@type":"PropertyValueSpecification","valueRequired":true,"valueName":"search_term_string"}}],"inLanguage":"es"},{"@type":"Organization","@id":"https:\/\/tienda.brecha.com.uy\/#organization","name":"Tienda - Brecha","url":"https:\/\/tienda.brecha.com.uy\/","logo":{"@type":"ImageObject","inLanguage":"es","@id":"https:\/\/tienda.brecha.com.uy\/#\/schema\/logo\/image\/","url":"https:\/\/tienda.brecha.com.uy\/wp-content\/uploads\/2025\/09\/cropped-Brechatienda.png","contentUrl":"https:\/\/tienda.brecha.com.uy\/wp-content\/uploads\/2025\/09\/cropped-Brechatienda.png","width":240,"height":67,"caption":"Tienda - Brecha"},"image":{"@id":"https:\/\/tienda.brecha.com.uy\/#\/schema\/logo\/image\/"}}]}},"jetpack_sharing_enabled":true,"_links":{"self":[{"href":"https:\/\/tienda.brecha.com.uy\/index.php\/wp-json\/wp\/v2\/product\/84","targetHints":{"allow":["GET"]}}],"collection":[{"href":"https:\/\/tienda.brecha.com.uy\/index.php\/wp-json\/wp\/v2\/product"}],"about":[{"href":"https:\/\/tienda.brecha.com.uy\/index.php\/wp-json\/wp\/v2\/types\/product"}],"replies":[{"embeddable":true,"href":"https:\/\/tienda.brecha.com.uy\/index.php\/wp-json\/wp\/v2\/comments?post=84"}],"wp:featuredmedia":[{"embeddable":true,"href":"https:\/\/tienda.brecha.com.uy\/index.php\/wp-json\/wp\/v2\/media\/114"}],"wp:attachment":[{"href":"https:\/\/tienda.brecha.com.uy\/index.php\/wp-json\/wp\/v2\/media?parent=84"}],"wp:term":[{"taxonomy":"product_brand","embeddable":true,"href":"https:\/\/tienda.brecha.com.uy\/index.php\/wp-json\/wp\/v2\/product_brand?post=84"},{"taxonomy":"product_cat","embeddable":true,"href":"https:\/\/tienda.brecha.com.uy\/index.php\/wp-json\/wp\/v2\/product_cat?post=84"},{"taxonomy":"product_tag","embeddable":true,"href":"https:\/\/tienda.brecha.com.uy\/index.php\/wp-json\/wp\/v2\/product_tag?post=84"}],"curies":[{"name":"wp","href":"https:\/\/api.w.org\/{rel}","templated":true}]}}