{"id":85,"date":"2025-07-24T18:06:40","date_gmt":"2025-07-24T18:06:40","guid":{"rendered":"https:\/\/tienda.brecha.com.uy\/?post_type=product&#038;p=85"},"modified":"2025-09-22T20:53:32","modified_gmt":"2025-09-22T20:53:32","slug":"origenes-y-desarrollo-del-futbol-en-el-uruguay-nuevas-miradas-1870-1920","status":"publish","type":"product","link":"https:\/\/tienda.brecha.com.uy\/index.php\/producto\/origenes-y-desarrollo-del-futbol-en-el-uruguay-nuevas-miradas-1870-1920\/","title":{"rendered":"Or\u00edgenes y desarrollo del f\u00fatbol en el Uruguay"},"content":{"rendered":"<p>Cuando los uruguayos vieron por primera vez a los brit\u00e1nicos jugar al football, reaccionaron con asombro, curiosidad y burla. Sin embargo, poco despu\u00e9s la novedad fascinaba a un n\u00famero creciente de espectadores y los criollos comenzaban a practicarlo con variada fortuna.<\/p>\n<p>A principios del siglo xx el nuevo sport ya se ve\u00eda jugar con entusiasmo por los j\u00f3venes en todos los barrios de la capital, y cinco a\u00f1os despu\u00e9s se extend\u00eda desde Artigas hasta Rocha y desde Colonia hasta Rivera. La rivalidad entre el team de los talleres de Pe\u00f1arol y el Club Nacional despert\u00f3 pasi\u00f3n, al igual que los matches con equipos de Buenos Aires. Atravesando ideolog\u00edas y clases sociales, para 1915 el f\u00fatbol se hab\u00eda consolidado como el deporte m\u00e1s popular en todo el pa\u00eds y daba vida a una formidable generaci\u00f3n de players que se consagrar\u00eda en las olimp\u00edadas de los a\u00f1os veinte y en el Mundial de 1930.<\/p>\n<p>Este libro ofrece una visi\u00f3n actualizada e integrada de los inicios de ese proceso, bajo la triple mirada de lo hist\u00f3rico, lo estrictamente deportivo y lo social.<\/p>\n","protected":false},"excerpt":{"rendered":"<p>Nuevas miradas (1870-1920)<\/p>\n<p>Autor:\u00a0Juan Carlos Luzuriaga<\/p>\n<p>&nbsp;<\/p>\n","protected":false},"featured_media":115,"comment_status":"closed","ping_status":"closed","template":"","meta":[],"product_brand":[],"product_cat":[35,41],"product_tag":[113],"class_list":{"0":"post-85","1":"product","2":"type-product","3":"status-publish","4":"has-post-thumbnail","6":"product_cat-alter-ediciones","7":"product_cat-juan-carlos-luzuriaga","8":"product_tag-editoriales-amigas","10":"first","11":"instock","12":"purchasable","13":"product-type-simple"},"yoast_head":"<!-- This site is optimized with the Yoast SEO plugin v27.6 - https:\/\/yoast.com\/product\/yoast-seo-wordpress\/ -->\n<title>Or\u00edgenes y desarrollo del f\u00fatbol en el Uruguay - Tienda - Brecha<\/title>\n<meta name=\"robots\" content=\"index, follow, max-snippet:-1, max-image-preview:large, max-video-preview:-1\" \/>\n<link rel=\"canonical\" href=\"https:\/\/tienda.brecha.com.uy\/index.php\/producto\/origenes-y-desarrollo-del-futbol-en-el-uruguay-nuevas-miradas-1870-1920\/\" \/>\n<meta property=\"og:locale\" content=\"es_ES\" \/>\n<meta property=\"og:type\" content=\"article\" \/>\n<meta property=\"og:title\" content=\"Or\u00edgenes y desarrollo del f\u00fatbol en el Uruguay - Tienda - Brecha\" \/>\n<meta property=\"og:description\" content=\"Nuevas miradas (1870-1920)  Autor:\u00a0Juan Carlos Luzuriaga  &nbsp;\" \/>\n<meta property=\"og:url\" content=\"https:\/\/tienda.brecha.com.uy\/index.php\/producto\/origenes-y-desarrollo-del-futbol-en-el-uruguay-nuevas-miradas-1870-1920\/\" \/>\n<meta property=\"og:site_name\" content=\"Tienda - Brecha\" \/>\n<meta property=\"article:modified_time\" content=\"2025-09-22T20:53:32+00:00\" \/>\n<meta property=\"og:image\" content=\"https:\/\/tienda.brecha.com.uy\/wp-content\/uploads\/2025\/07\/futbol.png\" \/>\n\t<meta property=\"og:image:width\" content=\"601\" \/>\n\t<meta property=\"og:image:height\" content=\"600\" \/>\n\t<meta property=\"og:image:type\" content=\"image\/png\" \/>\n<meta name=\"twitter:card\" content=\"summary_large_image\" \/>\n<meta name=\"twitter:label1\" content=\"Tiempo de lectura\" \/>\n\t<meta name=\"twitter:data1\" content=\"2 minutos\" \/>\n<script type=\"application\/ld+json\" class=\"yoast-schema-graph\">{\"@context\":\"https:\\\/\\\/schema.org\",\"@graph\":[{\"@type\":\"WebPage\",\"@id\":\"https:\\\/\\\/tienda.brecha.com.uy\\\/index.php\\\/producto\\\/origenes-y-desarrollo-del-futbol-en-el-uruguay-nuevas-miradas-1870-1920\\\/\",\"url\":\"https:\\\/\\\/tienda.brecha.com.uy\\\/index.php\\\/producto\\\/origenes-y-desarrollo-del-futbol-en-el-uruguay-nuevas-miradas-1870-1920\\\/\",\"name\":\"Or\u00edgenes y desarrollo del f\u00fatbol en el Uruguay - Tienda - Brecha\",\"isPartOf\":{\"@id\":\"https:\\\/\\\/tienda.brecha.com.uy\\\/#website\"},\"primaryImageOfPage\":{\"@id\":\"https:\\\/\\\/tienda.brecha.com.uy\\\/index.php\\\/producto\\\/origenes-y-desarrollo-del-futbol-en-el-uruguay-nuevas-miradas-1870-1920\\\/#primaryimage\"},\"image\":{\"@id\":\"https:\\\/\\\/tienda.brecha.com.uy\\\/index.php\\\/producto\\\/origenes-y-desarrollo-del-futbol-en-el-uruguay-nuevas-miradas-1870-1920\\\/#primaryimage\"},\"thumbnailUrl\":\"https:\\\/\\\/tienda.brecha.com.uy\\\/wp-content\\\/uploads\\\/2025\\\/07\\\/futbol.png\",\"datePublished\":\"2025-07-24T18:06:40+00:00\",\"dateModified\":\"2025-09-22T20:53:32+00:00\",\"breadcrumb\":{\"@id\":\"https:\\\/\\\/tienda.brecha.com.uy\\\/index.php\\\/producto\\\/origenes-y-desarrollo-del-futbol-en-el-uruguay-nuevas-miradas-1870-1920\\\/#breadcrumb\"},\"inLanguage\":\"es\",\"potentialAction\":[{\"@type\":\"ReadAction\",\"target\":[\"https:\\\/\\\/tienda.brecha.com.uy\\\/index.php\\\/producto\\\/origenes-y-desarrollo-del-futbol-en-el-uruguay-nuevas-miradas-1870-1920\\\/\"]}]},{\"@type\":\"ImageObject\",\"inLanguage\":\"es\",\"@id\":\"https:\\\/\\\/tienda.brecha.com.uy\\\/index.php\\\/producto\\\/origenes-y-desarrollo-del-futbol-en-el-uruguay-nuevas-miradas-1870-1920\\\/#primaryimage\",\"url\":\"https:\\\/\\\/tienda.brecha.com.uy\\\/wp-content\\\/uploads\\\/2025\\\/07\\\/futbol.png\",\"contentUrl\":\"https:\\\/\\\/tienda.brecha.com.uy\\\/wp-content\\\/uploads\\\/2025\\\/07\\\/futbol.png\",\"width\":601,\"height\":600},{\"@type\":\"BreadcrumbList\",\"@id\":\"https:\\\/\\\/tienda.brecha.com.uy\\\/index.php\\\/producto\\\/origenes-y-desarrollo-del-futbol-en-el-uruguay-nuevas-miradas-1870-1920\\\/#breadcrumb\",\"itemListElement\":[{\"@type\":\"ListItem\",\"position\":1,\"name\":\"Portada\",\"item\":\"https:\\\/\\\/tienda.brecha.com.uy\\\/\"},{\"@type\":\"ListItem\",\"position\":2,\"name\":\"Tienda\",\"item\":\"https:\\\/\\\/tienda.brecha.com.uy\\\/index.php\\\/tienda\\\/\"},{\"@type\":\"ListItem\",\"position\":3,\"name\":\"Or\u00edgenes y desarrollo del f\u00fatbol en el Uruguay\"}]},{\"@type\":\"WebSite\",\"@id\":\"https:\\\/\\\/tienda.brecha.com.uy\\\/#website\",\"url\":\"https:\\\/\\\/tienda.brecha.com.uy\\\/\",\"name\":\"Tienda - Brecha\",\"description\":\"\",\"publisher\":{\"@id\":\"https:\\\/\\\/tienda.brecha.com.uy\\\/#organization\"},\"potentialAction\":[{\"@type\":\"SearchAction\",\"target\":{\"@type\":\"EntryPoint\",\"urlTemplate\":\"https:\\\/\\\/tienda.brecha.com.uy\\\/?s={search_term_string}\"},\"query-input\":{\"@type\":\"PropertyValueSpecification\",\"valueRequired\":true,\"valueName\":\"search_term_string\"}}],\"inLanguage\":\"es\"},{\"@type\":\"Organization\",\"@id\":\"https:\\\/\\\/tienda.brecha.com.uy\\\/#organization\",\"name\":\"Tienda - Brecha\",\"url\":\"https:\\\/\\\/tienda.brecha.com.uy\\\/\",\"logo\":{\"@type\":\"ImageObject\",\"inLanguage\":\"es\",\"@id\":\"https:\\\/\\\/tienda.brecha.com.uy\\\/#\\\/schema\\\/logo\\\/image\\\/\",\"url\":\"https:\\\/\\\/tienda.brecha.com.uy\\\/wp-content\\\/uploads\\\/2025\\\/09\\\/cropped-Brechatienda.png\",\"contentUrl\":\"https:\\\/\\\/tienda.brecha.com.uy\\\/wp-content\\\/uploads\\\/2025\\\/09\\\/cropped-Brechatienda.png\",\"width\":240,\"height\":67,\"caption\":\"Tienda - Brecha\"},\"image\":{\"@id\":\"https:\\\/\\\/tienda.brecha.com.uy\\\/#\\\/schema\\\/logo\\\/image\\\/\"}}]}<\/script>\n<!-- \/ Yoast SEO plugin. -->","yoast_head_json":{"title":"Or\u00edgenes y desarrollo del f\u00fatbol en el Uruguay - Tienda - Brecha","robots":{"index":"index","follow":"follow","max-snippet":"max-snippet:-1","max-image-preview":"max-image-preview:large","max-video-preview":"max-video-preview:-1"},"canonical":"https:\/\/tienda.brecha.com.uy\/index.php\/producto\/origenes-y-desarrollo-del-futbol-en-el-uruguay-nuevas-miradas-1870-1920\/","og_locale":"es_ES","og_type":"article","og_title":"Or\u00edgenes y desarrollo del f\u00fatbol en el Uruguay - Tienda - Brecha","og_description":"Nuevas miradas (1870-1920)  Autor:\u00a0Juan Carlos Luzuriaga  &nbsp;","og_url":"https:\/\/tienda.brecha.com.uy\/index.php\/producto\/origenes-y-desarrollo-del-futbol-en-el-uruguay-nuevas-miradas-1870-1920\/","og_site_name":"Tienda - Brecha","article_modified_time":"2025-09-22T20:53:32+00:00","og_image":[{"width":601,"height":600,"url":"https:\/\/tienda.brecha.com.uy\/wp-content\/uploads\/2025\/07\/futbol.png","type":"image\/png"}],"twitter_card":"summary_large_image","twitter_misc":{"Tiempo de lectura":"2 minutos"},"schema":{"@context":"https:\/\/schema.org","@graph":[{"@type":"WebPage","@id":"https:\/\/tienda.brecha.com.uy\/index.php\/producto\/origenes-y-desarrollo-del-futbol-en-el-uruguay-nuevas-miradas-1870-1920\/","url":"https:\/\/tienda.brecha.com.uy\/index.php\/producto\/origenes-y-desarrollo-del-futbol-en-el-uruguay-nuevas-miradas-1870-1920\/","name":"Or\u00edgenes y desarrollo del f\u00fatbol en el Uruguay - Tienda - Brecha","isPartOf":{"@id":"https:\/\/tienda.brecha.com.uy\/#website"},"primaryImageOfPage":{"@id":"https:\/\/tienda.brecha.com.uy\/index.php\/producto\/origenes-y-desarrollo-del-futbol-en-el-uruguay-nuevas-miradas-1870-1920\/#primaryimage"},"image":{"@id":"https:\/\/tienda.brecha.com.uy\/index.php\/producto\/origenes-y-desarrollo-del-futbol-en-el-uruguay-nuevas-miradas-1870-1920\/#primaryimage"},"thumbnailUrl":"https:\/\/tienda.brecha.com.uy\/wp-content\/uploads\/2025\/07\/futbol.png","datePublished":"2025-07-24T18:06:40+00:00","dateModified":"2025-09-22T20:53:32+00:00","breadcrumb":{"@id":"https:\/\/tienda.brecha.com.uy\/index.php\/producto\/origenes-y-desarrollo-del-futbol-en-el-uruguay-nuevas-miradas-1870-1920\/#breadcrumb"},"inLanguage":"es","potentialAction":[{"@type":"ReadAction","target":["https:\/\/tienda.brecha.com.uy\/index.php\/producto\/origenes-y-desarrollo-del-futbol-en-el-uruguay-nuevas-miradas-1870-1920\/"]}]},{"@type":"ImageObject","inLanguage":"es","@id":"https:\/\/tienda.brecha.com.uy\/index.php\/producto\/origenes-y-desarrollo-del-futbol-en-el-uruguay-nuevas-miradas-1870-1920\/#primaryimage","url":"https:\/\/tienda.brecha.com.uy\/wp-content\/uploads\/2025\/07\/futbol.png","contentUrl":"https:\/\/tienda.brecha.com.uy\/wp-content\/uploads\/2025\/07\/futbol.png","width":601,"height":600},{"@type":"BreadcrumbList","@id":"https:\/\/tienda.brecha.com.uy\/index.php\/producto\/origenes-y-desarrollo-del-futbol-en-el-uruguay-nuevas-miradas-1870-1920\/#breadcrumb","itemListElement":[{"@type":"ListItem","position":1,"name":"Portada","item":"https:\/\/tienda.brecha.com.uy\/"},{"@type":"ListItem","position":2,"name":"Tienda","item":"https:\/\/tienda.brecha.com.uy\/index.php\/tienda\/"},{"@type":"ListItem","position":3,"name":"Or\u00edgenes y desarrollo del f\u00fatbol en el Uruguay"}]},{"@type":"WebSite","@id":"https:\/\/tienda.brecha.com.uy\/#website","url":"https:\/\/tienda.brecha.com.uy\/","name":"Tienda - Brecha","description":"","publisher":{"@id":"https:\/\/tienda.brecha.com.uy\/#organization"},"potentialAction":[{"@type":"SearchAction","target":{"@type":"EntryPoint","urlTemplate":"https:\/\/tienda.brecha.com.uy\/?s={search_term_string}"},"query-input":{"@type":"PropertyValueSpecification","valueRequired":true,"valueName":"search_term_string"}}],"inLanguage":"es"},{"@type":"Organization","@id":"https:\/\/tienda.brecha.com.uy\/#organization","name":"Tienda - Brecha","url":"https:\/\/tienda.brecha.com.uy\/","logo":{"@type":"ImageObject","inLanguage":"es","@id":"https:\/\/tienda.brecha.com.uy\/#\/schema\/logo\/image\/","url":"https:\/\/tienda.brecha.com.uy\/wp-content\/uploads\/2025\/09\/cropped-Brechatienda.png","contentUrl":"https:\/\/tienda.brecha.com.uy\/wp-content\/uploads\/2025\/09\/cropped-Brechatienda.png","width":240,"height":67,"caption":"Tienda - Brecha"},"image":{"@id":"https:\/\/tienda.brecha.com.uy\/#\/schema\/logo\/image\/"}}]}},"jetpack_sharing_enabled":true,"_links":{"self":[{"href":"https:\/\/tienda.brecha.com.uy\/index.php\/wp-json\/wp\/v2\/product\/85","targetHints":{"allow":["GET"]}}],"collection":[{"href":"https:\/\/tienda.brecha.com.uy\/index.php\/wp-json\/wp\/v2\/product"}],"about":[{"href":"https:\/\/tienda.brecha.com.uy\/index.php\/wp-json\/wp\/v2\/types\/product"}],"replies":[{"embeddable":true,"href":"https:\/\/tienda.brecha.com.uy\/index.php\/wp-json\/wp\/v2\/comments?post=85"}],"wp:featuredmedia":[{"embeddable":true,"href":"https:\/\/tienda.brecha.com.uy\/index.php\/wp-json\/wp\/v2\/media\/115"}],"wp:attachment":[{"href":"https:\/\/tienda.brecha.com.uy\/index.php\/wp-json\/wp\/v2\/media?parent=85"}],"wp:term":[{"taxonomy":"product_brand","embeddable":true,"href":"https:\/\/tienda.brecha.com.uy\/index.php\/wp-json\/wp\/v2\/product_brand?post=85"},{"taxonomy":"product_cat","embeddable":true,"href":"https:\/\/tienda.brecha.com.uy\/index.php\/wp-json\/wp\/v2\/product_cat?post=85"},{"taxonomy":"product_tag","embeddable":true,"href":"https:\/\/tienda.brecha.com.uy\/index.php\/wp-json\/wp\/v2\/product_tag?post=85"}],"curies":[{"name":"wp","href":"https:\/\/api.w.org\/{rel}","templated":true}]}}