{"id":875,"date":"2025-10-30T16:26:41","date_gmt":"2025-10-30T16:26:41","guid":{"rendered":"https:\/\/tienda.brecha.com.uy\/?post_type=product&#038;p=875"},"modified":"2026-05-04T14:46:45","modified_gmt":"2026-05-04T14:46:45","slug":"69-y-si-nos-sale-bien","status":"publish","type":"product","link":"https:\/\/tienda.brecha.com.uy\/index.php\/producto\/69-y-si-nos-sale-bien\/","title":{"rendered":"#69 \u00bfy si nos sale bie"},"content":{"rendered":"<p><strong><span class=\"field-content\">manifiesto: del gameover al\u00a0takeover miguel pichetto, el ex\u00e9geta de la casta timba y violencia en las barriadas rosarinas ir y ver: la resistencia en palestina bajo las ruinas del mas boliviano shein: vamos al chino el devenir de los pliegos la serpenteante econom\u00eda del litoral klauss, preludio al nuevo mundo la imagen documental en la era posfotogr\u00e1fica c\u00f3mo se arma una crisis cr\u00edtica cultural, leemos y s\u00ed juzgamos\u00a0tapa de ezequiel garc\u00eda<\/span><\/strong><\/p>\n<p><em><strong>Crisis<\/strong><\/em>, se define como una revista pol\u00edtica y cultural argentina, que combina investigaci\u00f3n, ensayo y experimentaci\u00f3n gr\u00e1fica. Mantiene una linea critica, de izquierda y latinoamericana, con \u00e9nfasis en los movimientos sociales, la cultura contempor\u00e1nea y las transformaciones del capitalismo actual. En 2010 la revista comenz\u00f3 su tercera etapa, editada por un colectivo de periodistas, escritores y soci\u00f3logos.<\/p>\n<p>Es tra\u00edda a Uruguay gracias al convenio con Semanario Brecha.<\/p>\n","protected":false},"excerpt":{"rendered":"<p>Revista Crisis<\/p>\n<p>Edici\u00f3n #69<\/p>\n","protected":false},"featured_media":876,"comment_status":"open","ping_status":"closed","template":"","meta":[],"product_brand":[],"product_cat":[114],"product_tag":[],"class_list":{"0":"post-875","1":"product","2":"type-product","3":"status-publish","4":"has-post-thumbnail","6":"product_cat-crisis","8":"first","9":"instock","10":"shipping-taxable","11":"purchasable","12":"product-type-simple"},"yoast_head":"<!-- This site is optimized with the Yoast SEO plugin v27.6 - https:\/\/yoast.com\/product\/yoast-seo-wordpress\/ -->\n<title>#69 \u00bfy si nos sale bie - Tienda - Brecha<\/title>\n<meta name=\"robots\" content=\"index, follow, max-snippet:-1, max-image-preview:large, max-video-preview:-1\" \/>\n<link rel=\"canonical\" href=\"https:\/\/tienda.brecha.com.uy\/index.php\/producto\/69-y-si-nos-sale-bien\/\" \/>\n<meta property=\"og:locale\" content=\"es_ES\" \/>\n<meta property=\"og:type\" content=\"article\" \/>\n<meta property=\"og:title\" content=\"#69 \u00bfy si nos sale bie - Tienda - Brecha\" \/>\n<meta property=\"og:description\" content=\"Revista Crisis  Edici\u00f3n #69\" \/>\n<meta property=\"og:url\" content=\"https:\/\/tienda.brecha.com.uy\/index.php\/producto\/69-y-si-nos-sale-bien\/\" \/>\n<meta property=\"og:site_name\" content=\"Tienda - Brecha\" \/>\n<meta property=\"article:modified_time\" content=\"2026-05-04T14:46:45+00:00\" \/>\n<meta property=\"og:image\" content=\"https:\/\/tienda.brecha.com.uy\/wp-content\/uploads\/2025\/10\/TAPAS-LIBROS-5.png\" \/>\n\t<meta property=\"og:image:width\" content=\"601\" \/>\n\t<meta property=\"og:image:height\" content=\"601\" \/>\n\t<meta property=\"og:image:type\" content=\"image\/png\" \/>\n<meta name=\"twitter:card\" content=\"summary_large_image\" \/>\n<meta name=\"twitter:label1\" content=\"Tiempo de lectura\" \/>\n\t<meta name=\"twitter:data1\" content=\"1 minuto\" \/>\n<script type=\"application\/ld+json\" class=\"yoast-schema-graph\">{\"@context\":\"https:\\\/\\\/schema.org\",\"@graph\":[{\"@type\":\"WebPage\",\"@id\":\"https:\\\/\\\/tienda.brecha.com.uy\\\/index.php\\\/producto\\\/69-y-si-nos-sale-bien\\\/\",\"url\":\"https:\\\/\\\/tienda.brecha.com.uy\\\/index.php\\\/producto\\\/69-y-si-nos-sale-bien\\\/\",\"name\":\"#69 \u00bfy si nos sale bie - Tienda - Brecha\",\"isPartOf\":{\"@id\":\"https:\\\/\\\/tienda.brecha.com.uy\\\/#website\"},\"primaryImageOfPage\":{\"@id\":\"https:\\\/\\\/tienda.brecha.com.uy\\\/index.php\\\/producto\\\/69-y-si-nos-sale-bien\\\/#primaryimage\"},\"image\":{\"@id\":\"https:\\\/\\\/tienda.brecha.com.uy\\\/index.php\\\/producto\\\/69-y-si-nos-sale-bien\\\/#primaryimage\"},\"thumbnailUrl\":\"https:\\\/\\\/tienda.brecha.com.uy\\\/wp-content\\\/uploads\\\/2025\\\/10\\\/TAPAS-LIBROS-5.png\",\"datePublished\":\"2025-10-30T16:26:41+00:00\",\"dateModified\":\"2026-05-04T14:46:45+00:00\",\"breadcrumb\":{\"@id\":\"https:\\\/\\\/tienda.brecha.com.uy\\\/index.php\\\/producto\\\/69-y-si-nos-sale-bien\\\/#breadcrumb\"},\"inLanguage\":\"es\",\"potentialAction\":[{\"@type\":\"ReadAction\",\"target\":[\"https:\\\/\\\/tienda.brecha.com.uy\\\/index.php\\\/producto\\\/69-y-si-nos-sale-bien\\\/\"]}]},{\"@type\":\"ImageObject\",\"inLanguage\":\"es\",\"@id\":\"https:\\\/\\\/tienda.brecha.com.uy\\\/index.php\\\/producto\\\/69-y-si-nos-sale-bien\\\/#primaryimage\",\"url\":\"https:\\\/\\\/tienda.brecha.com.uy\\\/wp-content\\\/uploads\\\/2025\\\/10\\\/TAPAS-LIBROS-5.png\",\"contentUrl\":\"https:\\\/\\\/tienda.brecha.com.uy\\\/wp-content\\\/uploads\\\/2025\\\/10\\\/TAPAS-LIBROS-5.png\",\"width\":601,\"height\":601},{\"@type\":\"BreadcrumbList\",\"@id\":\"https:\\\/\\\/tienda.brecha.com.uy\\\/index.php\\\/producto\\\/69-y-si-nos-sale-bien\\\/#breadcrumb\",\"itemListElement\":[{\"@type\":\"ListItem\",\"position\":1,\"name\":\"Portada\",\"item\":\"https:\\\/\\\/tienda.brecha.com.uy\\\/\"},{\"@type\":\"ListItem\",\"position\":2,\"name\":\"Tienda\",\"item\":\"https:\\\/\\\/tienda.brecha.com.uy\\\/index.php\\\/tienda\\\/\"},{\"@type\":\"ListItem\",\"position\":3,\"name\":\"#69 \u00bfy si nos sale bie\"}]},{\"@type\":\"WebSite\",\"@id\":\"https:\\\/\\\/tienda.brecha.com.uy\\\/#website\",\"url\":\"https:\\\/\\\/tienda.brecha.com.uy\\\/\",\"name\":\"Tienda - Brecha\",\"description\":\"\",\"publisher\":{\"@id\":\"https:\\\/\\\/tienda.brecha.com.uy\\\/#organization\"},\"potentialAction\":[{\"@type\":\"SearchAction\",\"target\":{\"@type\":\"EntryPoint\",\"urlTemplate\":\"https:\\\/\\\/tienda.brecha.com.uy\\\/?s={search_term_string}\"},\"query-input\":{\"@type\":\"PropertyValueSpecification\",\"valueRequired\":true,\"valueName\":\"search_term_string\"}}],\"inLanguage\":\"es\"},{\"@type\":\"Organization\",\"@id\":\"https:\\\/\\\/tienda.brecha.com.uy\\\/#organization\",\"name\":\"Tienda - Brecha\",\"url\":\"https:\\\/\\\/tienda.brecha.com.uy\\\/\",\"logo\":{\"@type\":\"ImageObject\",\"inLanguage\":\"es\",\"@id\":\"https:\\\/\\\/tienda.brecha.com.uy\\\/#\\\/schema\\\/logo\\\/image\\\/\",\"url\":\"https:\\\/\\\/tienda.brecha.com.uy\\\/wp-content\\\/uploads\\\/2025\\\/09\\\/cropped-Brechatienda.png\",\"contentUrl\":\"https:\\\/\\\/tienda.brecha.com.uy\\\/wp-content\\\/uploads\\\/2025\\\/09\\\/cropped-Brechatienda.png\",\"width\":240,\"height\":67,\"caption\":\"Tienda - Brecha\"},\"image\":{\"@id\":\"https:\\\/\\\/tienda.brecha.com.uy\\\/#\\\/schema\\\/logo\\\/image\\\/\"}}]}<\/script>\n<!-- \/ Yoast SEO plugin. -->","yoast_head_json":{"title":"#69 \u00bfy si nos sale bie - Tienda - Brecha","robots":{"index":"index","follow":"follow","max-snippet":"max-snippet:-1","max-image-preview":"max-image-preview:large","max-video-preview":"max-video-preview:-1"},"canonical":"https:\/\/tienda.brecha.com.uy\/index.php\/producto\/69-y-si-nos-sale-bien\/","og_locale":"es_ES","og_type":"article","og_title":"#69 \u00bfy si nos sale bie - Tienda - Brecha","og_description":"Revista Crisis  Edici\u00f3n #69","og_url":"https:\/\/tienda.brecha.com.uy\/index.php\/producto\/69-y-si-nos-sale-bien\/","og_site_name":"Tienda - Brecha","article_modified_time":"2026-05-04T14:46:45+00:00","og_image":[{"width":601,"height":601,"url":"https:\/\/tienda.brecha.com.uy\/wp-content\/uploads\/2025\/10\/TAPAS-LIBROS-5.png","type":"image\/png"}],"twitter_card":"summary_large_image","twitter_misc":{"Tiempo de lectura":"1 minuto"},"schema":{"@context":"https:\/\/schema.org","@graph":[{"@type":"WebPage","@id":"https:\/\/tienda.brecha.com.uy\/index.php\/producto\/69-y-si-nos-sale-bien\/","url":"https:\/\/tienda.brecha.com.uy\/index.php\/producto\/69-y-si-nos-sale-bien\/","name":"#69 \u00bfy si nos sale bie - Tienda - Brecha","isPartOf":{"@id":"https:\/\/tienda.brecha.com.uy\/#website"},"primaryImageOfPage":{"@id":"https:\/\/tienda.brecha.com.uy\/index.php\/producto\/69-y-si-nos-sale-bien\/#primaryimage"},"image":{"@id":"https:\/\/tienda.brecha.com.uy\/index.php\/producto\/69-y-si-nos-sale-bien\/#primaryimage"},"thumbnailUrl":"https:\/\/tienda.brecha.com.uy\/wp-content\/uploads\/2025\/10\/TAPAS-LIBROS-5.png","datePublished":"2025-10-30T16:26:41+00:00","dateModified":"2026-05-04T14:46:45+00:00","breadcrumb":{"@id":"https:\/\/tienda.brecha.com.uy\/index.php\/producto\/69-y-si-nos-sale-bien\/#breadcrumb"},"inLanguage":"es","potentialAction":[{"@type":"ReadAction","target":["https:\/\/tienda.brecha.com.uy\/index.php\/producto\/69-y-si-nos-sale-bien\/"]}]},{"@type":"ImageObject","inLanguage":"es","@id":"https:\/\/tienda.brecha.com.uy\/index.php\/producto\/69-y-si-nos-sale-bien\/#primaryimage","url":"https:\/\/tienda.brecha.com.uy\/wp-content\/uploads\/2025\/10\/TAPAS-LIBROS-5.png","contentUrl":"https:\/\/tienda.brecha.com.uy\/wp-content\/uploads\/2025\/10\/TAPAS-LIBROS-5.png","width":601,"height":601},{"@type":"BreadcrumbList","@id":"https:\/\/tienda.brecha.com.uy\/index.php\/producto\/69-y-si-nos-sale-bien\/#breadcrumb","itemListElement":[{"@type":"ListItem","position":1,"name":"Portada","item":"https:\/\/tienda.brecha.com.uy\/"},{"@type":"ListItem","position":2,"name":"Tienda","item":"https:\/\/tienda.brecha.com.uy\/index.php\/tienda\/"},{"@type":"ListItem","position":3,"name":"#69 \u00bfy si nos sale bie"}]},{"@type":"WebSite","@id":"https:\/\/tienda.brecha.com.uy\/#website","url":"https:\/\/tienda.brecha.com.uy\/","name":"Tienda - Brecha","description":"","publisher":{"@id":"https:\/\/tienda.brecha.com.uy\/#organization"},"potentialAction":[{"@type":"SearchAction","target":{"@type":"EntryPoint","urlTemplate":"https:\/\/tienda.brecha.com.uy\/?s={search_term_string}"},"query-input":{"@type":"PropertyValueSpecification","valueRequired":true,"valueName":"search_term_string"}}],"inLanguage":"es"},{"@type":"Organization","@id":"https:\/\/tienda.brecha.com.uy\/#organization","name":"Tienda - Brecha","url":"https:\/\/tienda.brecha.com.uy\/","logo":{"@type":"ImageObject","inLanguage":"es","@id":"https:\/\/tienda.brecha.com.uy\/#\/schema\/logo\/image\/","url":"https:\/\/tienda.brecha.com.uy\/wp-content\/uploads\/2025\/09\/cropped-Brechatienda.png","contentUrl":"https:\/\/tienda.brecha.com.uy\/wp-content\/uploads\/2025\/09\/cropped-Brechatienda.png","width":240,"height":67,"caption":"Tienda - Brecha"},"image":{"@id":"https:\/\/tienda.brecha.com.uy\/#\/schema\/logo\/image\/"}}]}},"jetpack_sharing_enabled":true,"_links":{"self":[{"href":"https:\/\/tienda.brecha.com.uy\/index.php\/wp-json\/wp\/v2\/product\/875","targetHints":{"allow":["GET"]}}],"collection":[{"href":"https:\/\/tienda.brecha.com.uy\/index.php\/wp-json\/wp\/v2\/product"}],"about":[{"href":"https:\/\/tienda.brecha.com.uy\/index.php\/wp-json\/wp\/v2\/types\/product"}],"replies":[{"embeddable":true,"href":"https:\/\/tienda.brecha.com.uy\/index.php\/wp-json\/wp\/v2\/comments?post=875"}],"wp:featuredmedia":[{"embeddable":true,"href":"https:\/\/tienda.brecha.com.uy\/index.php\/wp-json\/wp\/v2\/media\/876"}],"wp:attachment":[{"href":"https:\/\/tienda.brecha.com.uy\/index.php\/wp-json\/wp\/v2\/media?parent=875"}],"wp:term":[{"taxonomy":"product_brand","embeddable":true,"href":"https:\/\/tienda.brecha.com.uy\/index.php\/wp-json\/wp\/v2\/product_brand?post=875"},{"taxonomy":"product_cat","embeddable":true,"href":"https:\/\/tienda.brecha.com.uy\/index.php\/wp-json\/wp\/v2\/product_cat?post=875"},{"taxonomy":"product_tag","embeddable":true,"href":"https:\/\/tienda.brecha.com.uy\/index.php\/wp-json\/wp\/v2\/product_tag?post=875"}],"curies":[{"name":"wp","href":"https:\/\/api.w.org\/{rel}","templated":true}]}}