{"id":93,"date":"2025-07-24T18:06:40","date_gmt":"2025-07-24T18:06:40","guid":{"rendered":"https:\/\/tienda.brecha.com.uy\/?post_type=product&#038;p=93"},"modified":"2025-09-22T20:53:47","modified_gmt":"2025-09-22T20:53:47","slug":"corazon-terraja","status":"publish","type":"product","link":"https:\/\/tienda.brecha.com.uy\/index.php\/producto\/corazon-terraja\/","title":{"rendered":"Coraz\u00f3n terraja"},"content":{"rendered":"<p>Usted tiene en su mano doce ficciones protagonizadas por mujeres. En estas p\u00e1ginas, usted podr\u00e1 llegar a ellas, conociendo algunos pedacitos de su vida cotidiana. Mujeres de distintas edades, orientaci\u00f3n sexual, clase social, que comparten simplemente su condici\u00f3n de mujeres en el patriarcado. Usted no encontrar\u00e1 juicios, ni verdades, ni poses. No encontrar\u00e1 hero\u00ednas que lo han desafiado todo para demostrar al mundo su valor. Recorrer\u00e1 en cambio historias de miserias, duelos, contradicciones y deseos con mala fama. Relatos profundos, de esos que muchas de nosotras dejar\u00edamos en la intimidad hasta el final de los d\u00edas. Ese es, entonces, el primer aporte sustantivo de estos textos: poner luz en las oscuridades de las otras, unas otras ficticias, para permitirnos sentir compa\u00f1\u00eda en los dep\u00f3sitos de nuestras oscuridades propias. Porque al final se quiere y se ama como se puede. Se ama y se desea sin marco te\u00f3rico, y en definitiva encontrarse con la otra persona, con su historia y con su miseria, sigue siendo como siempre el desaf\u00edo m\u00e1s dif\u00edcil y maravilloso de las relaciones humanas. Se desea en la pobreza, en la disidencia, en los m\u00e1rgenes, y es necesario reivindicar esa belleza. Y hacerla pol\u00edtica.<\/p>\n","protected":false},"excerpt":{"rendered":"<p>Autora: Soledad Castro Lazaroff<\/p>\n","protected":false},"featured_media":123,"comment_status":"closed","ping_status":"closed","template":"","meta":[],"product_brand":[],"product_cat":[52,53,54,55],"product_tag":[113],"class_list":{"0":"post-93","1":"product","2":"type-product","3":"status-publish","4":"has-post-thumbnail","6":"product_cat-feminismo","7":"product_cat-juvenil","8":"product_cat-soledad-castro-lazaroff","9":"product_cat-sujetos-editores","10":"product_tag-editoriales-amigas","12":"first","13":"instock","14":"shipping-taxable","15":"purchasable","16":"product-type-simple"},"yoast_head":"<!-- This site is optimized with the Yoast SEO plugin v27.6 - https:\/\/yoast.com\/product\/yoast-seo-wordpress\/ -->\n<title>Coraz\u00f3n terraja - Tienda - Brecha<\/title>\n<meta name=\"robots\" content=\"index, follow, max-snippet:-1, max-image-preview:large, max-video-preview:-1\" \/>\n<link rel=\"canonical\" href=\"https:\/\/tienda.brecha.com.uy\/index.php\/producto\/corazon-terraja\/\" \/>\n<meta property=\"og:locale\" content=\"es_ES\" \/>\n<meta property=\"og:type\" content=\"article\" \/>\n<meta property=\"og:title\" content=\"Coraz\u00f3n terraja - Tienda - Brecha\" \/>\n<meta property=\"og:description\" content=\"Autora: Soledad Castro Lazaroff\" \/>\n<meta property=\"og:url\" content=\"https:\/\/tienda.brecha.com.uy\/index.php\/producto\/corazon-terraja\/\" \/>\n<meta property=\"og:site_name\" content=\"Tienda - Brecha\" \/>\n<meta property=\"article:modified_time\" content=\"2025-09-22T20:53:47+00:00\" \/>\n<meta property=\"og:image\" content=\"https:\/\/tienda.brecha.com.uy\/wp-content\/uploads\/2025\/07\/corazonterraja.png\" \/>\n\t<meta property=\"og:image:width\" content=\"600\" \/>\n\t<meta property=\"og:image:height\" content=\"600\" \/>\n\t<meta property=\"og:image:type\" content=\"image\/png\" \/>\n<meta name=\"twitter:card\" content=\"summary_large_image\" \/>\n<meta name=\"twitter:label1\" content=\"Tiempo de lectura\" \/>\n\t<meta name=\"twitter:data1\" content=\"2 minutos\" \/>\n<script type=\"application\/ld+json\" class=\"yoast-schema-graph\">{\"@context\":\"https:\\\/\\\/schema.org\",\"@graph\":[{\"@type\":\"WebPage\",\"@id\":\"https:\\\/\\\/tienda.brecha.com.uy\\\/index.php\\\/producto\\\/corazon-terraja\\\/\",\"url\":\"https:\\\/\\\/tienda.brecha.com.uy\\\/index.php\\\/producto\\\/corazon-terraja\\\/\",\"name\":\"Coraz\u00f3n terraja - Tienda - Brecha\",\"isPartOf\":{\"@id\":\"https:\\\/\\\/tienda.brecha.com.uy\\\/#website\"},\"primaryImageOfPage\":{\"@id\":\"https:\\\/\\\/tienda.brecha.com.uy\\\/index.php\\\/producto\\\/corazon-terraja\\\/#primaryimage\"},\"image\":{\"@id\":\"https:\\\/\\\/tienda.brecha.com.uy\\\/index.php\\\/producto\\\/corazon-terraja\\\/#primaryimage\"},\"thumbnailUrl\":\"https:\\\/\\\/tienda.brecha.com.uy\\\/wp-content\\\/uploads\\\/2025\\\/07\\\/corazonterraja.png\",\"datePublished\":\"2025-07-24T18:06:40+00:00\",\"dateModified\":\"2025-09-22T20:53:47+00:00\",\"breadcrumb\":{\"@id\":\"https:\\\/\\\/tienda.brecha.com.uy\\\/index.php\\\/producto\\\/corazon-terraja\\\/#breadcrumb\"},\"inLanguage\":\"es\",\"potentialAction\":[{\"@type\":\"ReadAction\",\"target\":[\"https:\\\/\\\/tienda.brecha.com.uy\\\/index.php\\\/producto\\\/corazon-terraja\\\/\"]}]},{\"@type\":\"ImageObject\",\"inLanguage\":\"es\",\"@id\":\"https:\\\/\\\/tienda.brecha.com.uy\\\/index.php\\\/producto\\\/corazon-terraja\\\/#primaryimage\",\"url\":\"https:\\\/\\\/tienda.brecha.com.uy\\\/wp-content\\\/uploads\\\/2025\\\/07\\\/corazonterraja.png\",\"contentUrl\":\"https:\\\/\\\/tienda.brecha.com.uy\\\/wp-content\\\/uploads\\\/2025\\\/07\\\/corazonterraja.png\",\"width\":600,\"height\":600},{\"@type\":\"BreadcrumbList\",\"@id\":\"https:\\\/\\\/tienda.brecha.com.uy\\\/index.php\\\/producto\\\/corazon-terraja\\\/#breadcrumb\",\"itemListElement\":[{\"@type\":\"ListItem\",\"position\":1,\"name\":\"Portada\",\"item\":\"https:\\\/\\\/tienda.brecha.com.uy\\\/\"},{\"@type\":\"ListItem\",\"position\":2,\"name\":\"Tienda\",\"item\":\"https:\\\/\\\/tienda.brecha.com.uy\\\/index.php\\\/tienda\\\/\"},{\"@type\":\"ListItem\",\"position\":3,\"name\":\"Coraz\u00f3n terraja\"}]},{\"@type\":\"WebSite\",\"@id\":\"https:\\\/\\\/tienda.brecha.com.uy\\\/#website\",\"url\":\"https:\\\/\\\/tienda.brecha.com.uy\\\/\",\"name\":\"Tienda - Brecha\",\"description\":\"\",\"publisher\":{\"@id\":\"https:\\\/\\\/tienda.brecha.com.uy\\\/#organization\"},\"potentialAction\":[{\"@type\":\"SearchAction\",\"target\":{\"@type\":\"EntryPoint\",\"urlTemplate\":\"https:\\\/\\\/tienda.brecha.com.uy\\\/?s={search_term_string}\"},\"query-input\":{\"@type\":\"PropertyValueSpecification\",\"valueRequired\":true,\"valueName\":\"search_term_string\"}}],\"inLanguage\":\"es\"},{\"@type\":\"Organization\",\"@id\":\"https:\\\/\\\/tienda.brecha.com.uy\\\/#organization\",\"name\":\"Tienda - Brecha\",\"url\":\"https:\\\/\\\/tienda.brecha.com.uy\\\/\",\"logo\":{\"@type\":\"ImageObject\",\"inLanguage\":\"es\",\"@id\":\"https:\\\/\\\/tienda.brecha.com.uy\\\/#\\\/schema\\\/logo\\\/image\\\/\",\"url\":\"https:\\\/\\\/tienda.brecha.com.uy\\\/wp-content\\\/uploads\\\/2025\\\/09\\\/cropped-Brechatienda.png\",\"contentUrl\":\"https:\\\/\\\/tienda.brecha.com.uy\\\/wp-content\\\/uploads\\\/2025\\\/09\\\/cropped-Brechatienda.png\",\"width\":240,\"height\":67,\"caption\":\"Tienda - Brecha\"},\"image\":{\"@id\":\"https:\\\/\\\/tienda.brecha.com.uy\\\/#\\\/schema\\\/logo\\\/image\\\/\"}}]}<\/script>\n<!-- \/ Yoast SEO plugin. -->","yoast_head_json":{"title":"Coraz\u00f3n terraja - Tienda - Brecha","robots":{"index":"index","follow":"follow","max-snippet":"max-snippet:-1","max-image-preview":"max-image-preview:large","max-video-preview":"max-video-preview:-1"},"canonical":"https:\/\/tienda.brecha.com.uy\/index.php\/producto\/corazon-terraja\/","og_locale":"es_ES","og_type":"article","og_title":"Coraz\u00f3n terraja - Tienda - Brecha","og_description":"Autora: Soledad Castro Lazaroff","og_url":"https:\/\/tienda.brecha.com.uy\/index.php\/producto\/corazon-terraja\/","og_site_name":"Tienda - Brecha","article_modified_time":"2025-09-22T20:53:47+00:00","og_image":[{"width":600,"height":600,"url":"https:\/\/tienda.brecha.com.uy\/wp-content\/uploads\/2025\/07\/corazonterraja.png","type":"image\/png"}],"twitter_card":"summary_large_image","twitter_misc":{"Tiempo de lectura":"2 minutos"},"schema":{"@context":"https:\/\/schema.org","@graph":[{"@type":"WebPage","@id":"https:\/\/tienda.brecha.com.uy\/index.php\/producto\/corazon-terraja\/","url":"https:\/\/tienda.brecha.com.uy\/index.php\/producto\/corazon-terraja\/","name":"Coraz\u00f3n terraja - Tienda - Brecha","isPartOf":{"@id":"https:\/\/tienda.brecha.com.uy\/#website"},"primaryImageOfPage":{"@id":"https:\/\/tienda.brecha.com.uy\/index.php\/producto\/corazon-terraja\/#primaryimage"},"image":{"@id":"https:\/\/tienda.brecha.com.uy\/index.php\/producto\/corazon-terraja\/#primaryimage"},"thumbnailUrl":"https:\/\/tienda.brecha.com.uy\/wp-content\/uploads\/2025\/07\/corazonterraja.png","datePublished":"2025-07-24T18:06:40+00:00","dateModified":"2025-09-22T20:53:47+00:00","breadcrumb":{"@id":"https:\/\/tienda.brecha.com.uy\/index.php\/producto\/corazon-terraja\/#breadcrumb"},"inLanguage":"es","potentialAction":[{"@type":"ReadAction","target":["https:\/\/tienda.brecha.com.uy\/index.php\/producto\/corazon-terraja\/"]}]},{"@type":"ImageObject","inLanguage":"es","@id":"https:\/\/tienda.brecha.com.uy\/index.php\/producto\/corazon-terraja\/#primaryimage","url":"https:\/\/tienda.brecha.com.uy\/wp-content\/uploads\/2025\/07\/corazonterraja.png","contentUrl":"https:\/\/tienda.brecha.com.uy\/wp-content\/uploads\/2025\/07\/corazonterraja.png","width":600,"height":600},{"@type":"BreadcrumbList","@id":"https:\/\/tienda.brecha.com.uy\/index.php\/producto\/corazon-terraja\/#breadcrumb","itemListElement":[{"@type":"ListItem","position":1,"name":"Portada","item":"https:\/\/tienda.brecha.com.uy\/"},{"@type":"ListItem","position":2,"name":"Tienda","item":"https:\/\/tienda.brecha.com.uy\/index.php\/tienda\/"},{"@type":"ListItem","position":3,"name":"Coraz\u00f3n terraja"}]},{"@type":"WebSite","@id":"https:\/\/tienda.brecha.com.uy\/#website","url":"https:\/\/tienda.brecha.com.uy\/","name":"Tienda - Brecha","description":"","publisher":{"@id":"https:\/\/tienda.brecha.com.uy\/#organization"},"potentialAction":[{"@type":"SearchAction","target":{"@type":"EntryPoint","urlTemplate":"https:\/\/tienda.brecha.com.uy\/?s={search_term_string}"},"query-input":{"@type":"PropertyValueSpecification","valueRequired":true,"valueName":"search_term_string"}}],"inLanguage":"es"},{"@type":"Organization","@id":"https:\/\/tienda.brecha.com.uy\/#organization","name":"Tienda - Brecha","url":"https:\/\/tienda.brecha.com.uy\/","logo":{"@type":"ImageObject","inLanguage":"es","@id":"https:\/\/tienda.brecha.com.uy\/#\/schema\/logo\/image\/","url":"https:\/\/tienda.brecha.com.uy\/wp-content\/uploads\/2025\/09\/cropped-Brechatienda.png","contentUrl":"https:\/\/tienda.brecha.com.uy\/wp-content\/uploads\/2025\/09\/cropped-Brechatienda.png","width":240,"height":67,"caption":"Tienda - Brecha"},"image":{"@id":"https:\/\/tienda.brecha.com.uy\/#\/schema\/logo\/image\/"}}]}},"jetpack_sharing_enabled":true,"_links":{"self":[{"href":"https:\/\/tienda.brecha.com.uy\/index.php\/wp-json\/wp\/v2\/product\/93","targetHints":{"allow":["GET"]}}],"collection":[{"href":"https:\/\/tienda.brecha.com.uy\/index.php\/wp-json\/wp\/v2\/product"}],"about":[{"href":"https:\/\/tienda.brecha.com.uy\/index.php\/wp-json\/wp\/v2\/types\/product"}],"replies":[{"embeddable":true,"href":"https:\/\/tienda.brecha.com.uy\/index.php\/wp-json\/wp\/v2\/comments?post=93"}],"wp:featuredmedia":[{"embeddable":true,"href":"https:\/\/tienda.brecha.com.uy\/index.php\/wp-json\/wp\/v2\/media\/123"}],"wp:attachment":[{"href":"https:\/\/tienda.brecha.com.uy\/index.php\/wp-json\/wp\/v2\/media?parent=93"}],"wp:term":[{"taxonomy":"product_brand","embeddable":true,"href":"https:\/\/tienda.brecha.com.uy\/index.php\/wp-json\/wp\/v2\/product_brand?post=93"},{"taxonomy":"product_cat","embeddable":true,"href":"https:\/\/tienda.brecha.com.uy\/index.php\/wp-json\/wp\/v2\/product_cat?post=93"},{"taxonomy":"product_tag","embeddable":true,"href":"https:\/\/tienda.brecha.com.uy\/index.php\/wp-json\/wp\/v2\/product_tag?post=93"}],"curies":[{"name":"wp","href":"https:\/\/api.w.org\/{rel}","templated":true}]}}