{"id":95,"date":"2025-07-24T18:06:41","date_gmt":"2025-07-24T18:06:41","guid":{"rendered":"https:\/\/tienda.brecha.com.uy\/?post_type=product&#038;p=95"},"modified":"2025-09-22T20:52:35","modified_gmt":"2025-09-22T20:52:35","slug":"desplazamiento-hacia-el-rojo","status":"publish","type":"product","link":"https:\/\/tienda.brecha.com.uy\/index.php\/producto\/desplazamiento-hacia-el-rojo\/","title":{"rendered":"Desplazamiento hacia el rojo"},"content":{"rendered":"<p>La publicaci\u00f3n de este libro dentro de la colecci\u00f3n Guyunusa no es solo una declaraci\u00f3n de principios en torno a la funci\u00f3n social de la literatura: es un acto de reivindicaci\u00f3n del c\u00f3digo ficcional como espacio de posibilidad a partir del cual las mujeres e identidades disidentes lograron registrar sus voces e inquietudes, sus miradas del mundo, cuando las puertas de la teor\u00eda, la filosof\u00eda o el periodismo se encontraban pr\u00e1cticamente cerradas. Los universos textuales de nombres tan diversos en temporalidad y estilo como los de Delmira Agustini, Armon\u00eda Somers, Cristina Peri Rossi o Natalia Mardero, por nombrar algunos, han sido para la continuidad de nuestros feminismos fuentes de informaci\u00f3n invaluables que nos permiten recoger, como Hansel y Gretel, migas de pan que revelen el rastro de la historia de la sensibilidad de nuestras comunidades en torno a la condici\u00f3n femenina y a la problem\u00e1tica de g\u00e9nero.<\/p>\n<p>Honrando ese linaje, la escritura de Mariana Olivera es contempor\u00e1nea en el sentido m\u00e1s despojado de la palabra: es una literatura hija de su tiempo, que registra de manera\u00a0situada las peripecias a las que nos enfrentamos las mujeres j\u00f3venes -o no tan j\u00f3venes \u2013 que pertenecemos a la clase media uruguaya. Cosechando sus principales nutrientes en el territorio de la oralidad urbana del Montevideo del siglo XXI, Olivera construye -\u00bfinventa, reproduce?- un lunfardo feminista que le permite delinear una visi\u00f3n muy otra de la relaci\u00f3n entre la palabra y la calle, entre lo privado y lo p\u00fablico. As\u00ed, su novela no se trata s\u00f3lo de hacer vivir personajes y acciones; la decisi\u00f3n de despojarse de cualquier pudor con respecto a lo que puede\u00a0 considerarse \u201cliterario\u201d le permite articular el lenguaje con originalidad, ponerlo en problemas y propiciar una interlocuci\u00f3n que se vuelva realmente consciente de las disputas simb\u00f3licas que nos habitan hoy, en este presente extremo que nos interpela.<\/p>\n<p>La narradora retrata sin ning\u00fan prurito moral el desaf\u00edo que supone sostener nuestras vidas dentro de un sistema que nos encierra de manera doble, que nos otorga cada vez menos alternativas desde el exterior -ah\u00ed est\u00e1n la pandemia, la crisis econ\u00f3mica y el neoliberalismo, pesadillas que so\u00f1amos despiertas- y, a la vez, se asegura de que la conformaci\u00f3n problem\u00e1tica de nuestras subjetividades se resista, mediante diversos mecanismos de defensa, a cambios profundos, a nuevos tr\u00e1nsitos. Feroz, radical, desesperada, an\u00e1rquica, cuestionadora y sexy,\u00a0<em>Desplazamiento hacia el rojo<\/em>\u00a0danza sobre la iron\u00eda y el humor para tratar temas que arden, que se prenden fuego en nuestras expectativas y frustraciones, en nuestras conversaciones, en la construcci\u00f3n din\u00e1mica de nuestros v\u00ednculos sexoafectivos. La maternidad, la intimidad, la bisexualidad, la dependencia econ\u00f3mica, el intento por desarmar erotismos vetustos en los que la violencia es necesaria para el goce: Olivera y su universo narrativo se desnudan frente a nuestros ojos hasta envolvernos en un extra\u00f1o despliegue retr\u00e1ctil del tiempo y el espacio, un c\u00edrculo de esquemas ps\u00edquicos, un encierro neblinoso que, a pesar de todo, encuentra en la liberaci\u00f3n de la escritura feminista una \u00faltima fuga, temblorosa pero decidida, hacia la esperanza.<\/p>\n","protected":false},"excerpt":{"rendered":"<p>Autora: Mariana Olivera<\/p>\n","protected":false},"featured_media":125,"comment_status":"closed","ping_status":"closed","template":"","meta":[],"product_brand":[],"product_cat":[58,59,55],"product_tag":[113],"class_list":{"0":"post-95","1":"product","2":"type-product","3":"status-publish","4":"has-post-thumbnail","6":"product_cat-ficcion","7":"product_cat-mariana-olivera","8":"product_cat-sujetos-editores","9":"product_tag-editoriales-amigas","11":"first","12":"instock","13":"purchasable","14":"product-type-simple"},"yoast_head":"<!-- This site is optimized with the Yoast SEO plugin v27.6 - https:\/\/yoast.com\/product\/yoast-seo-wordpress\/ -->\n<title>Desplazamiento hacia el rojo - Tienda - Brecha<\/title>\n<meta name=\"robots\" content=\"index, follow, max-snippet:-1, max-image-preview:large, max-video-preview:-1\" \/>\n<link rel=\"canonical\" href=\"https:\/\/tienda.brecha.com.uy\/index.php\/producto\/desplazamiento-hacia-el-rojo\/\" \/>\n<meta property=\"og:locale\" content=\"es_ES\" \/>\n<meta property=\"og:type\" content=\"article\" \/>\n<meta property=\"og:title\" content=\"Desplazamiento hacia el rojo - Tienda - Brecha\" \/>\n<meta property=\"og:description\" content=\"Autora: Mariana Olivera\" \/>\n<meta property=\"og:url\" content=\"https:\/\/tienda.brecha.com.uy\/index.php\/producto\/desplazamiento-hacia-el-rojo\/\" \/>\n<meta property=\"og:site_name\" content=\"Tienda - Brecha\" \/>\n<meta property=\"article:modified_time\" content=\"2025-09-22T20:52:35+00:00\" \/>\n<meta property=\"og:image\" content=\"https:\/\/tienda.brecha.com.uy\/wp-content\/uploads\/2025\/07\/desplazamientorojo.png\" \/>\n\t<meta property=\"og:image:width\" content=\"600\" \/>\n\t<meta property=\"og:image:height\" content=\"600\" \/>\n\t<meta property=\"og:image:type\" content=\"image\/png\" \/>\n<meta name=\"twitter:card\" content=\"summary_large_image\" \/>\n<meta name=\"twitter:label1\" content=\"Tiempo de lectura\" \/>\n\t<meta name=\"twitter:data1\" content=\"3 minutos\" \/>\n<script type=\"application\/ld+json\" class=\"yoast-schema-graph\">{\"@context\":\"https:\\\/\\\/schema.org\",\"@graph\":[{\"@type\":\"WebPage\",\"@id\":\"https:\\\/\\\/tienda.brecha.com.uy\\\/index.php\\\/producto\\\/desplazamiento-hacia-el-rojo\\\/\",\"url\":\"https:\\\/\\\/tienda.brecha.com.uy\\\/index.php\\\/producto\\\/desplazamiento-hacia-el-rojo\\\/\",\"name\":\"Desplazamiento hacia el rojo - Tienda - Brecha\",\"isPartOf\":{\"@id\":\"https:\\\/\\\/tienda.brecha.com.uy\\\/#website\"},\"primaryImageOfPage\":{\"@id\":\"https:\\\/\\\/tienda.brecha.com.uy\\\/index.php\\\/producto\\\/desplazamiento-hacia-el-rojo\\\/#primaryimage\"},\"image\":{\"@id\":\"https:\\\/\\\/tienda.brecha.com.uy\\\/index.php\\\/producto\\\/desplazamiento-hacia-el-rojo\\\/#primaryimage\"},\"thumbnailUrl\":\"https:\\\/\\\/tienda.brecha.com.uy\\\/wp-content\\\/uploads\\\/2025\\\/07\\\/desplazamientorojo.png\",\"datePublished\":\"2025-07-24T18:06:41+00:00\",\"dateModified\":\"2025-09-22T20:52:35+00:00\",\"breadcrumb\":{\"@id\":\"https:\\\/\\\/tienda.brecha.com.uy\\\/index.php\\\/producto\\\/desplazamiento-hacia-el-rojo\\\/#breadcrumb\"},\"inLanguage\":\"es\",\"potentialAction\":[{\"@type\":\"ReadAction\",\"target\":[\"https:\\\/\\\/tienda.brecha.com.uy\\\/index.php\\\/producto\\\/desplazamiento-hacia-el-rojo\\\/\"]}]},{\"@type\":\"ImageObject\",\"inLanguage\":\"es\",\"@id\":\"https:\\\/\\\/tienda.brecha.com.uy\\\/index.php\\\/producto\\\/desplazamiento-hacia-el-rojo\\\/#primaryimage\",\"url\":\"https:\\\/\\\/tienda.brecha.com.uy\\\/wp-content\\\/uploads\\\/2025\\\/07\\\/desplazamientorojo.png\",\"contentUrl\":\"https:\\\/\\\/tienda.brecha.com.uy\\\/wp-content\\\/uploads\\\/2025\\\/07\\\/desplazamientorojo.png\",\"width\":600,\"height\":600},{\"@type\":\"BreadcrumbList\",\"@id\":\"https:\\\/\\\/tienda.brecha.com.uy\\\/index.php\\\/producto\\\/desplazamiento-hacia-el-rojo\\\/#breadcrumb\",\"itemListElement\":[{\"@type\":\"ListItem\",\"position\":1,\"name\":\"Portada\",\"item\":\"https:\\\/\\\/tienda.brecha.com.uy\\\/\"},{\"@type\":\"ListItem\",\"position\":2,\"name\":\"Tienda\",\"item\":\"https:\\\/\\\/tienda.brecha.com.uy\\\/index.php\\\/tienda\\\/\"},{\"@type\":\"ListItem\",\"position\":3,\"name\":\"Desplazamiento hacia el rojo\"}]},{\"@type\":\"WebSite\",\"@id\":\"https:\\\/\\\/tienda.brecha.com.uy\\\/#website\",\"url\":\"https:\\\/\\\/tienda.brecha.com.uy\\\/\",\"name\":\"Tienda - Brecha\",\"description\":\"\",\"publisher\":{\"@id\":\"https:\\\/\\\/tienda.brecha.com.uy\\\/#organization\"},\"potentialAction\":[{\"@type\":\"SearchAction\",\"target\":{\"@type\":\"EntryPoint\",\"urlTemplate\":\"https:\\\/\\\/tienda.brecha.com.uy\\\/?s={search_term_string}\"},\"query-input\":{\"@type\":\"PropertyValueSpecification\",\"valueRequired\":true,\"valueName\":\"search_term_string\"}}],\"inLanguage\":\"es\"},{\"@type\":\"Organization\",\"@id\":\"https:\\\/\\\/tienda.brecha.com.uy\\\/#organization\",\"name\":\"Tienda - Brecha\",\"url\":\"https:\\\/\\\/tienda.brecha.com.uy\\\/\",\"logo\":{\"@type\":\"ImageObject\",\"inLanguage\":\"es\",\"@id\":\"https:\\\/\\\/tienda.brecha.com.uy\\\/#\\\/schema\\\/logo\\\/image\\\/\",\"url\":\"https:\\\/\\\/tienda.brecha.com.uy\\\/wp-content\\\/uploads\\\/2025\\\/09\\\/cropped-Brechatienda.png\",\"contentUrl\":\"https:\\\/\\\/tienda.brecha.com.uy\\\/wp-content\\\/uploads\\\/2025\\\/09\\\/cropped-Brechatienda.png\",\"width\":240,\"height\":67,\"caption\":\"Tienda - Brecha\"},\"image\":{\"@id\":\"https:\\\/\\\/tienda.brecha.com.uy\\\/#\\\/schema\\\/logo\\\/image\\\/\"}}]}<\/script>\n<!-- \/ Yoast SEO plugin. -->","yoast_head_json":{"title":"Desplazamiento hacia el rojo - Tienda - Brecha","robots":{"index":"index","follow":"follow","max-snippet":"max-snippet:-1","max-image-preview":"max-image-preview:large","max-video-preview":"max-video-preview:-1"},"canonical":"https:\/\/tienda.brecha.com.uy\/index.php\/producto\/desplazamiento-hacia-el-rojo\/","og_locale":"es_ES","og_type":"article","og_title":"Desplazamiento hacia el rojo - Tienda - Brecha","og_description":"Autora: Mariana Olivera","og_url":"https:\/\/tienda.brecha.com.uy\/index.php\/producto\/desplazamiento-hacia-el-rojo\/","og_site_name":"Tienda - Brecha","article_modified_time":"2025-09-22T20:52:35+00:00","og_image":[{"width":600,"height":600,"url":"https:\/\/tienda.brecha.com.uy\/wp-content\/uploads\/2025\/07\/desplazamientorojo.png","type":"image\/png"}],"twitter_card":"summary_large_image","twitter_misc":{"Tiempo de lectura":"3 minutos"},"schema":{"@context":"https:\/\/schema.org","@graph":[{"@type":"WebPage","@id":"https:\/\/tienda.brecha.com.uy\/index.php\/producto\/desplazamiento-hacia-el-rojo\/","url":"https:\/\/tienda.brecha.com.uy\/index.php\/producto\/desplazamiento-hacia-el-rojo\/","name":"Desplazamiento hacia el rojo - Tienda - Brecha","isPartOf":{"@id":"https:\/\/tienda.brecha.com.uy\/#website"},"primaryImageOfPage":{"@id":"https:\/\/tienda.brecha.com.uy\/index.php\/producto\/desplazamiento-hacia-el-rojo\/#primaryimage"},"image":{"@id":"https:\/\/tienda.brecha.com.uy\/index.php\/producto\/desplazamiento-hacia-el-rojo\/#primaryimage"},"thumbnailUrl":"https:\/\/tienda.brecha.com.uy\/wp-content\/uploads\/2025\/07\/desplazamientorojo.png","datePublished":"2025-07-24T18:06:41+00:00","dateModified":"2025-09-22T20:52:35+00:00","breadcrumb":{"@id":"https:\/\/tienda.brecha.com.uy\/index.php\/producto\/desplazamiento-hacia-el-rojo\/#breadcrumb"},"inLanguage":"es","potentialAction":[{"@type":"ReadAction","target":["https:\/\/tienda.brecha.com.uy\/index.php\/producto\/desplazamiento-hacia-el-rojo\/"]}]},{"@type":"ImageObject","inLanguage":"es","@id":"https:\/\/tienda.brecha.com.uy\/index.php\/producto\/desplazamiento-hacia-el-rojo\/#primaryimage","url":"https:\/\/tienda.brecha.com.uy\/wp-content\/uploads\/2025\/07\/desplazamientorojo.png","contentUrl":"https:\/\/tienda.brecha.com.uy\/wp-content\/uploads\/2025\/07\/desplazamientorojo.png","width":600,"height":600},{"@type":"BreadcrumbList","@id":"https:\/\/tienda.brecha.com.uy\/index.php\/producto\/desplazamiento-hacia-el-rojo\/#breadcrumb","itemListElement":[{"@type":"ListItem","position":1,"name":"Portada","item":"https:\/\/tienda.brecha.com.uy\/"},{"@type":"ListItem","position":2,"name":"Tienda","item":"https:\/\/tienda.brecha.com.uy\/index.php\/tienda\/"},{"@type":"ListItem","position":3,"name":"Desplazamiento hacia el rojo"}]},{"@type":"WebSite","@id":"https:\/\/tienda.brecha.com.uy\/#website","url":"https:\/\/tienda.brecha.com.uy\/","name":"Tienda - Brecha","description":"","publisher":{"@id":"https:\/\/tienda.brecha.com.uy\/#organization"},"potentialAction":[{"@type":"SearchAction","target":{"@type":"EntryPoint","urlTemplate":"https:\/\/tienda.brecha.com.uy\/?s={search_term_string}"},"query-input":{"@type":"PropertyValueSpecification","valueRequired":true,"valueName":"search_term_string"}}],"inLanguage":"es"},{"@type":"Organization","@id":"https:\/\/tienda.brecha.com.uy\/#organization","name":"Tienda - Brecha","url":"https:\/\/tienda.brecha.com.uy\/","logo":{"@type":"ImageObject","inLanguage":"es","@id":"https:\/\/tienda.brecha.com.uy\/#\/schema\/logo\/image\/","url":"https:\/\/tienda.brecha.com.uy\/wp-content\/uploads\/2025\/09\/cropped-Brechatienda.png","contentUrl":"https:\/\/tienda.brecha.com.uy\/wp-content\/uploads\/2025\/09\/cropped-Brechatienda.png","width":240,"height":67,"caption":"Tienda - Brecha"},"image":{"@id":"https:\/\/tienda.brecha.com.uy\/#\/schema\/logo\/image\/"}}]}},"jetpack_sharing_enabled":true,"_links":{"self":[{"href":"https:\/\/tienda.brecha.com.uy\/index.php\/wp-json\/wp\/v2\/product\/95","targetHints":{"allow":["GET"]}}],"collection":[{"href":"https:\/\/tienda.brecha.com.uy\/index.php\/wp-json\/wp\/v2\/product"}],"about":[{"href":"https:\/\/tienda.brecha.com.uy\/index.php\/wp-json\/wp\/v2\/types\/product"}],"replies":[{"embeddable":true,"href":"https:\/\/tienda.brecha.com.uy\/index.php\/wp-json\/wp\/v2\/comments?post=95"}],"wp:featuredmedia":[{"embeddable":true,"href":"https:\/\/tienda.brecha.com.uy\/index.php\/wp-json\/wp\/v2\/media\/125"}],"wp:attachment":[{"href":"https:\/\/tienda.brecha.com.uy\/index.php\/wp-json\/wp\/v2\/media?parent=95"}],"wp:term":[{"taxonomy":"product_brand","embeddable":true,"href":"https:\/\/tienda.brecha.com.uy\/index.php\/wp-json\/wp\/v2\/product_brand?post=95"},{"taxonomy":"product_cat","embeddable":true,"href":"https:\/\/tienda.brecha.com.uy\/index.php\/wp-json\/wp\/v2\/product_cat?post=95"},{"taxonomy":"product_tag","embeddable":true,"href":"https:\/\/tienda.brecha.com.uy\/index.php\/wp-json\/wp\/v2\/product_tag?post=95"}],"curies":[{"name":"wp","href":"https:\/\/api.w.org\/{rel}","templated":true}]}}