{"id":97,"date":"2025-07-24T18:06:41","date_gmt":"2025-07-24T18:06:41","guid":{"rendered":"https:\/\/tienda.brecha.com.uy\/?post_type=product&#038;p=97"},"modified":"2025-09-22T20:51:24","modified_gmt":"2025-09-22T20:51:24","slug":"politicas-culturales-en-uruguay-actores-y-sectores","status":"publish","type":"product","link":"https:\/\/tienda.brecha.com.uy\/index.php\/producto\/politicas-culturales-en-uruguay-actores-y-sectores\/","title":{"rendered":"Pol\u00edticas culturales en Uruguay: actores y sectores"},"content":{"rendered":"<p>El libro contiene 10 ensayos sobre distintas aristas de las pol\u00edticas culturales en Uruguay, escritos por estudiantes de la Maestr\u00eda en pol\u00edticas culturales que se se desarrolla en el Centro Universitario Regional del Este (CURE-UdelaR).<\/p>\n<p>Dice el compilador:<\/p>\n<blockquote class=\"wp-block-quote is-style-default\"><p>Esta colecci\u00f3n de art\u00edculos constituye un conjunto de reflexiones sobre distintos aspectos de la pol\u00edtica cultural en Uruguay. Son el resultado de un trabajo acad\u00e9mico y la variedad de temas corresponde, en gran parte, a los intereses profesionales de los autores. Sin pretender realizar un tratamiento hist\u00f3rico de las pol\u00edticas culturales, varios textos tratan de \u00e9pocas previas a los gobiernos del Frente Amplio que casi todos los autores reconocen como el origen de un giro positivo de las pol\u00edticas p\u00fablicas de cultura en el pa\u00eds. Algunos textos tienen un sentido m\u00e1s general, evaluativo de las pol\u00edticas culturales, otros se interesan en explorar campos espec\u00edficos, como el circo o las artes esc\u00e9nicas, que tienen dificultades particulares para su desarrollo.<\/p>\n<p>La oportunidad de haber trabajado con un grupo inteligente y comprometido de profesionales de la cultura como el que se manifiesta en este libro, ha sido un privilegio que repercutir\u00e1 en mi trabajo en M\u00e9xico y en otros contextos. Espero que para los autores tenga la misma significaci\u00f3n y relevancia que tiene sin duda para m\u00ed.<\/p><\/blockquote>\n","protected":false},"excerpt":{"rendered":"<p>Autor: Eduardo Niv\u00f3n Bol\u00e1n (Comp.)<\/p>\n","protected":false},"featured_media":127,"comment_status":"closed","ping_status":"closed","template":"","meta":[],"product_brand":[],"product_cat":[63,25,55],"product_tag":[113],"class_list":{"0":"post-97","1":"product","2":"type-product","3":"status-publish","4":"has-post-thumbnail","6":"product_cat-eduardo-nivon-bolan","7":"product_cat-ensayo","8":"product_cat-sujetos-editores","9":"product_tag-editoriales-amigas","11":"first","12":"instock","13":"purchasable","14":"product-type-simple"},"yoast_head":"<!-- This site is optimized with the Yoast SEO plugin v27.6 - https:\/\/yoast.com\/product\/yoast-seo-wordpress\/ -->\n<title>Pol\u00edticas culturales en Uruguay: actores y sectores - Tienda - Brecha<\/title>\n<meta name=\"robots\" content=\"index, follow, max-snippet:-1, max-image-preview:large, max-video-preview:-1\" \/>\n<link rel=\"canonical\" href=\"https:\/\/tienda.brecha.com.uy\/index.php\/producto\/politicas-culturales-en-uruguay-actores-y-sectores\/\" \/>\n<meta property=\"og:locale\" content=\"es_ES\" \/>\n<meta property=\"og:type\" content=\"article\" \/>\n<meta property=\"og:title\" content=\"Pol\u00edticas culturales en Uruguay: actores y sectores - Tienda - Brecha\" \/>\n<meta property=\"og:description\" content=\"Autor: Eduardo Niv\u00f3n Bol\u00e1n (Comp.)\" \/>\n<meta property=\"og:url\" content=\"https:\/\/tienda.brecha.com.uy\/index.php\/producto\/politicas-culturales-en-uruguay-actores-y-sectores\/\" \/>\n<meta property=\"og:site_name\" content=\"Tienda - Brecha\" \/>\n<meta property=\"article:modified_time\" content=\"2025-09-22T20:51:24+00:00\" \/>\n<meta property=\"og:image\" content=\"https:\/\/tienda.brecha.com.uy\/wp-content\/uploads\/2025\/07\/actoresysectores.png\" \/>\n\t<meta property=\"og:image:width\" content=\"600\" \/>\n\t<meta property=\"og:image:height\" content=\"600\" \/>\n\t<meta property=\"og:image:type\" content=\"image\/png\" \/>\n<meta name=\"twitter:card\" content=\"summary_large_image\" \/>\n<meta name=\"twitter:label1\" content=\"Tiempo de lectura\" \/>\n\t<meta name=\"twitter:data1\" content=\"1 minuto\" \/>\n<script type=\"application\/ld+json\" class=\"yoast-schema-graph\">{\"@context\":\"https:\\\/\\\/schema.org\",\"@graph\":[{\"@type\":\"WebPage\",\"@id\":\"https:\\\/\\\/tienda.brecha.com.uy\\\/index.php\\\/producto\\\/politicas-culturales-en-uruguay-actores-y-sectores\\\/\",\"url\":\"https:\\\/\\\/tienda.brecha.com.uy\\\/index.php\\\/producto\\\/politicas-culturales-en-uruguay-actores-y-sectores\\\/\",\"name\":\"Pol\u00edticas culturales en Uruguay: actores y sectores - Tienda - Brecha\",\"isPartOf\":{\"@id\":\"https:\\\/\\\/tienda.brecha.com.uy\\\/#website\"},\"primaryImageOfPage\":{\"@id\":\"https:\\\/\\\/tienda.brecha.com.uy\\\/index.php\\\/producto\\\/politicas-culturales-en-uruguay-actores-y-sectores\\\/#primaryimage\"},\"image\":{\"@id\":\"https:\\\/\\\/tienda.brecha.com.uy\\\/index.php\\\/producto\\\/politicas-culturales-en-uruguay-actores-y-sectores\\\/#primaryimage\"},\"thumbnailUrl\":\"https:\\\/\\\/tienda.brecha.com.uy\\\/wp-content\\\/uploads\\\/2025\\\/07\\\/actoresysectores.png\",\"datePublished\":\"2025-07-24T18:06:41+00:00\",\"dateModified\":\"2025-09-22T20:51:24+00:00\",\"breadcrumb\":{\"@id\":\"https:\\\/\\\/tienda.brecha.com.uy\\\/index.php\\\/producto\\\/politicas-culturales-en-uruguay-actores-y-sectores\\\/#breadcrumb\"},\"inLanguage\":\"es\",\"potentialAction\":[{\"@type\":\"ReadAction\",\"target\":[\"https:\\\/\\\/tienda.brecha.com.uy\\\/index.php\\\/producto\\\/politicas-culturales-en-uruguay-actores-y-sectores\\\/\"]}]},{\"@type\":\"ImageObject\",\"inLanguage\":\"es\",\"@id\":\"https:\\\/\\\/tienda.brecha.com.uy\\\/index.php\\\/producto\\\/politicas-culturales-en-uruguay-actores-y-sectores\\\/#primaryimage\",\"url\":\"https:\\\/\\\/tienda.brecha.com.uy\\\/wp-content\\\/uploads\\\/2025\\\/07\\\/actoresysectores.png\",\"contentUrl\":\"https:\\\/\\\/tienda.brecha.com.uy\\\/wp-content\\\/uploads\\\/2025\\\/07\\\/actoresysectores.png\",\"width\":600,\"height\":600},{\"@type\":\"BreadcrumbList\",\"@id\":\"https:\\\/\\\/tienda.brecha.com.uy\\\/index.php\\\/producto\\\/politicas-culturales-en-uruguay-actores-y-sectores\\\/#breadcrumb\",\"itemListElement\":[{\"@type\":\"ListItem\",\"position\":1,\"name\":\"Portada\",\"item\":\"https:\\\/\\\/tienda.brecha.com.uy\\\/\"},{\"@type\":\"ListItem\",\"position\":2,\"name\":\"Tienda\",\"item\":\"https:\\\/\\\/tienda.brecha.com.uy\\\/index.php\\\/tienda\\\/\"},{\"@type\":\"ListItem\",\"position\":3,\"name\":\"Pol\u00edticas culturales en Uruguay: actores y sectores\"}]},{\"@type\":\"WebSite\",\"@id\":\"https:\\\/\\\/tienda.brecha.com.uy\\\/#website\",\"url\":\"https:\\\/\\\/tienda.brecha.com.uy\\\/\",\"name\":\"Tienda - Brecha\",\"description\":\"\",\"publisher\":{\"@id\":\"https:\\\/\\\/tienda.brecha.com.uy\\\/#organization\"},\"potentialAction\":[{\"@type\":\"SearchAction\",\"target\":{\"@type\":\"EntryPoint\",\"urlTemplate\":\"https:\\\/\\\/tienda.brecha.com.uy\\\/?s={search_term_string}\"},\"query-input\":{\"@type\":\"PropertyValueSpecification\",\"valueRequired\":true,\"valueName\":\"search_term_string\"}}],\"inLanguage\":\"es\"},{\"@type\":\"Organization\",\"@id\":\"https:\\\/\\\/tienda.brecha.com.uy\\\/#organization\",\"name\":\"Tienda - Brecha\",\"url\":\"https:\\\/\\\/tienda.brecha.com.uy\\\/\",\"logo\":{\"@type\":\"ImageObject\",\"inLanguage\":\"es\",\"@id\":\"https:\\\/\\\/tienda.brecha.com.uy\\\/#\\\/schema\\\/logo\\\/image\\\/\",\"url\":\"https:\\\/\\\/tienda.brecha.com.uy\\\/wp-content\\\/uploads\\\/2025\\\/09\\\/cropped-Brechatienda.png\",\"contentUrl\":\"https:\\\/\\\/tienda.brecha.com.uy\\\/wp-content\\\/uploads\\\/2025\\\/09\\\/cropped-Brechatienda.png\",\"width\":240,\"height\":67,\"caption\":\"Tienda - Brecha\"},\"image\":{\"@id\":\"https:\\\/\\\/tienda.brecha.com.uy\\\/#\\\/schema\\\/logo\\\/image\\\/\"}}]}<\/script>\n<!-- \/ Yoast SEO plugin. -->","yoast_head_json":{"title":"Pol\u00edticas culturales en Uruguay: actores y sectores - Tienda - Brecha","robots":{"index":"index","follow":"follow","max-snippet":"max-snippet:-1","max-image-preview":"max-image-preview:large","max-video-preview":"max-video-preview:-1"},"canonical":"https:\/\/tienda.brecha.com.uy\/index.php\/producto\/politicas-culturales-en-uruguay-actores-y-sectores\/","og_locale":"es_ES","og_type":"article","og_title":"Pol\u00edticas culturales en Uruguay: actores y sectores - Tienda - Brecha","og_description":"Autor: Eduardo Niv\u00f3n Bol\u00e1n (Comp.)","og_url":"https:\/\/tienda.brecha.com.uy\/index.php\/producto\/politicas-culturales-en-uruguay-actores-y-sectores\/","og_site_name":"Tienda - Brecha","article_modified_time":"2025-09-22T20:51:24+00:00","og_image":[{"width":600,"height":600,"url":"https:\/\/tienda.brecha.com.uy\/wp-content\/uploads\/2025\/07\/actoresysectores.png","type":"image\/png"}],"twitter_card":"summary_large_image","twitter_misc":{"Tiempo de lectura":"1 minuto"},"schema":{"@context":"https:\/\/schema.org","@graph":[{"@type":"WebPage","@id":"https:\/\/tienda.brecha.com.uy\/index.php\/producto\/politicas-culturales-en-uruguay-actores-y-sectores\/","url":"https:\/\/tienda.brecha.com.uy\/index.php\/producto\/politicas-culturales-en-uruguay-actores-y-sectores\/","name":"Pol\u00edticas culturales en Uruguay: actores y sectores - Tienda - Brecha","isPartOf":{"@id":"https:\/\/tienda.brecha.com.uy\/#website"},"primaryImageOfPage":{"@id":"https:\/\/tienda.brecha.com.uy\/index.php\/producto\/politicas-culturales-en-uruguay-actores-y-sectores\/#primaryimage"},"image":{"@id":"https:\/\/tienda.brecha.com.uy\/index.php\/producto\/politicas-culturales-en-uruguay-actores-y-sectores\/#primaryimage"},"thumbnailUrl":"https:\/\/tienda.brecha.com.uy\/wp-content\/uploads\/2025\/07\/actoresysectores.png","datePublished":"2025-07-24T18:06:41+00:00","dateModified":"2025-09-22T20:51:24+00:00","breadcrumb":{"@id":"https:\/\/tienda.brecha.com.uy\/index.php\/producto\/politicas-culturales-en-uruguay-actores-y-sectores\/#breadcrumb"},"inLanguage":"es","potentialAction":[{"@type":"ReadAction","target":["https:\/\/tienda.brecha.com.uy\/index.php\/producto\/politicas-culturales-en-uruguay-actores-y-sectores\/"]}]},{"@type":"ImageObject","inLanguage":"es","@id":"https:\/\/tienda.brecha.com.uy\/index.php\/producto\/politicas-culturales-en-uruguay-actores-y-sectores\/#primaryimage","url":"https:\/\/tienda.brecha.com.uy\/wp-content\/uploads\/2025\/07\/actoresysectores.png","contentUrl":"https:\/\/tienda.brecha.com.uy\/wp-content\/uploads\/2025\/07\/actoresysectores.png","width":600,"height":600},{"@type":"BreadcrumbList","@id":"https:\/\/tienda.brecha.com.uy\/index.php\/producto\/politicas-culturales-en-uruguay-actores-y-sectores\/#breadcrumb","itemListElement":[{"@type":"ListItem","position":1,"name":"Portada","item":"https:\/\/tienda.brecha.com.uy\/"},{"@type":"ListItem","position":2,"name":"Tienda","item":"https:\/\/tienda.brecha.com.uy\/index.php\/tienda\/"},{"@type":"ListItem","position":3,"name":"Pol\u00edticas culturales en Uruguay: actores y sectores"}]},{"@type":"WebSite","@id":"https:\/\/tienda.brecha.com.uy\/#website","url":"https:\/\/tienda.brecha.com.uy\/","name":"Tienda - Brecha","description":"","publisher":{"@id":"https:\/\/tienda.brecha.com.uy\/#organization"},"potentialAction":[{"@type":"SearchAction","target":{"@type":"EntryPoint","urlTemplate":"https:\/\/tienda.brecha.com.uy\/?s={search_term_string}"},"query-input":{"@type":"PropertyValueSpecification","valueRequired":true,"valueName":"search_term_string"}}],"inLanguage":"es"},{"@type":"Organization","@id":"https:\/\/tienda.brecha.com.uy\/#organization","name":"Tienda - Brecha","url":"https:\/\/tienda.brecha.com.uy\/","logo":{"@type":"ImageObject","inLanguage":"es","@id":"https:\/\/tienda.brecha.com.uy\/#\/schema\/logo\/image\/","url":"https:\/\/tienda.brecha.com.uy\/wp-content\/uploads\/2025\/09\/cropped-Brechatienda.png","contentUrl":"https:\/\/tienda.brecha.com.uy\/wp-content\/uploads\/2025\/09\/cropped-Brechatienda.png","width":240,"height":67,"caption":"Tienda - Brecha"},"image":{"@id":"https:\/\/tienda.brecha.com.uy\/#\/schema\/logo\/image\/"}}]}},"jetpack_sharing_enabled":true,"_links":{"self":[{"href":"https:\/\/tienda.brecha.com.uy\/index.php\/wp-json\/wp\/v2\/product\/97","targetHints":{"allow":["GET"]}}],"collection":[{"href":"https:\/\/tienda.brecha.com.uy\/index.php\/wp-json\/wp\/v2\/product"}],"about":[{"href":"https:\/\/tienda.brecha.com.uy\/index.php\/wp-json\/wp\/v2\/types\/product"}],"replies":[{"embeddable":true,"href":"https:\/\/tienda.brecha.com.uy\/index.php\/wp-json\/wp\/v2\/comments?post=97"}],"wp:featuredmedia":[{"embeddable":true,"href":"https:\/\/tienda.brecha.com.uy\/index.php\/wp-json\/wp\/v2\/media\/127"}],"wp:attachment":[{"href":"https:\/\/tienda.brecha.com.uy\/index.php\/wp-json\/wp\/v2\/media?parent=97"}],"wp:term":[{"taxonomy":"product_brand","embeddable":true,"href":"https:\/\/tienda.brecha.com.uy\/index.php\/wp-json\/wp\/v2\/product_brand?post=97"},{"taxonomy":"product_cat","embeddable":true,"href":"https:\/\/tienda.brecha.com.uy\/index.php\/wp-json\/wp\/v2\/product_cat?post=97"},{"taxonomy":"product_tag","embeddable":true,"href":"https:\/\/tienda.brecha.com.uy\/index.php\/wp-json\/wp\/v2\/product_tag?post=97"}],"curies":[{"name":"wp","href":"https:\/\/api.w.org\/{rel}","templated":true}]}}