{"id":99,"date":"2025-07-24T18:06:41","date_gmt":"2025-07-24T18:06:41","guid":{"rendered":"https:\/\/tienda.brecha.com.uy\/?post_type=product&#038;p=99"},"modified":"2025-09-22T20:51:10","modified_gmt":"2025-09-22T20:51:10","slug":"elogio-del-maracanazo","status":"publish","type":"product","link":"https:\/\/tienda.brecha.com.uy\/index.php\/producto\/elogio-del-maracanazo\/","title":{"rendered":"Elogio del Maracanazo"},"content":{"rendered":"<p>La historia de dos chilenos que viajan a conocer a Alcides Ghiggia en 2012, da inicio a los 11 cuentos que integran el libro\u00a0<em><strong>Elogio del Maracanazo<\/strong><\/em>\u00a0de V\u00edctor Hugo Ortega, que despu\u00e9s de una larga vuelta llega a Uruguay, en esta edici\u00f3n especial publicada por\u00a0<em><strong>Sujetos<\/strong><\/em>.<\/p>\n<p>\u201cLa nostalgia pisa fuerte en este libro\u201d, dice el cineasta Adri\u00e1n Caetano en la contraportada de este volumen de cuentos, que tienen en com\u00fan toda esa pasi\u00f3n genuina que le es propia al f\u00fatbol, a pesar de los millones de euros, del marketing y de la manipulaci\u00f3n que provocan sentimientos de amor y odio frente al deporte m\u00e1s popular del mundo.<\/p>\n<p>La historia misma de este libro como objeto particular posee una m\u00edstica que est\u00e1 presente en cada uno de los relatos. Dos chilenos que buscan al h\u00e9roe del Maracanazo en la Feria de Las Piedras, el fot\u00f3grafo de Bielsa que piensa que no todas las fotos hay que mostrarlas, el adolescente que prende velas al santo de su pueblo para que la Selecci\u00f3n Chilena clasifique a octavos de final en Francia 98, la historia de un padre y un hijo visitando una cancha que ya no existe, pero que todos recuerdan en su pueblo.<\/p>\n<p>Esa es la ficci\u00f3n-realidad que encontrar\u00e1 el lector en estas p\u00e1ginas. Pero la historia real que hay detr\u00e1s de este libro tambi\u00e9n parece una ficci\u00f3n. El propio V\u00edctor Hugo Ortega viaj\u00f3 a conocer a Ghiggia con un amigo en 2012, sin ning\u00fan contacto previo. Tiempo despu\u00e9s llev\u00f3 ese viaje a encabezar un pu\u00f1ado de cuentos futboleros, que ninguna editorial se interes\u00f3 en publicar. El libro fue lanzado de forma independiente, vendido mano a mano por su autor en Chile y en otras partes del mundo, hasta que lleg\u00f3 a publicarse en M\u00e9xico en 2017 y despu\u00e9s regres\u00f3 a Chile, ahora s\u00ed con una editorial.<\/p>\n<p>La edici\u00f3n independiente de\u00a0<em><strong>Elogio del Maracanazo<\/strong><\/em>\u00a0lleg\u00f3 a manos de ilustres uruguayos como V\u00edctor Hugo Morales y Adri\u00e1n Caetano. El primero le dijo al autor en el programa venezolano\u00a0<em>De Zurda<\/em>\u00a0de Telesur: \u201cabr\u00ed el libro, como se hace con los libros, en cualquier p\u00e1gina, y me he encontrado con una forma de escribir que me deleita\u201d. Por su parte, Caetano acept\u00f3 escribir el texto de contraportada sin conocer al autor y sin pedir nada a cambio. \u00bfLa raz\u00f3n? Alguna vez le regalaron una copia y le gust\u00f3.<\/p>\n","protected":false},"excerpt":{"rendered":"<p>Autor: V\u00edctor Hugo Ortega C.<\/p>\n","protected":false},"featured_media":129,"comment_status":"closed","ping_status":"closed","template":"","meta":[],"product_brand":[],"product_cat":[65,58,55,66],"product_tag":[113],"class_list":{"0":"post-99","1":"product","2":"type-product","3":"status-publish","4":"has-post-thumbnail","6":"product_cat-cuento","7":"product_cat-ficcion","8":"product_cat-sujetos-editores","9":"product_cat-victor-hugo-ortega-c","10":"product_tag-editoriales-amigas","12":"first","13":"instock","14":"purchasable","15":"product-type-simple"},"yoast_head":"<!-- This site is optimized with the Yoast SEO plugin v27.6 - https:\/\/yoast.com\/product\/yoast-seo-wordpress\/ -->\n<title>Elogio del Maracanazo - Tienda - Brecha<\/title>\n<meta name=\"robots\" content=\"index, follow, max-snippet:-1, max-image-preview:large, max-video-preview:-1\" \/>\n<link rel=\"canonical\" href=\"https:\/\/tienda.brecha.com.uy\/index.php\/producto\/elogio-del-maracanazo\/\" \/>\n<meta property=\"og:locale\" content=\"es_ES\" \/>\n<meta property=\"og:type\" content=\"article\" \/>\n<meta property=\"og:title\" content=\"Elogio del Maracanazo - Tienda - Brecha\" \/>\n<meta property=\"og:description\" content=\"Autor: V\u00edctor Hugo Ortega C.\" \/>\n<meta property=\"og:url\" content=\"https:\/\/tienda.brecha.com.uy\/index.php\/producto\/elogio-del-maracanazo\/\" \/>\n<meta property=\"og:site_name\" content=\"Tienda - Brecha\" \/>\n<meta property=\"article:modified_time\" content=\"2025-09-22T20:51:10+00:00\" \/>\n<meta property=\"og:image\" content=\"https:\/\/tienda.brecha.com.uy\/wp-content\/uploads\/2025\/07\/elogiodelmaracanazo.png\" \/>\n\t<meta property=\"og:image:width\" content=\"600\" \/>\n\t<meta property=\"og:image:height\" content=\"600\" \/>\n\t<meta property=\"og:image:type\" content=\"image\/png\" \/>\n<meta name=\"twitter:card\" content=\"summary_large_image\" \/>\n<meta name=\"twitter:label1\" content=\"Tiempo de lectura\" \/>\n\t<meta name=\"twitter:data1\" content=\"3 minutos\" \/>\n<script type=\"application\/ld+json\" class=\"yoast-schema-graph\">{\"@context\":\"https:\\\/\\\/schema.org\",\"@graph\":[{\"@type\":\"WebPage\",\"@id\":\"https:\\\/\\\/tienda.brecha.com.uy\\\/index.php\\\/producto\\\/elogio-del-maracanazo\\\/\",\"url\":\"https:\\\/\\\/tienda.brecha.com.uy\\\/index.php\\\/producto\\\/elogio-del-maracanazo\\\/\",\"name\":\"Elogio del Maracanazo - Tienda - Brecha\",\"isPartOf\":{\"@id\":\"https:\\\/\\\/tienda.brecha.com.uy\\\/#website\"},\"primaryImageOfPage\":{\"@id\":\"https:\\\/\\\/tienda.brecha.com.uy\\\/index.php\\\/producto\\\/elogio-del-maracanazo\\\/#primaryimage\"},\"image\":{\"@id\":\"https:\\\/\\\/tienda.brecha.com.uy\\\/index.php\\\/producto\\\/elogio-del-maracanazo\\\/#primaryimage\"},\"thumbnailUrl\":\"https:\\\/\\\/tienda.brecha.com.uy\\\/wp-content\\\/uploads\\\/2025\\\/07\\\/elogiodelmaracanazo.png\",\"datePublished\":\"2025-07-24T18:06:41+00:00\",\"dateModified\":\"2025-09-22T20:51:10+00:00\",\"breadcrumb\":{\"@id\":\"https:\\\/\\\/tienda.brecha.com.uy\\\/index.php\\\/producto\\\/elogio-del-maracanazo\\\/#breadcrumb\"},\"inLanguage\":\"es\",\"potentialAction\":[{\"@type\":\"ReadAction\",\"target\":[\"https:\\\/\\\/tienda.brecha.com.uy\\\/index.php\\\/producto\\\/elogio-del-maracanazo\\\/\"]}]},{\"@type\":\"ImageObject\",\"inLanguage\":\"es\",\"@id\":\"https:\\\/\\\/tienda.brecha.com.uy\\\/index.php\\\/producto\\\/elogio-del-maracanazo\\\/#primaryimage\",\"url\":\"https:\\\/\\\/tienda.brecha.com.uy\\\/wp-content\\\/uploads\\\/2025\\\/07\\\/elogiodelmaracanazo.png\",\"contentUrl\":\"https:\\\/\\\/tienda.brecha.com.uy\\\/wp-content\\\/uploads\\\/2025\\\/07\\\/elogiodelmaracanazo.png\",\"width\":600,\"height\":600},{\"@type\":\"BreadcrumbList\",\"@id\":\"https:\\\/\\\/tienda.brecha.com.uy\\\/index.php\\\/producto\\\/elogio-del-maracanazo\\\/#breadcrumb\",\"itemListElement\":[{\"@type\":\"ListItem\",\"position\":1,\"name\":\"Portada\",\"item\":\"https:\\\/\\\/tienda.brecha.com.uy\\\/\"},{\"@type\":\"ListItem\",\"position\":2,\"name\":\"Tienda\",\"item\":\"https:\\\/\\\/tienda.brecha.com.uy\\\/index.php\\\/tienda\\\/\"},{\"@type\":\"ListItem\",\"position\":3,\"name\":\"Elogio del Maracanazo\"}]},{\"@type\":\"WebSite\",\"@id\":\"https:\\\/\\\/tienda.brecha.com.uy\\\/#website\",\"url\":\"https:\\\/\\\/tienda.brecha.com.uy\\\/\",\"name\":\"Tienda - Brecha\",\"description\":\"\",\"publisher\":{\"@id\":\"https:\\\/\\\/tienda.brecha.com.uy\\\/#organization\"},\"potentialAction\":[{\"@type\":\"SearchAction\",\"target\":{\"@type\":\"EntryPoint\",\"urlTemplate\":\"https:\\\/\\\/tienda.brecha.com.uy\\\/?s={search_term_string}\"},\"query-input\":{\"@type\":\"PropertyValueSpecification\",\"valueRequired\":true,\"valueName\":\"search_term_string\"}}],\"inLanguage\":\"es\"},{\"@type\":\"Organization\",\"@id\":\"https:\\\/\\\/tienda.brecha.com.uy\\\/#organization\",\"name\":\"Tienda - Brecha\",\"url\":\"https:\\\/\\\/tienda.brecha.com.uy\\\/\",\"logo\":{\"@type\":\"ImageObject\",\"inLanguage\":\"es\",\"@id\":\"https:\\\/\\\/tienda.brecha.com.uy\\\/#\\\/schema\\\/logo\\\/image\\\/\",\"url\":\"https:\\\/\\\/tienda.brecha.com.uy\\\/wp-content\\\/uploads\\\/2025\\\/09\\\/cropped-Brechatienda.png\",\"contentUrl\":\"https:\\\/\\\/tienda.brecha.com.uy\\\/wp-content\\\/uploads\\\/2025\\\/09\\\/cropped-Brechatienda.png\",\"width\":240,\"height\":67,\"caption\":\"Tienda - Brecha\"},\"image\":{\"@id\":\"https:\\\/\\\/tienda.brecha.com.uy\\\/#\\\/schema\\\/logo\\\/image\\\/\"}}]}<\/script>\n<!-- \/ Yoast SEO plugin. -->","yoast_head_json":{"title":"Elogio del Maracanazo - Tienda - Brecha","robots":{"index":"index","follow":"follow","max-snippet":"max-snippet:-1","max-image-preview":"max-image-preview:large","max-video-preview":"max-video-preview:-1"},"canonical":"https:\/\/tienda.brecha.com.uy\/index.php\/producto\/elogio-del-maracanazo\/","og_locale":"es_ES","og_type":"article","og_title":"Elogio del Maracanazo - Tienda - Brecha","og_description":"Autor: V\u00edctor Hugo Ortega C.","og_url":"https:\/\/tienda.brecha.com.uy\/index.php\/producto\/elogio-del-maracanazo\/","og_site_name":"Tienda - Brecha","article_modified_time":"2025-09-22T20:51:10+00:00","og_image":[{"width":600,"height":600,"url":"https:\/\/tienda.brecha.com.uy\/wp-content\/uploads\/2025\/07\/elogiodelmaracanazo.png","type":"image\/png"}],"twitter_card":"summary_large_image","twitter_misc":{"Tiempo de lectura":"3 minutos"},"schema":{"@context":"https:\/\/schema.org","@graph":[{"@type":"WebPage","@id":"https:\/\/tienda.brecha.com.uy\/index.php\/producto\/elogio-del-maracanazo\/","url":"https:\/\/tienda.brecha.com.uy\/index.php\/producto\/elogio-del-maracanazo\/","name":"Elogio del Maracanazo - Tienda - Brecha","isPartOf":{"@id":"https:\/\/tienda.brecha.com.uy\/#website"},"primaryImageOfPage":{"@id":"https:\/\/tienda.brecha.com.uy\/index.php\/producto\/elogio-del-maracanazo\/#primaryimage"},"image":{"@id":"https:\/\/tienda.brecha.com.uy\/index.php\/producto\/elogio-del-maracanazo\/#primaryimage"},"thumbnailUrl":"https:\/\/tienda.brecha.com.uy\/wp-content\/uploads\/2025\/07\/elogiodelmaracanazo.png","datePublished":"2025-07-24T18:06:41+00:00","dateModified":"2025-09-22T20:51:10+00:00","breadcrumb":{"@id":"https:\/\/tienda.brecha.com.uy\/index.php\/producto\/elogio-del-maracanazo\/#breadcrumb"},"inLanguage":"es","potentialAction":[{"@type":"ReadAction","target":["https:\/\/tienda.brecha.com.uy\/index.php\/producto\/elogio-del-maracanazo\/"]}]},{"@type":"ImageObject","inLanguage":"es","@id":"https:\/\/tienda.brecha.com.uy\/index.php\/producto\/elogio-del-maracanazo\/#primaryimage","url":"https:\/\/tienda.brecha.com.uy\/wp-content\/uploads\/2025\/07\/elogiodelmaracanazo.png","contentUrl":"https:\/\/tienda.brecha.com.uy\/wp-content\/uploads\/2025\/07\/elogiodelmaracanazo.png","width":600,"height":600},{"@type":"BreadcrumbList","@id":"https:\/\/tienda.brecha.com.uy\/index.php\/producto\/elogio-del-maracanazo\/#breadcrumb","itemListElement":[{"@type":"ListItem","position":1,"name":"Portada","item":"https:\/\/tienda.brecha.com.uy\/"},{"@type":"ListItem","position":2,"name":"Tienda","item":"https:\/\/tienda.brecha.com.uy\/index.php\/tienda\/"},{"@type":"ListItem","position":3,"name":"Elogio del Maracanazo"}]},{"@type":"WebSite","@id":"https:\/\/tienda.brecha.com.uy\/#website","url":"https:\/\/tienda.brecha.com.uy\/","name":"Tienda - Brecha","description":"","publisher":{"@id":"https:\/\/tienda.brecha.com.uy\/#organization"},"potentialAction":[{"@type":"SearchAction","target":{"@type":"EntryPoint","urlTemplate":"https:\/\/tienda.brecha.com.uy\/?s={search_term_string}"},"query-input":{"@type":"PropertyValueSpecification","valueRequired":true,"valueName":"search_term_string"}}],"inLanguage":"es"},{"@type":"Organization","@id":"https:\/\/tienda.brecha.com.uy\/#organization","name":"Tienda - Brecha","url":"https:\/\/tienda.brecha.com.uy\/","logo":{"@type":"ImageObject","inLanguage":"es","@id":"https:\/\/tienda.brecha.com.uy\/#\/schema\/logo\/image\/","url":"https:\/\/tienda.brecha.com.uy\/wp-content\/uploads\/2025\/09\/cropped-Brechatienda.png","contentUrl":"https:\/\/tienda.brecha.com.uy\/wp-content\/uploads\/2025\/09\/cropped-Brechatienda.png","width":240,"height":67,"caption":"Tienda - Brecha"},"image":{"@id":"https:\/\/tienda.brecha.com.uy\/#\/schema\/logo\/image\/"}}]}},"jetpack_sharing_enabled":true,"_links":{"self":[{"href":"https:\/\/tienda.brecha.com.uy\/index.php\/wp-json\/wp\/v2\/product\/99","targetHints":{"allow":["GET"]}}],"collection":[{"href":"https:\/\/tienda.brecha.com.uy\/index.php\/wp-json\/wp\/v2\/product"}],"about":[{"href":"https:\/\/tienda.brecha.com.uy\/index.php\/wp-json\/wp\/v2\/types\/product"}],"replies":[{"embeddable":true,"href":"https:\/\/tienda.brecha.com.uy\/index.php\/wp-json\/wp\/v2\/comments?post=99"}],"wp:featuredmedia":[{"embeddable":true,"href":"https:\/\/tienda.brecha.com.uy\/index.php\/wp-json\/wp\/v2\/media\/129"}],"wp:attachment":[{"href":"https:\/\/tienda.brecha.com.uy\/index.php\/wp-json\/wp\/v2\/media?parent=99"}],"wp:term":[{"taxonomy":"product_brand","embeddable":true,"href":"https:\/\/tienda.brecha.com.uy\/index.php\/wp-json\/wp\/v2\/product_brand?post=99"},{"taxonomy":"product_cat","embeddable":true,"href":"https:\/\/tienda.brecha.com.uy\/index.php\/wp-json\/wp\/v2\/product_cat?post=99"},{"taxonomy":"product_tag","embeddable":true,"href":"https:\/\/tienda.brecha.com.uy\/index.php\/wp-json\/wp\/v2\/product_tag?post=99"}],"curies":[{"name":"wp","href":"https:\/\/api.w.org\/{rel}","templated":true}]}}